{"id":244,"date":"2022-02-04T08:33:47","date_gmt":"2022-02-04T08:33:47","guid":{"rendered":"http:\/\/cultures.hautsbassins.bf\/?page_id=244"},"modified":"2024-06-28T16:21:30","modified_gmt":"2024-06-28T16:21:30","slug":"documentations-mediatheques","status":"publish","type":"page","link":"https:\/\/cultures.hautsbassins.bf\/index.php\/documentations-mediatheques\/","title":{"rendered":"Documents"},"content":{"rendered":"\n<div class=\"is-layout-flex wp-container-4 wp-block-columns\">\n<div class=\"is-layout-flow wp-block-column\">\n<figure class=\"wp-block-image size-large\"><a href=\"http:\/\/cultures.hautsbassins.bf\/wp-content\/uploads\/2022\/03\/PRD_HBS_2018_2022_Version-Finale.pdf\"><img decoding=\"async\" loading=\"lazy\" width=\"724\" height=\"1024\" src=\"http:\/\/cultures.hautsbassins.bf\/wp-content\/uploads\/2022\/03\/PRD-HBS-724x1024.png\" alt=\"\" class=\"wp-image-2777\" srcset=\"https:\/\/cultures.hautsbassins.bf\/wp-content\/uploads\/2022\/03\/PRD-HBS-724x1024.png 724w, https:\/\/cultures.hautsbassins.bf\/wp-content\/uploads\/2022\/03\/PRD-HBS-212x300.png 212w, https:\/\/cultures.hautsbassins.bf\/wp-content\/uploads\/2022\/03\/PRD-HBS-768x1087.png 768w, https:\/\/cultures.hautsbassins.bf\/wp-content\/uploads\/2022\/03\/PRD-HBS.png 826w\" sizes=\"(max-width: 724px) 100vw, 724px\" \/><\/a><figcaption class=\"wp-element-caption\"><a href=\"http:\/\/cultures.hautsbassins.bf\/wp-content\/uploads\/2022\/03\/PRD_HBS_2018_2022_Version-Finale.pdf\">Plan R\u00e9gional de D\u00e9veloppement\/HBS <\/a><\/figcaption><\/figure>\n<\/div>\n\n\n\n<div class=\"is-layout-flow wp-block-column\">\n<figure class=\"wp-block-image size-full\"><img decoding=\"async\" loading=\"lazy\" width=\"595\" height=\"830\" src=\"https:\/\/cultures.hautsbassins.bf\/wp-content\/uploads\/2024\/06\/CNVAC.jpg\" alt=\"\" class=\"wp-image-5371\" srcset=\"https:\/\/cultures.hautsbassins.bf\/wp-content\/uploads\/2024\/06\/CNVAC.jpg 595w, https:\/\/cultures.hautsbassins.bf\/wp-content\/uploads\/2024\/06\/CNVAC-215x300.jpg 215w\" sizes=\"(max-width: 595px) 100vw, 595px\" \/><figcaption class=\"wp-element-caption\"><a href=\"http:\/\/cultures.hautsbassins.bf\/wp-content\/uploads\/2022\/03\/SNVAC.pdf\" data-type=\"URL\" data-id=\"http:\/\/cultures.hautsbassins.bf\/wp-content\/uploads\/2022\/03\/SNVAC.pdf\">Strat\u00e9gie Nationale de Valorisation des Arts et de la Culture dans le Syst\u00e8me Educatif<\/a><\/figcaption><\/figure>\n<\/div>\n\n\n\n<div class=\"is-layout-flow wp-block-column\">\n<figure class=\"wp-block-image size-large\"><a href=\"http:\/\/cultures.hautsbassins.bf\/wp-content\/uploads\/2022\/03\/Strategie_regionale-du-tourisme-durable_des_Hauts-Bassins_Avril_2014.pd-f.pdf\"><img decoding=\"async\" loading=\"lazy\" width=\"724\" height=\"1024\" src=\"http:\/\/cultures.hautsbassins.bf\/wp-content\/uploads\/2022\/03\/Strategie_regionale-du-tourisme-durable_des_Hauts-Bassins_Avril_2014.pd-f-724x1024.png\" alt=\"\" class=\"wp-image-2786\" srcset=\"https:\/\/cultures.hautsbassins.bf\/wp-content\/uploads\/2022\/03\/Strategie_regionale-du-tourisme-durable_des_Hauts-Bassins_Avril_2014.pd-f-724x1024.png 724w, https:\/\/cultures.hautsbassins.bf\/wp-content\/uploads\/2022\/03\/Strategie_regionale-du-tourisme-durable_des_Hauts-Bassins_Avril_2014.pd-f-212x300.png 212w, https:\/\/cultures.hautsbassins.bf\/wp-content\/uploads\/2022\/03\/Strategie_regionale-du-tourisme-durable_des_Hauts-Bassins_Avril_2014.pd-f-768x1087.png 768w, https:\/\/cultures.hautsbassins.bf\/wp-content\/uploads\/2022\/03\/Strategie_regionale-du-tourisme-durable_des_Hauts-Bassins_Avril_2014.pd-f.png 826w\" sizes=\"(max-width: 724px) 100vw, 724px\" \/><\/a><figcaption class=\"wp-element-caption\"><a href=\"http:\/\/cultures.hautsbassins.bf\/wp-content\/uploads\/2022\/03\/Strategie_regionale-du-tourisme-durable_des_Hauts-Bassins_Avril_2014.pd-f.pdf\">Strat\u00e9gie R\u00e9gionale de D\u00e9veloppement du Tourisme Durable<\/a><\/figcaption><\/figure>\n<\/div>\n<\/div>\n\n\n\n<div class=\"is-layout-flex wp-container-8 wp-block-columns\">\n<div class=\"is-layout-flow wp-block-column\">\n<figure class=\"wp-block-image size-large is-resized\"><a href=\"http:\/\/cultures.hautsbassins.bf\/wp-content\/uploads\/2022\/03\/POLITIQUE-SECTORIELLE-CTSL-VF.pdf\"><img decoding=\"async\" loading=\"lazy\" src=\"http:\/\/cultures.hautsbassins.bf\/wp-content\/uploads\/2022\/03\/POLITIQUE-SECTORIELLE-CTSL-VF-791x1024.png\" alt=\"\" class=\"wp-image-2819\" width=\"179\" height=\"233\" srcset=\"https:\/\/cultures.hautsbassins.bf\/wp-content\/uploads\/2022\/03\/POLITIQUE-SECTORIELLE-CTSL-VF-791x1024.png 791w, https:\/\/cultures.hautsbassins.bf\/wp-content\/uploads\/2022\/03\/POLITIQUE-SECTORIELLE-CTSL-VF-768x994.png 768w, https:\/\/cultures.hautsbassins.bf\/wp-content\/uploads\/2022\/03\/POLITIQUE-SECTORIELLE-CTSL-VF.png 850w\" sizes=\"(max-width: 179px) 100vw, 179px\" \/><\/a><figcaption class=\"wp-element-caption\"><a href=\"http:\/\/cultures.hautsbassins.bf\/wp-content\/uploads\/2022\/03\/POLITIQUE-SECTORIELLE-CTSL-VF.pdf\">Politique Sectorielle <\/a><br><a href=\"http:\/\/cultures.hautsbassins.bf\/wp-content\/uploads\/2022\/03\/POLITIQUE-SECTORIELLE-CTSL-VF.pdf\">&#8220;Culture, Tourisme, Sports et Loisirs<\/a><a href=\"http:\/\/cultures.hautsbassins.bf\/wp-content\/uploads\/2022\/03\/POLITIQUE-SECTORIELLE-CTSL-VF.pdf\">&#8221; \/ BF<\/a><\/figcaption><\/figure>\n<\/div>\n\n\n\n<div class=\"is-layout-flow wp-block-column\">\n<figure class=\"wp-block-image size-large is-resized\"><a href=\"http:\/\/cultures.hautsbassins.bf\/wp-content\/uploads\/2022\/03\/SNCT-2018-2027-VF.pdf\"><img decoding=\"async\" loading=\"lazy\" src=\"http:\/\/cultures.hautsbassins.bf\/wp-content\/uploads\/2022\/03\/SNCT-2018-2027-VF-1-724x1024.png\" alt=\"\" class=\"wp-image-2826\" width=\"166\" height=\"234\" srcset=\"https:\/\/cultures.hautsbassins.bf\/wp-content\/uploads\/2022\/03\/SNCT-2018-2027-VF-1-724x1024.png 724w, https:\/\/cultures.hautsbassins.bf\/wp-content\/uploads\/2022\/03\/SNCT-2018-2027-VF-1-212x300.png 212w, https:\/\/cultures.hautsbassins.bf\/wp-content\/uploads\/2022\/03\/SNCT-2018-2027-VF-1-768x1087.png 768w, https:\/\/cultures.hautsbassins.bf\/wp-content\/uploads\/2022\/03\/SNCT-2018-2027-VF-1.png 826w\" sizes=\"(max-width: 166px) 100vw, 166px\" \/><\/a><figcaption class=\"wp-element-caption\"><a href=\"http:\/\/cultures.hautsbassins.bf\/wp-content\/uploads\/2022\/03\/SNCT-2018-2027-VF.pdf\">Strat\u00e9gie Nationale de la Culture et du Tourisme \/ BF<\/a><\/figcaption><\/figure>\n<\/div>\n\n\n\n<div class=\"is-layout-flow wp-block-column\">\n<figure class=\"wp-block-image size-large is-resized\"><a href=\"http:\/\/cultures.hautsbassins.bf\/wp-content\/uploads\/2022\/03\/SNDICC-Version-F.V.pdf\"><img decoding=\"async\" loading=\"lazy\" src=\"http:\/\/cultures.hautsbassins.bf\/wp-content\/uploads\/2022\/03\/SNDICC-Version-F.V-724x1024.png\" alt=\"\" class=\"wp-image-2838\" width=\"172\" height=\"243\" srcset=\"https:\/\/cultures.hautsbassins.bf\/wp-content\/uploads\/2022\/03\/SNDICC-Version-F.V-724x1024.png 724w, https:\/\/cultures.hautsbassins.bf\/wp-content\/uploads\/2022\/03\/SNDICC-Version-F.V-212x300.png 212w, https:\/\/cultures.hautsbassins.bf\/wp-content\/uploads\/2022\/03\/SNDICC-Version-F.V-768x1087.png 768w, https:\/\/cultures.hautsbassins.bf\/wp-content\/uploads\/2022\/03\/SNDICC-Version-F.V.png 826w\" sizes=\"(max-width: 172px) 100vw, 172px\" \/><\/a><figcaption class=\"wp-element-caption\"><a href=\"http:\/\/cultures.hautsbassins.bf\/wp-content\/uploads\/2022\/03\/SNDICC-Version-F.V.pdf\">Strat\u00e9gie Nationale de D\u00e9veloppement des Industries Culturelles et Cr\u00e9atives \/ BF<\/a><\/figcaption><\/figure>\n<\/div>\n<\/div>\n\n\n\n<div class=\"is-layout-flex wp-container-12 wp-block-columns\">\n<div class=\"is-layout-flow wp-block-column\">\n<figure class=\"wp-block-image size-large\"><img decoding=\"async\" loading=\"lazy\" width=\"786\" height=\"1024\" src=\"http:\/\/cultures.hautsbassins.bf\/wp-content\/uploads\/2022\/03\/REPENSER-LES-POLITIQUES-CULTURELLES-En-faveur-de-la-creativite-786x1024.png\" alt=\"\" class=\"wp-image-2853\" srcset=\"https:\/\/cultures.hautsbassins.bf\/wp-content\/uploads\/2022\/03\/REPENSER-LES-POLITIQUES-CULTURELLES-En-faveur-de-la-creativite-786x1024.png 786w, https:\/\/cultures.hautsbassins.bf\/wp-content\/uploads\/2022\/03\/REPENSER-LES-POLITIQUES-CULTURELLES-En-faveur-de-la-creativite-230x300.png 230w, https:\/\/cultures.hautsbassins.bf\/wp-content\/uploads\/2022\/03\/REPENSER-LES-POLITIQUES-CULTURELLES-En-faveur-de-la-creativite-768x1000.png 768w, https:\/\/cultures.hautsbassins.bf\/wp-content\/uploads\/2022\/03\/REPENSER-LES-POLITIQUES-CULTURELLES-En-faveur-de-la-creativite.png 846w\" sizes=\"(max-width: 786px) 100vw, 786px\" \/><figcaption class=\"wp-element-caption\"><a href=\"http:\/\/cultures.hautsbassins.bf\/wp-content\/uploads\/2022\/03\/REPENSER-LES-POLITIQUES-CULTURELLES-En-faveur-de-la-creativite.pdf\" data-type=\"URL\" data-id=\"http:\/\/cultures.hautsbassins.bf\/wp-content\/uploads\/2022\/03\/REPENSER-LES-POLITIQUES-CULTURELLES-En-faveur-de-la-creativite.pdf\">Repenser les Politiques en Faveur de la Cr\u00e9ativit\u00e9<\/a><\/figcaption><\/figure>\n<\/div>\n\n\n\n<div class=\"is-layout-flow wp-block-column\">\n<figure class=\"wp-block-image size-full\"><img decoding=\"async\" loading=\"lazy\" width=\"708\" height=\"905\" src=\"http:\/\/cultures.hautsbassins.bf\/wp-content\/uploads\/2022\/03\/la_culture_dans_les_odd.png\" alt=\"\" class=\"wp-image-2790\" srcset=\"https:\/\/cultures.hautsbassins.bf\/wp-content\/uploads\/2022\/03\/la_culture_dans_les_odd.png 708w, https:\/\/cultures.hautsbassins.bf\/wp-content\/uploads\/2022\/03\/la_culture_dans_les_odd-235x300.png 235w\" sizes=\"(max-width: 708px) 100vw, 708px\" \/><figcaption class=\"wp-element-caption\"><a href=\"http:\/\/cultures.hautsbassins.bf\/wp-content\/uploads\/2022\/03\/la_culture_dans_les_odd.png\" data-type=\"URL\" data-id=\"http:\/\/cultures.hautsbassins.bf\/wp-content\/uploads\/2022\/03\/la_culture_dans_les_odd.png\">La Culture dans les Objectifs de D\u00e9veloppement Durables <\/a><\/figcaption><\/figure>\n<\/div>\n\n\n\n<div class=\"is-layout-flow wp-block-column\">\n<figure class=\"wp-block-image size-large\"><img decoding=\"async\" loading=\"lazy\" width=\"724\" height=\"1024\" src=\"http:\/\/cultures.hautsbassins.bf\/wp-content\/uploads\/2022\/03\/Strategie_regionale-du-tourisme-durable_des_Hauts-Bassins_Avril_2014.pd-f-724x1024.png\" alt=\"\" class=\"wp-image-2786\" srcset=\"https:\/\/cultures.hautsbassins.bf\/wp-content\/uploads\/2022\/03\/Strategie_regionale-du-tourisme-durable_des_Hauts-Bassins_Avril_2014.pd-f-724x1024.png 724w, https:\/\/cultures.hautsbassins.bf\/wp-content\/uploads\/2022\/03\/Strategie_regionale-du-tourisme-durable_des_Hauts-Bassins_Avril_2014.pd-f-212x300.png 212w, https:\/\/cultures.hautsbassins.bf\/wp-content\/uploads\/2022\/03\/Strategie_regionale-du-tourisme-durable_des_Hauts-Bassins_Avril_2014.pd-f-768x1087.png 768w, https:\/\/cultures.hautsbassins.bf\/wp-content\/uploads\/2022\/03\/Strategie_regionale-du-tourisme-durable_des_Hauts-Bassins_Avril_2014.pd-f.png 826w\" sizes=\"(max-width: 724px) 100vw, 724px\" \/><figcaption class=\"wp-element-caption\"><a href=\"http:\/\/cultures.hautsbassins.bf\/wp-content\/uploads\/2022\/03\/Strategie_regionale-du-tourisme-durable_des_Hauts-Bassins_Avril_2014.pd-f.png\" data-type=\"URL\" data-id=\"http:\/\/cultures.hautsbassins.bf\/wp-content\/uploads\/2022\/03\/Strategie_regionale-du-tourisme-durable_des_Hauts-Bassins_Avril_2014.pd-f.png\">Strat\u00e9gie r\u00e9gionale de D\u00e9veloppement du Tourisme Durables <\/a><\/figcaption><\/figure>\n<\/div>\n<\/div>\n\n\n\n<div class=\"is-layout-flex wp-container-16 wp-block-columns\">\n<div class=\"is-layout-flow wp-block-column\">\n<figure class=\"wp-block-image size-full\"><img decoding=\"async\" loading=\"lazy\" width=\"569\" height=\"705\" src=\"https:\/\/cultures.hautsbassins.bf\/wp-content\/uploads\/2024\/06\/AGenda-cult.jpg\" alt=\"\" class=\"wp-image-5363\" srcset=\"https:\/\/cultures.hautsbassins.bf\/wp-content\/uploads\/2024\/06\/AGenda-cult.jpg 569w, https:\/\/cultures.hautsbassins.bf\/wp-content\/uploads\/2024\/06\/AGenda-cult-242x300.jpg 242w\" sizes=\"(max-width: 569px) 100vw, 569px\" \/><figcaption class=\"wp-element-caption\"><a href=\"http:\/\/cultures.hautsbassins.bf\/wp-content\/uploads\/2024\/06\/Document-de-capitalisation.pdf\" data-type=\"URL\" data-id=\"http:\/\/cultures.hautsbassins.bf\/wp-content\/uploads\/2024\/06\/Document-de-capitalisation.pdf\">Agenda Culturel 2024<\/a><\/figcaption><\/figure>\n<\/div>\n\n\n\n<div class=\"is-layout-flow wp-block-column\">\n<figure class=\"wp-block-image size-full\"><img decoding=\"async\" loading=\"lazy\" width=\"564\" height=\"653\" src=\"https:\/\/cultures.hautsbassins.bf\/wp-content\/uploads\/2024\/06\/Capture.jpg\" alt=\"\" class=\"wp-image-5361\" srcset=\"https:\/\/cultures.hautsbassins.bf\/wp-content\/uploads\/2024\/06\/Capture.jpg 564w, https:\/\/cultures.hautsbassins.bf\/wp-content\/uploads\/2024\/06\/Capture-259x300.jpg 259w\" sizes=\"(max-width: 564px) 100vw, 564px\" \/><figcaption class=\"wp-element-caption\"><a href=\"http:\/\/cultures.hautsbassins.bf\/wp-content\/uploads\/2024\/06\/Version-2023-AGENDA-ARD.pdf\" data-type=\"URL\" data-id=\"http:\/\/cultures.hautsbassins.bf\/wp-content\/uploads\/2024\/06\/Version-2023-AGENDA-ARD.pdf\">Agenda Culturel 2023<\/a><\/figcaption><\/figure>\n<\/div>\n\n\n\n<div class=\"is-layout-flow wp-block-column\">\n<figure class=\"wp-block-image size-full\"><img decoding=\"async\" loading=\"lazy\" width=\"603\" height=\"849\" src=\"https:\/\/cultures.hautsbassins.bf\/wp-content\/uploads\/2024\/06\/capitalisation.jpg\" alt=\"\" class=\"wp-image-5364\" srcset=\"https:\/\/cultures.hautsbassins.bf\/wp-content\/uploads\/2024\/06\/capitalisation.jpg 603w, https:\/\/cultures.hautsbassins.bf\/wp-content\/uploads\/2024\/06\/capitalisation-213x300.jpg 213w\" sizes=\"(max-width: 603px) 100vw, 603px\" \/><figcaption class=\"wp-element-caption\"><a href=\"http:\/\/cultures.hautsbassins.bf\/wp-content\/uploads\/2024\/06\/Document-de-capitalisation.pdf\" data-type=\"URL\" data-id=\"http:\/\/cultures.hautsbassins.bf\/wp-content\/uploads\/2024\/06\/Document-de-capitalisation.pdf\">Note de capitalisation de la d\u00e9centralisation culturelle  de la R\u00e9gion des Hauts-Bassins<\/a><\/figcaption><\/figure>\n<\/div>\n<\/div>\n\n\n\n<div class=\"is-layout-flex wp-container-20 wp-block-columns\">\n<div class=\"is-layout-flow wp-block-column\">\n<figure class=\"wp-block-image size-full\"><img decoding=\"async\" loading=\"lazy\" width=\"679\" height=\"847\" src=\"https:\/\/cultures.hautsbassins.bf\/wp-content\/uploads\/2024\/06\/PGC.jpg\" alt=\"\" class=\"wp-image-5365\" srcset=\"https:\/\/cultures.hautsbassins.bf\/wp-content\/uploads\/2024\/06\/PGC.jpg 679w, https:\/\/cultures.hautsbassins.bf\/wp-content\/uploads\/2024\/06\/PGC-240x300.jpg 240w\" sizes=\"(max-width: 679px) 100vw, 679px\" \/><figcaption class=\"wp-element-caption\"><a href=\"http:\/\/cultures.hautsbassins.bf\/wp-content\/uploads\/2024\/06\/bat-TOUPLAN-de-GESTION.pdf\" data-type=\"URL\" data-id=\"http:\/\/cultures.hautsbassins.bf\/wp-content\/uploads\/2024\/06\/bat-TOUPLAN-de-GESTION.pdf\">Plan de Gestion et de Conservation du Patrimoine Culturel<\/a><\/figcaption><\/figure>\n<\/div>\n\n\n\n<div class=\"is-layout-flow wp-block-column\">\n<figure class=\"wp-block-image size-full\"><img decoding=\"async\" loading=\"lazy\" width=\"678\" height=\"857\" src=\"https:\/\/cultures.hautsbassins.bf\/wp-content\/uploads\/2024\/06\/Profil-cult.jpg\" alt=\"\" class=\"wp-image-5366\" srcset=\"https:\/\/cultures.hautsbassins.bf\/wp-content\/uploads\/2024\/06\/Profil-cult.jpg 678w, https:\/\/cultures.hautsbassins.bf\/wp-content\/uploads\/2024\/06\/Profil-cult-237x300.jpg 237w\" sizes=\"(max-width: 678px) 100vw, 678px\" \/><figcaption class=\"wp-element-caption\"><a href=\"http:\/\/cultures.hautsbassins.bf\/wp-content\/uploads\/2024\/06\/2Profil-Culturel-HBS-Finale-BAT.pdf\" data-type=\"URL\" data-id=\"http:\/\/cultures.hautsbassins.bf\/wp-content\/uploads\/2024\/06\/2Profil-Culturel-HBS-Finale-BAT.pdf\">Profil Culturel <\/a><\/figcaption><\/figure>\n<\/div>\n\n\n\n<div class=\"is-layout-flow wp-block-column\">\n<figure class=\"wp-block-image size-full\"><img decoding=\"async\" loading=\"lazy\" width=\"605\" height=\"847\" src=\"https:\/\/cultures.hautsbassins.bf\/wp-content\/uploads\/2024\/06\/SRCE.jpg\" alt=\"\" class=\"wp-image-5367\" srcset=\"https:\/\/cultures.hautsbassins.bf\/wp-content\/uploads\/2024\/06\/SRCE.jpg 605w, https:\/\/cultures.hautsbassins.bf\/wp-content\/uploads\/2024\/06\/SRCE-214x300.jpg 214w\" sizes=\"(max-width: 605px) 100vw, 605px\" \/><figcaption class=\"wp-element-caption\"><a href=\"http:\/\/cultures.hautsbassins.bf\/wp-content\/uploads\/2024\/06\/22ok-STRATEGIE.pdf\" data-type=\"URL\" data-id=\"http:\/\/cultures.hautsbassins.bf\/wp-content\/uploads\/2024\/06\/22ok-STRATEGIE.pdf\">Strat\u00e9gie R\u00e9gionale de la Culture et de son Economie<\/a><\/figcaption><\/figure>\n<\/div>\n<\/div>\n","protected":false},"excerpt":{"rendered":"","protected":false},"author":1,"featured_media":0,"parent":0,"menu_order":0,"comment_status":"closed","ping_status":"closed","template":"","meta":[],"_links":{"self":[{"href":"https:\/\/cultures.hautsbassins.bf\/index.php\/wp-json\/wp\/v2\/pages\/244"}],"collection":[{"href":"https:\/\/cultures.hautsbassins.bf\/index.php\/wp-json\/wp\/v2\/pages"}],"about":[{"href":"https:\/\/cultures.hautsbassins.bf\/index.php\/wp-json\/wp\/v2\/types\/page"}],"author":[{"embeddable":true,"href":"https:\/\/cultures.hautsbassins.bf\/index.php\/wp-json\/wp\/v2\/users\/1"}],"replies":[{"embeddable":true,"href":"https:\/\/cultures.hautsbassins.bf\/index.php\/wp-json\/wp\/v2\/comments?post=244"}],"version-history":[{"count":283,"href":"https:\/\/cultures.hautsbassins.bf\/index.php\/wp-json\/wp\/v2\/pages\/244\/revisions"}],"predecessor-version":[{"id":5382,"href":"https:\/\/cultures.hautsbassins.bf\/index.php\/wp-json\/wp\/v2\/pages\/244\/revisions\/5382"}],"wp:attachment":[{"href":"https:\/\/cultures.hautsbassins.bf\/index.php\/wp-json\/wp\/v2\/media?parent=244"}],"curies":[{"name":"wp","href":"https:\/\/api.w.org\/{rel}","templated":true}]}}