{"id":2606,"date":"2022-03-21T12:01:45","date_gmt":"2022-03-21T12:01:45","guid":{"rendered":"http:\/\/cultures.hautsbassins.bf\/?page_id=2606"},"modified":"2023-02-21T12:30:20","modified_gmt":"2023-02-21T12:30:20","slug":"yaya-sanou","status":"publish","type":"page","link":"https:\/\/cultures.hautsbassins.bf\/index.php\/yaya-sanou\/","title":{"rendered":"YAYA SANOU"},"content":{"rendered":"\n<p>Danseur, chor\u00e9graphe et chanteur, SANOU Yaya est n\u00e9 en 1985 \u00e0 Bobo-Dioulasso. Il d\u00e9bute sa carri\u00e8re artistique en 1998 dans le groupe Turbo Star avec lequel il remporte plusieurs troph\u00e9es dans la comp\u00e9tition de danse urbaine \u00ab Top Vacances Culture \u00bb. Yaya SANOU int\u00e8gre la Compagnie DANKAN DU HOUET du chor\u00e9graphe burkinab\u00e8 Oumar DEME en 2001. Il remporte avec ladite compagnie le premier prix dans la cat\u00e9gorie cr\u00e9ation chor\u00e9graphique de 2004 \u00e0 2012 \u00e0 la SNC.&nbsp; Il participe \u00e9galement \u00e0 de nombreuses manifestations culturelles comme le Festival Culturel des Pays du Sahel en France en 2008 et 2012, aux 6\u00e8me et 8\u00e8me Jeux de la Francophonie au Liban et en C\u00f4te d\u2019Ivoire respectivement en 2009 et 2017, les spectacles d\u2019ouverture et de cl\u00f4ture du FESPACO ( 2011 et 2013), de IN Out dance Festival (2015), du Salon International du Tourisme et de l\u2019H\u00f4tellerie (SITHO), FARI FONI WATI (2019), Festival International de Ouagadougou (2020) et le concours l\u2019Afrique a un incroyable talent en 2016.<\/p>\n\n\n\n<p id=\"block-288202d7-9ac7-4898-adfc-bb43970958ce\">D\u00e9sign\u00e9 Enseignant certifi\u00e9 en danse en 2019 par l\u2019\u00e9cole des Sable du S\u00e9n\u00e9gal, Il a en outre b\u00e9n\u00e9fici\u00e9 de stages de formation en danse contemporaine et th\u00e9\u00e2tre aupr\u00e8s de chor\u00e9graphes et metteurs en sc\u00e8nes : du&nbsp; Burkina Faso (Salia SANOU, Seydou BORO, Serge Aim\u00e9 COULIBALY, Ir\u00e8neTASANBEDOU), des Etats Unis (Olivier et Esther TARPAGA), de la France (Jessica HENOU), de la Suisse (Nicol Seiler), etc.&nbsp; Dans le but de mettre son \u0153uvre au service de la soci\u00e9t\u00e9 et lutter contre les maux qui animent la culture, il encadre les enfants&nbsp; du CERMICOL en art de la danse (Centre de R\u00e9insertion des Mineurs en Confit avec la Loi) \u00e0 Koumi durant une ann\u00e9e de 2017 \u00e0 2018.&nbsp; Il forme \u00e9galement une \u00e9cole d\u00e9nomm\u00e9e \u00ab \u00ab Espoir \u00bb, association des parents des enfants en situation de d\u00e9ficience intellectuelle \u00e0 Bobo-Dioulasso pendant 04 ans de 2007 \u00e0 2011.<\/p>\n\n\n\n<p id=\"block-d98f9fbd-e0b3-458c-82de-714e00d4eb25\">Yaya SANOU commence \u00e0 encadrer les jeunes sourds en 2006 \u00e0 l\u2019institut des jeunes sourds du Faso. En effet, l\u2019\u00e9cole se trouvait dans le quartier du jeune chor\u00e9graphe devant laquelle il passait pour aller donner ses cours aux autres \u00e9coles.&nbsp; En tant que danseur, Yaya constate un vide dans cette \u00e9cole qui \u00e9tait le manque d\u2019\u00e9panouissement raison pour laquelle il d\u00e9cide de mettre son \u0153uvre au service de ces enfants en les apprenants \u00e0 danser au son de la musique. Au d\u00e9but il existait un probl\u00e8me de communication entre lui et ses danseurs puisque Yaya ne comprenait pas la langue des signes. Afin de faciliter&nbsp; la communication entre lui et ses danseurs il apprend la langue des signes \u00e0 travers eux et par la suite il suit deux s\u00e9ances cons\u00e9cutives de formation en langue des signes. A l\u2019issu de ces formations il d\u00e9veloppe une technique de danse sp\u00e9cifique aux personnes en situation de handicap auditif.<\/p>\n\n\n\n<p id=\"block-bf184aea-5d04-47d8-a0cf-b4fd2674a4d8\">Yaya SANOU cr\u00e9e une troupe de danse au sein de l\u2019institut des jeunes sourds d\u00e9nomm\u00e9&nbsp; la troupe JE SUIS L\u00c0 de l\u2019Institut des Jeunes Sourds du Faso. Troupe avec laquelle il occupe la troisi\u00e8me place lors de la SNC 2014 dans la cat\u00e9gorie pool jeune et remporte ainsi le prix de l\u2019Assembl\u00e9e Nationale du Burkina Faso. Par ailleurs, il remporte avec la troupe le premier prix lors des comp\u00e9titions inter \u00e9cole (PEMCEP) en 2016. Ensuite il&nbsp; devient demi-finaliste de la premi\u00e8re \u00e9dition de l\u2019\u00e9mission l\u2019Afrique \u00e0 un Incroyable talent \u00e0 Abidjan. Il participe \u00e0 l\u2019Art de l\u2019enseignement de la danse en 2018\/2019 \u00e0 l\u2019\u00e9cole des Sables.<\/p>\n\n\n\n<p id=\"block-e3bfa60e-544d-418c-863d-ea1bb27d2c45\">Dans le dessin d\u2019am\u00e9liorer &nbsp; les conditions de vie des personnes en situation du handicap qui m\u00e8nent une vie remplie de vide sans un cadre d\u2019\u00e9panouissement propre \u00e0 eux, il cr\u00e9e en 2016 l\u2019association Art au-del\u00e0 du Handicap avec sa compagnie FIENTAN qui fait de nombreuses prestations \u00e0 l\u2019int\u00e9rieur du pays et \u00e0 l\u2019\u00e9tranger . Il initie le projet NOUSSONDIA en 2018.&nbsp; NOUSSONDIA devient international \u00e0 la deuxi\u00e8me&nbsp; \u00e9dition en 2019 qui s\u2019est d\u00e9roul\u00e9e &nbsp;avec la participation des enfants venus du Mali. En&nbsp; 2019 il cr\u00e9e sa premi\u00e8re cr\u00e9ation de groupe en danse contemporaine avec les jeunes de la compagnie FIENTAN d\u00e9nomm\u00e9e \u00ab TAMACIEN-DON \u00bb qui sera repr\u00e9sent\u00e9&nbsp; en f\u00e9vrier 2020 au festival International de la Danse de Ouagadougou (FIDO) et au Festival In Out Danse \u00e0 Bobo-Dioulasso.<\/p>\n\n\n\n<p id=\"block-01c3b772-a743-4d26-85df-2cac5fb5133a\">En&nbsp; 2019 il cr\u00e9e \u00ab YIRRI-KORO \u00bb qui sera repr\u00e9sent\u00e9 le 20 novembre 2019 \u00e0 l\u2019espace ANKATA de Bobo-Dioulasso ; le 05 d\u00e9cembre 2020 \u00e0 l\u2019Institut fran\u00e7ais de Bobo-Dioulasso ; le 12 d\u00e9cembre 2020 au festival International \u00ab Dialogue de Corps \u00bb du CDC La-Termiti\u00e8re de Ouagadougou ; le 9 avril 2021 \u00e0 l\u2019Institut fran\u00e7ais de Saint Louis et le 10 avril 2021 au Festival Dalifort Danse \u00e0 Dakar. <\/p>\n\n\n\n<p id=\"block-01c3b772-a743-4d26-85df-2cac5fb5133a\"><a href=\"https:\/\/www.arthandicapbf.org\/yaya-sanou\">www.arthandicapbf.org<\/a><\/p>\n\n\n\n<p class=\"has-text-align-left\"><a href=\"https:\/\/www.facebook.com\/people\/Yaya-SANOU\/100088065854761\/?paipv=0&amp;eav=AfaGGMXAh7Q8qRJkLgufvi52OGvYKOyq60olHAZJz0AL8XihvJkaD9SODIaSPJA5-b8&amp;_rdr\">Facebook<\/a><\/p>\n","protected":false},"excerpt":{"rendered":"<p class=\"text-justify mb-2\" >Danseur, chor\u00e9graphe et chanteur, SANOU Yaya est n\u00e9 en 1985 \u00e0 Bobo-Dioulasso. Il d\u00e9bute sa carri\u00e8re artistique en 1998 dans le groupe Turbo Star avec lequel il remporte plusieurs troph\u00e9es dans la comp\u00e9tition de danse urbaine \u00ab Top Vacances Culture \u00bb. Yaya SANOU int\u00e8gre la [&hellip;]<\/p>\n","protected":false},"author":1,"featured_media":2433,"parent":0,"menu_order":0,"comment_status":"closed","ping_status":"closed","template":"","meta":[],"_links":{"self":[{"href":"https:\/\/cultures.hautsbassins.bf\/index.php\/wp-json\/wp\/v2\/pages\/2606"}],"collection":[{"href":"https:\/\/cultures.hautsbassins.bf\/index.php\/wp-json\/wp\/v2\/pages"}],"about":[{"href":"https:\/\/cultures.hautsbassins.bf\/index.php\/wp-json\/wp\/v2\/types\/page"}],"author":[{"embeddable":true,"href":"https:\/\/cultures.hautsbassins.bf\/index.php\/wp-json\/wp\/v2\/users\/1"}],"replies":[{"embeddable":true,"href":"https:\/\/cultures.hautsbassins.bf\/index.php\/wp-json\/wp\/v2\/comments?post=2606"}],"version-history":[{"count":6,"href":"https:\/\/cultures.hautsbassins.bf\/index.php\/wp-json\/wp\/v2\/pages\/2606\/revisions"}],"predecessor-version":[{"id":4743,"href":"https:\/\/cultures.hautsbassins.bf\/index.php\/wp-json\/wp\/v2\/pages\/2606\/revisions\/4743"}],"wp:featuredmedia":[{"embeddable":true,"href":"https:\/\/cultures.hautsbassins.bf\/index.php\/wp-json\/wp\/v2\/media\/2433"}],"wp:attachment":[{"href":"https:\/\/cultures.hautsbassins.bf\/index.php\/wp-json\/wp\/v2\/media?parent=2606"}],"curies":[{"name":"wp","href":"https:\/\/api.w.org\/{rel}","templated":true}]}}