{"id":2756,"date":"2022-03-22T11:14:45","date_gmt":"2022-03-22T11:14:45","guid":{"rendered":"http:\/\/cultures.hautsbassins.bf\/?page_id=2756"},"modified":"2023-08-09T21:41:18","modified_gmt":"2023-08-09T21:41:18","slug":"route-des-masques","status":"publish","type":"page","link":"https:\/\/cultures.hautsbassins.bf\/index.php\/route-des-masques\/","title":{"rendered":"Route des masques"},"content":{"rendered":"\n<p><strong>La route des masques\u00a0:<\/strong> Boni, Dossi, Hound\u00e9, Dohoun, Wakuy, B\u00e9r\u00e9ba, Sara, B\u00e9kuy, Walyi, Kot\u00e9dougou,\u00a0 Bobo-Dioulasso (10 villages dans la ville. Ce sont en r\u00e9alit\u00e9 des quartiers qui ont conserv\u00e9 leurs traditions), Bama, Fo, Dand\u00e9, Orodara, Kangala, Kayan\u2026<\/p>\n\n\n\n<figure class=\"wp-block-image size-large\"><a href=\"https:\/\/umap.openstreetmap.fr\/fr\/map\/route-des-masques_900177#9\/11.4383\/-4.2188\"><img decoding=\"async\" loading=\"lazy\" width=\"1024\" height=\"724\" src=\"https:\/\/cultures.hautsbassins.bf\/wp-content\/uploads\/2023\/08\/ROUTE-DES-MASQUES_MURALE-VF-19062023-1024x724.jpg\" alt=\"\" class=\"wp-image-5101\" srcset=\"https:\/\/cultures.hautsbassins.bf\/wp-content\/uploads\/2023\/08\/ROUTE-DES-MASQUES_MURALE-VF-19062023-1024x724.jpg 1024w, https:\/\/cultures.hautsbassins.bf\/wp-content\/uploads\/2023\/08\/ROUTE-DES-MASQUES_MURALE-VF-19062023-300x212.jpg 300w, https:\/\/cultures.hautsbassins.bf\/wp-content\/uploads\/2023\/08\/ROUTE-DES-MASQUES_MURALE-VF-19062023-768x543.jpg 768w, https:\/\/cultures.hautsbassins.bf\/wp-content\/uploads\/2023\/08\/ROUTE-DES-MASQUES_MURALE-VF-19062023-1536x1087.jpg 1536w, https:\/\/cultures.hautsbassins.bf\/wp-content\/uploads\/2023\/08\/ROUTE-DES-MASQUES_MURALE-VF-19062023-2048x1449.jpg 2048w\" sizes=\"(max-width: 1024px) 100vw, 1024px\" \/><\/a><figcaption class=\"wp-element-caption\"><strong>ROUTE DES MASQUES<\/strong><\/figcaption><\/figure>\n","protected":false},"excerpt":{"rendered":"<p class=\"text-justify mb-2\" >La route des masques\u00a0: Boni, Dossi, Hound\u00e9, Dohoun, Wakuy, B\u00e9r\u00e9ba, Sara, B\u00e9kuy, Walyi, Kot\u00e9dougou,\u00a0 Bobo-Dioulasso (10 villages dans la ville. Ce sont en r\u00e9alit\u00e9 des quartiers qui ont conserv\u00e9 leurs traditions), Bama, Fo, Dand\u00e9, Orodara, Kangala, Kayan\u2026<\/p>\n","protected":false},"author":1,"featured_media":0,"parent":0,"menu_order":0,"comment_status":"closed","ping_status":"closed","template":"","meta":[],"_links":{"self":[{"href":"https:\/\/cultures.hautsbassins.bf\/index.php\/wp-json\/wp\/v2\/pages\/2756"}],"collection":[{"href":"https:\/\/cultures.hautsbassins.bf\/index.php\/wp-json\/wp\/v2\/pages"}],"about":[{"href":"https:\/\/cultures.hautsbassins.bf\/index.php\/wp-json\/wp\/v2\/types\/page"}],"author":[{"embeddable":true,"href":"https:\/\/cultures.hautsbassins.bf\/index.php\/wp-json\/wp\/v2\/users\/1"}],"replies":[{"embeddable":true,"href":"https:\/\/cultures.hautsbassins.bf\/index.php\/wp-json\/wp\/v2\/comments?post=2756"}],"version-history":[{"count":4,"href":"https:\/\/cultures.hautsbassins.bf\/index.php\/wp-json\/wp\/v2\/pages\/2756\/revisions"}],"predecessor-version":[{"id":5103,"href":"https:\/\/cultures.hautsbassins.bf\/index.php\/wp-json\/wp\/v2\/pages\/2756\/revisions\/5103"}],"wp:attachment":[{"href":"https:\/\/cultures.hautsbassins.bf\/index.php\/wp-json\/wp\/v2\/media?parent=2756"}],"curies":[{"name":"wp","href":"https:\/\/api.w.org\/{rel}","templated":true}]}}