{"id":2771,"date":"2022-03-22T12:06:57","date_gmt":"2022-03-22T12:06:57","guid":{"rendered":"http:\/\/cultures.hautsbassins.bf\/?page_id=2771"},"modified":"2024-06-28T16:51:30","modified_gmt":"2024-06-28T16:51:30","slug":"mediatheques","status":"publish","type":"page","link":"https:\/\/cultures.hautsbassins.bf\/index.php\/mediatheques\/","title":{"rendered":"M\u00e9diath\u00e8ques"},"content":{"rendered":"\n<h2 class=\"has-text-align-center\">VIDEOS<\/h2>\n\n\n\n<div class=\"is-layout-flex wp-container-4 wp-block-columns\">\n<div class=\"is-layout-flow wp-block-column\">\n<figure class=\"wp-block-video\"><video controls src=\"http:\/\/cultures.hautsbassins.bf\/wp-content\/uploads\/2023\/02\/Focus-2-SIAO-23-.mp4\"><\/video><figcaption class=\"wp-element-caption\">Entretien avec la teinturi\u00e8re DOMODO Martine dans son stand au SIAO 2023<\/figcaption><\/figure>\n<\/div>\n\n\n\n<div class=\"is-layout-flow wp-block-column\">\n<figure class=\"wp-block-video\"><video controls src=\"http:\/\/cultures.hautsbassins.bf\/wp-content\/uploads\/2023\/02\/Focus-3-SIAO-23-.mp4\"><\/video><figcaption class=\"wp-element-caption\">Entretien avec le couturier Alphonse HIEN dans son stand au SIAO 2023<\/figcaption><\/figure>\n<\/div>\n\n\n\n<div class=\"is-layout-flow wp-block-column\">\n<figure class=\"wp-block-video\"><video controls src=\"http:\/\/cultures.hautsbassins.bf\/wp-content\/uploads\/2023\/02\/Focus-1-SIAO-23-.mp4\"><\/video><figcaption class=\"wp-element-caption\">Entretien avec le sculpteur Abdoulaye KIENOU dans son stand au SIAO 2023<\/figcaption><\/figure>\n<\/div>\n<\/div>\n\n\n\n<div class=\"is-layout-flex wp-container-8 wp-block-columns\">\n<div class=\"is-layout-flow wp-block-column\">\n<figure class=\"wp-block-video\"><video controls src=\"http:\/\/cultures.hautsbassins.bf\/wp-content\/uploads\/2023\/02\/VID-20230206-WA0107-3.mp4\"><\/video><figcaption class=\"wp-element-caption\">Entretien avec  le sculpteur Hama KASSOUGUE dans son stand au SIAO 2023<\/figcaption><\/figure>\n<\/div>\n\n\n\n<div class=\"is-layout-flow wp-block-column\">\n<figure class=\"wp-block-video\"><video controls src=\"http:\/\/cultures.hautsbassins.bf\/wp-content\/uploads\/2023\/02\/VID-20230206-WA0106.mp4\"><\/video><figcaption class=\"wp-element-caption\">Entretien avec  le vannier Amidou NIKIEMA dans son stand au SIAO 2023<\/figcaption><\/figure>\n<\/div>\n\n\n\n<div class=\"is-layout-flow wp-block-column\">\n<figure class=\"wp-block-video\"><video controls src=\"http:\/\/cultures.hautsbassins.bf\/wp-content\/uploads\/2023\/02\/VID-20230206-WA0105.mp4\"><\/video><figcaption class=\"wp-element-caption\">Entretien avec  la tisseuse OUEDRAOGO\/SANOU Alice  dans son stand au SIAO 2023<\/figcaption><\/figure>\n<\/div>\n<\/div>\n\n\n\n<div class=\"is-layout-flex wp-container-12 wp-block-columns\">\n<div class=\"is-layout-flow wp-block-column\">\n<figure class=\"wp-block-video\"><video controls src=\"blob:https:\/\/cultures.hautsbassins.bf\/d2d2f49c-329d-4d97-aec0-9198dd22b17d\"><\/video><figcaption class=\"wp-element-caption\">Mise en route du cadre institutionnel de la d\u00e9centralisation culturelle dans la R\u00e9gion des Hauts-Bassins<\/figcaption><\/figure>\n<\/div>\n\n\n\n<div class=\"is-layout-flow wp-block-column\">\n<figure class=\"wp-block-video\"><video controls src=\"blob:https:\/\/cultures.hautsbassins.bf\/be1564e6-ab37-410a-be1f-705a84469a5e\"><\/video><figcaption class=\"wp-element-caption\">Actions du PAIC GC dans l&#8217;am\u00e9lioration de la visibilit\u00e9 de la R\u00e9gion des Hauts-Bassins<\/figcaption><\/figure>\n<\/div>\n\n\n\n<div class=\"is-layout-flow wp-block-column\">\n<figure class=\"wp-block-video\"><video controls src=\"blob:https:\/\/cultures.hautsbassins.bf\/b6d1b50e-b5e3-4863-bc26-4479cf8b86f1\"><\/video><figcaption class=\"wp-element-caption\">Actions du PAIC GC dans le renforcement des capacit\u00e9s des acteurs culturels de la R\u00e9gion des Hauts-Bassins<\/figcaption><\/figure>\n<\/div>\n<\/div>\n\n\n\n<div class=\"is-layout-flex wp-container-16 wp-block-columns\">\n<div class=\"is-layout-flow wp-block-column\">\n<figure class=\"wp-block-video\"><video controls src=\"blob:https:\/\/cultures.hautsbassins.bf\/5b977631-ebd8-400d-87c7-aa37587cbc79\"><\/video><figcaption class=\"wp-element-caption\">Actions de soutien du PAIC GC aux acteurs dans la production et la diffusion des biens et services culturels<\/figcaption><\/figure>\n<\/div>\n\n\n\n<div class=\"is-layout-flow wp-block-column\"><\/div>\n\n\n\n<div class=\"is-layout-flow wp-block-column\"><\/div>\n<\/div>\n\n\n\n<h2 class=\"has-text-align-center\"><strong>AUDIOS<\/strong><\/h2>\n\n\n\n<div class=\"is-layout-flex wp-container-21 wp-block-columns\">\n<div class=\"is-layout-flow wp-block-column\">\n<figure class=\"wp-block-audio\"><audio controls src=\"http:\/\/cultures.hautsbassins.bf\/wp-content\/uploads\/2022\/03\/abz_ft_daphne_ololiyo_official_video_mp3_39348.mp3\"><\/audio><figcaption class=\"wp-element-caption\">SON 1<\/figcaption><\/figure>\n<\/div>\n\n\n\n<div class=\"is-layout-flow wp-block-column\">\n<figure class=\"wp-block-audio\"><audio controls src=\"http:\/\/cultures.hautsbassins.bf\/wp-content\/uploads\/2022\/03\/barack_la_voix_d_39_or_ce_soir_c_39_est_week_end_clip_officiel_mp3_19055.mp3\"><\/audio><figcaption class=\"wp-element-caption\">SON 2<\/figcaption><\/figure>\n\n\n\n<p><\/p>\n<\/div>\n\n\n\n<div class=\"is-layout-flow wp-block-column\"><\/div>\n\n\n\n<div class=\"is-layout-flow wp-block-column\">\n<figure class=\"wp-block-audio\"><audio controls src=\"blob:http:\/\/cultures.hautsbassins.bf\/0742f53f-38ea-4939-8ed7-12b7b4347559\"><\/audio><figcaption class=\"wp-element-caption\">SON 3<\/figcaption><\/figure>\n<\/div>\n<\/div>\n","protected":false},"excerpt":{"rendered":"<p class=\"text-justify mb-2\" >VIDEOS AUDIOS<\/p>\n","protected":false},"author":1,"featured_media":0,"parent":0,"menu_order":0,"comment_status":"closed","ping_status":"closed","template":"","meta":[],"_links":{"self":[{"href":"https:\/\/cultures.hautsbassins.bf\/index.php\/wp-json\/wp\/v2\/pages\/2771"}],"collection":[{"href":"https:\/\/cultures.hautsbassins.bf\/index.php\/wp-json\/wp\/v2\/pages"}],"about":[{"href":"https:\/\/cultures.hautsbassins.bf\/index.php\/wp-json\/wp\/v2\/types\/page"}],"author":[{"embeddable":true,"href":"https:\/\/cultures.hautsbassins.bf\/index.php\/wp-json\/wp\/v2\/users\/1"}],"replies":[{"embeddable":true,"href":"https:\/\/cultures.hautsbassins.bf\/index.php\/wp-json\/wp\/v2\/comments?post=2771"}],"version-history":[{"count":19,"href":"https:\/\/cultures.hautsbassins.bf\/index.php\/wp-json\/wp\/v2\/pages\/2771\/revisions"}],"predecessor-version":[{"id":5377,"href":"https:\/\/cultures.hautsbassins.bf\/index.php\/wp-json\/wp\/v2\/pages\/2771\/revisions\/5377"}],"wp:attachment":[{"href":"https:\/\/cultures.hautsbassins.bf\/index.php\/wp-json\/wp\/v2\/media?parent=2771"}],"curies":[{"name":"wp","href":"https:\/\/api.w.org\/{rel}","templated":true}]}}