{"id":2861,"date":"2022-03-25T15:34:44","date_gmt":"2022-03-25T15:34:44","guid":{"rendered":"http:\/\/cultures.hautsbassins.bf\/?page_id=2861"},"modified":"2023-02-13T10:37:18","modified_gmt":"2023-02-13T10:37:18","slug":"la-filiere-de-la-musique-et-des-arts-du-spectacle","status":"publish","type":"page","link":"https:\/\/cultures.hautsbassins.bf\/index.php\/la-filiere-de-la-musique-et-des-arts-du-spectacle\/","title":{"rendered":"MUSIQUE ET ARTS DU SPECTACLE"},"content":{"rendered":"\n<figure class=\"wp-block-image size-full\"><img decoding=\"async\" loading=\"lazy\" width=\"696\" height=\"338\" src=\"http:\/\/cultures.hautsbassins.bf\/wp-content\/uploads\/2023\/02\/orchestre2.webp\" alt=\"\" class=\"wp-image-4339\" srcset=\"https:\/\/cultures.hautsbassins.bf\/wp-content\/uploads\/2023\/02\/orchestre2.webp 696w, https:\/\/cultures.hautsbassins.bf\/wp-content\/uploads\/2023\/02\/orchestre2-300x146.webp 300w\" sizes=\"(max-width: 696px) 100vw, 696px\" \/><figcaption class=\"wp-element-caption\"><em>&nbsp;Bobo Orchestra<\/em> compos\u00e9s de membre d&#8217;anciens groupes depuis les ann\u00e9es 1960  <\/figcaption><\/figure>\n\n\n\n<p>La r\u00e9gion des Hauts-Bassins pr\u00e9sente un paysage mosa\u00efque dans le domaine de la musique \u00e0 travers une production discographique dans diff\u00e9rents genres musicaux \u00e0 savoir la musique moderne, traditionnelle, urbaine et religieuse. Bobo-Dioulasso, la capitale r\u00e9gionale, est le berceau de la musique moderne du Burkina Faso. C\u2019est l\u00e0 qu\u2019est n\u00e9 le premier orchestre moderne du pays, issu de la colonisation. Depuis la fin des ann\u00e9es 1940 jusqu\u2019\u00e0 nos jours, des orchestres comme \u00ab&nbsp;Volta Jazz&nbsp;\u00bb, \u00ab&nbsp;Dafra Star&nbsp;\u00bb et plus r\u00e9cemment le \u00ab&nbsp;Groupe Taleard&nbsp;\u00bb et \u00ab&nbsp;Jazz Stagiaire&nbsp;\u00bb animent la sc\u00e8ne musicale. Mais \u00e0 l\u2019instar des autres secteurs d\u2019activit\u00e9s, la musique a aussi subi le marasme \u00e9conomique qui a frapp\u00e9 Bobo au d\u00e9but des ann\u00e9es 1990. Fort heureusement, depuis quelques ann\u00e9es, la fili\u00e8re musique dans la r\u00e9gion connait un regain d\u2019int\u00e9r\u00eat avec l\u2019\u00e9mergence de nombreux jeunes artistes pratiquant diverses tendances musicales.<\/p>\n\n\n\n<figure class=\"wp-block-image size-full is-resized\"><img decoding=\"async\" loading=\"lazy\" src=\"http:\/\/cultures.hautsbassins.bf\/wp-content\/uploads\/2023\/02\/diabate-mandjou.png\" alt=\"\" class=\"wp-image-3995\" width=\"716\" height=\"405\" srcset=\"https:\/\/cultures.hautsbassins.bf\/wp-content\/uploads\/2023\/02\/diabate-mandjou.png 716w, https:\/\/cultures.hautsbassins.bf\/wp-content\/uploads\/2023\/02\/diabate-mandjou-300x170.png 300w\" sizes=\"(max-width: 716px) 100vw, 716px\" \/><figcaption class=\"wp-element-caption\"><a href=\"http:\/\/cultures.hautsbassins.bf\/index.php\/2022\/07\/18\/diabate-mandjou\/\" data-type=\"URL\" data-id=\"http:\/\/cultures.hautsbassins.bf\/index.php\/2022\/07\/18\/diabate-mandjou\/\">La Troupe artistique de DIABATE Mandjou<\/a><\/figcaption><\/figure>\n\n\n\n\n\n<p>La r\u00e9gion des Hauts-Bassins a enregistr\u00e9 plus d\u2019une dizaine de sorties discographiques en 2019. Quarante-huit (48) artistes se sont inscrits au Bureau burkinab\u00e8 du Droit d\u2019Auteur (BBDA), en 2020, deux cent soixante-neuf (269) et en 2021 (12) artistes (<em>Bureau Burkinab\u00e8 des Droits d\u2019Auteur, Direction r\u00e9gionale des Hauts-Bassins le 24\/05\/2021<\/em>). Il y a \u00e9galement quelques festivals de musique comme le Festival Badara, le Festival Bolo\u2019Art et le Festival Bobo f\u00eate la musique \u00e0 Bobo-Dioulasso.<\/p>\n\n\n\n<p>Concernant la musique dite traditionnelle, elle est pratiqu\u00e9e par de nombreuses troupes aussi bien en milieu urbain qu\u2019en milieu rural. La r\u00e9gion abrite de nombreux musiciens issus de familles griottes. Ces groupes socioculturels endogamiques ont des pratiques musicales multis\u00e9culaires. Ils sont fabricants et r\u00e9parateurs d\u2019instruments de musique. Certains parmi eux se sont install\u00e9s \u00e0 Bobo-Dioulasso \u00e0 la faveur de l\u2019urbanisation. Ils animaient les cabarets, principaux lieux de divertissement dans les ann\u00e9es 1950. <\/p>\n\n\n\n<figure class=\"wp-block-image size-full\"><img decoding=\"async\" loading=\"lazy\" width=\"780\" height=\"470\" src=\"http:\/\/cultures.hautsbassins.bf\/wp-content\/uploads\/2023\/02\/bolmakote.webp\" alt=\"\" class=\"wp-image-4342\" srcset=\"https:\/\/cultures.hautsbassins.bf\/wp-content\/uploads\/2023\/02\/bolmakote.webp 780w, https:\/\/cultures.hautsbassins.bf\/wp-content\/uploads\/2023\/02\/bolmakote-300x181.webp 300w, https:\/\/cultures.hautsbassins.bf\/wp-content\/uploads\/2023\/02\/bolmakote-768x463.webp 768w\" sizes=\"(max-width: 780px) 100vw, 780px\" \/><figcaption class=\"wp-element-caption\">Ensemble artistique de Bolmakot\u00e9<\/figcaption><\/figure>\n\n\n\n<p>Avec les instruments d\u2019origines diverses, des artistes ont pu faire une fusion pour cr\u00e9er une musique qui a permis \u00e0 de nombreuses troupes bobolaises d\u2019aller \u00e0 la conqu\u00eate du monde. On peut citer entre autres Koul\u00e9dafourou de Drissa Sanou, Farafina de Mama Konat\u00e9, la Troupe Djiguya, Les Fr\u00e8res Coulibaly, Harouna Demb\u00e9l\u00e9 etc. Cette musique qui n\u2019est plus jou\u00e9e exclusivement par des griots, continue d\u2019\u00eatre appel\u00e9e \u00ab&nbsp;musique traditionnelle&nbsp;\u00bb bien qu\u2019elle soit n\u00e9e en milieu urbain et ouverte \u00e0 tout nouvel apport.<\/p>\n\n\n\n<p>En milieu rural o\u00f9 elle est toujours l\u2019apanage des griots, les troupes animent de nombreuses c\u00e9r\u00e9monies (mariages, fun\u00e9railles, bapt\u00eames,\u2026), accompagnent les travaux champ\u00eatres, etc. et certaines arrivent \u00e0 vivre dignement de leurs activit\u00e9s musicales au niveau local. D\u2019autres tournent sur des sc\u00e8nes tant au niveau national qu\u2019international.<\/p>\n\n\n\n<p><strong>Infrastructures lieux de diffusion<\/strong><\/p>\n\n\n\n<p>De fa\u00e7on g\u00e9n\u00e9rale, les acteurs de la fili\u00e8re musique souffrent du manque d\u2019infrastructures adapt\u00e9es pour la cr\u00e9ation et la diffusion de leurs \u0153uvres. La situation est aggrav\u00e9e par un d\u00e9s\u00e9quilibre entre Bobo-Dioulasso et le reste du territoire. Ce m\u00eame d\u00e9s\u00e9quilibre se ressent entre le milieu urbain et celui rural.<\/p>\n\n\n\n<p>Il existe quelques cabarets dont des lieux embl\u00e9matiques comme Le Bois d\u2019Eb\u00e8ne, Les Bambous, Le Toguna o\u00f9 les m\u00e9lomanes se retrouvent pour \u00e9couter et danser aux rythmes de la musique live. Ces lieux qui arrivent \u00e0 \u00e9tablir et ex\u00e9cuter des programmations mensuelles sont essentiellement concentr\u00e9s dans la ville de Bobo-Dioulasso. Cependant, un besoin de mise aux normes de bon nombre de ces lieux afin d\u2019am\u00e9liorer les conditions de travail des artistes et la satisfaction des m\u00e9lomanes.<\/p>\n\n\n\n<figure class=\"wp-block-image size-large is-resized\"><img decoding=\"async\" loading=\"lazy\" src=\"http:\/\/cultures.hautsbassins.bf\/wp-content\/uploads\/2022\/07\/IMG_4444-1024x683.jpg\" alt=\"\" class=\"wp-image-3391\" width=\"659\" height=\"439\" srcset=\"https:\/\/cultures.hautsbassins.bf\/wp-content\/uploads\/2022\/07\/IMG_4444-1024x683.jpg 1024w, https:\/\/cultures.hautsbassins.bf\/wp-content\/uploads\/2022\/07\/IMG_4444-300x200.jpg 300w, https:\/\/cultures.hautsbassins.bf\/wp-content\/uploads\/2022\/07\/IMG_4444-768x512.jpg 768w, https:\/\/cultures.hautsbassins.bf\/wp-content\/uploads\/2022\/07\/IMG_4444-1536x1024.jpg 1536w, https:\/\/cultures.hautsbassins.bf\/wp-content\/uploads\/2022\/07\/IMG_4444-2048x1365.jpg 2048w, https:\/\/cultures.hautsbassins.bf\/wp-content\/uploads\/2022\/07\/IMG_4444-650x434.jpg 650w, https:\/\/cultures.hautsbassins.bf\/wp-content\/uploads\/2022\/07\/IMG_4444-730x487.jpg 730w, https:\/\/cultures.hautsbassins.bf\/wp-content\/uploads\/2022\/07\/IMG_4444-112x75.jpg 112w, https:\/\/cultures.hautsbassins.bf\/wp-content\/uploads\/2022\/07\/IMG_4444-425x283.jpg 425w, https:\/\/cultures.hautsbassins.bf\/wp-content\/uploads\/2022\/07\/IMG_4444-430x287.jpg 430w\" sizes=\"(max-width: 659px) 100vw, 659px\" \/><figcaption class=\"wp-element-caption\"><a href=\"http:\/\/cultures.hautsbassins.bf\/index.php\/2022\/07\/12\/centre-siraba\/\" data-type=\"URL\" data-id=\"http:\/\/cultures.hautsbassins.bf\/index.php\/2022\/07\/12\/centre-siraba\/\">Centre culturel SIRABA<\/a><\/figcaption><\/figure>\n\n\n\n<p><\/p>\n\n\n\n<p><\/p>\n\n\n\n\n\n<p>Quelques salles de spectacle permettent aux organisateurs de spectacles de mener leurs activit\u00e9s avec un minimum de commodit\u00e9s dans des conditions de s\u00e9curit\u00e9s acceptables. On peut citer pour Bobo-Dioulasso Le Th\u00e9\u00e2tre de l\u2019Amiti\u00e9, la Maison de la Culture, la Maison des Jeunes et de la Culture, l\u2019Institut Fran\u00e7ais. Dans les provinces il y a le Centre Populaire de Loisirs (CPL) de Hound\u00e9, La salle de Cin\u00e9 de Orodara, la Maison des Jeunes et de la Culture de Orodara, la Maison des Jeunes de Di\u00e9ri, la Maison des Jeunes de Sindo entre autres qui sont mises \u00e0 contribution pour la promotion et la diffusion de la musique.<\/p>\n\n\n\n<p><strong>Les studios d\u2019enregistrement<\/strong><\/p>\n\n\n\n<p>La d\u00e9mat\u00e9rialisation des supports de musique a beaucoup affect\u00e9 l\u2019\u00e9conomie de la musique dans la r\u00e9gion. Auparavant les artistes arrivaient \u00e0 vendre des cassettes. L\u2019arriv\u00e9e du CD a \u00e9t\u00e9 un premier choc parce que les appareils dot\u00e9s d\u2019un lecteur de CD n\u2019\u00e9taient pas accessibles au grand nombre \u00e0 cause de leur co\u00fbt \u00e9lev\u00e9s. Aujourd\u2019hui, avec l\u2019explosion du march\u00e9 du Smartphone, la vente de CD a chut\u00e9. Malgr\u00e9 toute la sc\u00e8ne musicale garde un certain dynamisme. Des studios tels Sindy International, Studio Hanou, Studio Yirikichana, Oc\u00e9anne Production, Studio Jemina et Blessing record sont enregistr\u00e9s au BBDA et continuent de travailler dans la ville de Bobo-Dioulasso.<\/p>\n\n\n\n<p>Des formations \u00e0 l\u2019usage du num\u00e9rique dans la cr\u00e9ation et la promotion des \u0153uvres peut \u00eatre d\u2019un grand apport pour les artistes, les producteurs, les techniciens et les managers d\u2019artistes.<\/p>\n\n\n\n<p><strong>La production musicale (musique enregistr\u00e9e, maison de production)<\/strong><\/p>\n\n\n\n<p>Au premier semestre de l\u2019ann\u00e9e 2021, on d\u00e9nombre, pour ce qui concerne la production musicale, six (06) producteurs d\u00e9clar\u00e9s \u00e0 la direction r\u00e9gionale du BBDA \u00e0 Bobo-Dioulasso. La plupart de ces acteurs recens\u00e9s, en plus de la production musicale disposent de studio d\u2019enregistrement et font de la production de vid\u00e9oclips.<\/p>\n\n\n\n<p>Il faut cependant noter que la r\u00e9gion manque cruellement de comp\u00e9tences en management d\u2019artistes et groupe musicaux. N\u2019ayant pas de connaissances en montage de dossier, de fiche technique et\/ou plan de sc\u00e8ne, etc., de nombreux artistes et groupes se voient filer de nombreuses opportunit\u00e9s entre les doigts.&nbsp;<\/p>\n\n\n\n<p><strong>La production de spectacles<\/strong><\/p>\n\n\n\n<p>Le mythe qui voudrait que toute musique adoub\u00e9e par le public bobolais connaisse un succ\u00e8s mondial n\u2019a pas totalement disparu. Il permet \u00e0 des structures de production bas\u00e9es \u00e0 Bobo comme Silure production, Lam management et 2KProd de programmer quelques grosses pointures de la musique sous r\u00e9gionale et internationale. Ces occasions sont des moments privil\u00e9gi\u00e9s pour programmer les jeunes de la sc\u00e8ne bobolaise en lever de rideau.<\/p>\n\n\n\n<p><strong>Concours<\/strong><\/p>\n\n\n\n<p>Il existe une c\u00e9r\u00e9monie annuelle de remise de troph\u00e9es aux acteurs de la fili\u00e8re musicale qui se seraient distingu\u00e9s dans leur domaine. Cette c\u00e9r\u00e9monie d\u00e9nomm\u00e9e \u00ab&nbsp;Bobo Lolo&nbsp;\u00bb commence \u00e0 \u00eatre accept\u00e9e et reconnue par les acteurs.<\/p>\n\n\n\n<p>Le Bois d\u2019Eb\u00e8ne s\u2019investit dans l\u2019organisation d\u2019un concours de musique live entre orchestres d\u2019instruments modernes ou traditionnels au profit des enfants de la ville de Bobo-Dioulasso.&nbsp; Aussi, le concours de rap \u00ab&nbsp;Hip hop&nbsp;Sangaouili&nbsp;\u00bb a permis de redynamiser la sc\u00e8ne hip hop dans la ville de Bobo.<\/p>\n\n\n\n<p><strong>La formation<\/strong><\/p>\n\n\n\n<p>Si dans les familles de griot la question de la rel\u00e8ve ne constitue pas une pr\u00e9occupation, l\u2019acc\u00e8s \u00e0 l\u2019\u00e9ducation artistique des autres enfants et jeunes restent probl\u00e9matiques. Les rares lieux comme le centre Don Bosco sont \u00e0 Bobo-Dioulasso. Certains artistes organisent des formations au jeu d\u2019instrument lors des vacances scolaires.<\/p>\n\n\n\n<figure class=\"wp-block-image size-full\"><img decoding=\"async\" loading=\"lazy\" width=\"884\" height=\"503\" src=\"http:\/\/cultures.hautsbassins.bf\/wp-content\/uploads\/2023\/02\/Acticites-enfants-Burkina-Faso.jpeg\" alt=\"\" class=\"wp-image-4347\" srcset=\"https:\/\/cultures.hautsbassins.bf\/wp-content\/uploads\/2023\/02\/Acticites-enfants-Burkina-Faso.jpeg 884w, https:\/\/cultures.hautsbassins.bf\/wp-content\/uploads\/2023\/02\/Acticites-enfants-Burkina-Faso-300x171.jpeg 300w, https:\/\/cultures.hautsbassins.bf\/wp-content\/uploads\/2023\/02\/Acticites-enfants-Burkina-Faso-768x437.jpeg 768w\" sizes=\"(max-width: 884px) 100vw, 884px\" \/><figcaption class=\"wp-element-caption\">Atelier d&#8217;initiation aux djemb\u00e9 (Sitala du Faso)<\/figcaption><\/figure>\n\n\n\n<p>Il faut cependant noter une forte contribution des \u00e9glises \u00e9vang\u00e9liques dans la formation de jeunes instrumentistes et chanteurs dans leur chorale.<\/p>\n\n\n\n<p>La fili\u00e8re musicale a un visage masculin. Il n\u2019y a pratiquement pas de femmes instrumentistes. Pour celles qui chantent, le mariage constitue la fin des ambitions de carri\u00e8re.<\/p>\n","protected":false},"excerpt":{"rendered":"<p class=\"text-justify mb-2\" >La r\u00e9gion des Hauts-Bassins pr\u00e9sente un paysage mosa\u00efque dans le domaine de la musique \u00e0 travers une production discographique dans diff\u00e9rents genres musicaux \u00e0 savoir la musique moderne, traditionnelle, urbaine et religieuse. Bobo-Dioulasso, la capitale r\u00e9gionale, est le berceau de la musique moderne du Burkina [&hellip;]<\/p>\n","protected":false},"author":6,"featured_media":4355,"parent":0,"menu_order":0,"comment_status":"closed","ping_status":"closed","template":"","meta":[],"_links":{"self":[{"href":"https:\/\/cultures.hautsbassins.bf\/index.php\/wp-json\/wp\/v2\/pages\/2861"}],"collection":[{"href":"https:\/\/cultures.hautsbassins.bf\/index.php\/wp-json\/wp\/v2\/pages"}],"about":[{"href":"https:\/\/cultures.hautsbassins.bf\/index.php\/wp-json\/wp\/v2\/types\/page"}],"author":[{"embeddable":true,"href":"https:\/\/cultures.hautsbassins.bf\/index.php\/wp-json\/wp\/v2\/users\/6"}],"replies":[{"embeddable":true,"href":"https:\/\/cultures.hautsbassins.bf\/index.php\/wp-json\/wp\/v2\/comments?post=2861"}],"version-history":[{"count":9,"href":"https:\/\/cultures.hautsbassins.bf\/index.php\/wp-json\/wp\/v2\/pages\/2861\/revisions"}],"predecessor-version":[{"id":4357,"href":"https:\/\/cultures.hautsbassins.bf\/index.php\/wp-json\/wp\/v2\/pages\/2861\/revisions\/4357"}],"wp:featuredmedia":[{"embeddable":true,"href":"https:\/\/cultures.hautsbassins.bf\/index.php\/wp-json\/wp\/v2\/media\/4355"}],"wp:attachment":[{"href":"https:\/\/cultures.hautsbassins.bf\/index.php\/wp-json\/wp\/v2\/media?parent=2861"}],"curies":[{"name":"wp","href":"https:\/\/api.w.org\/{rel}","templated":true}]}}