{"id":2869,"date":"2022-03-25T16:19:15","date_gmt":"2022-03-25T16:19:15","guid":{"rendered":"http:\/\/cultures.hautsbassins.bf\/?page_id=2869"},"modified":"2023-02-03T09:27:47","modified_gmt":"2023-02-03T09:27:47","slug":"direction-generale-de-la-semaine-nationale-de-la-culture-snc","status":"publish","type":"page","link":"https:\/\/cultures.hautsbassins.bf\/index.php\/direction-generale-de-la-semaine-nationale-de-la-culture-snc\/","title":{"rendered":"DIRECTION GENERALE DE LA SEMAINE NATIONALE DE LA CULTURE (SNC)"},"content":{"rendered":"\n<div class=\"wp-block-media-text alignwide is-stacked-on-mobile\" style=\"grid-template-columns:42% auto\"><figure class=\"wp-block-media-text__media\"><img decoding=\"async\" loading=\"lazy\" width=\"300\" height=\"200\" src=\"http:\/\/cultures.hautsbassins.bf\/wp-content\/uploads\/2022\/03\/snc-new.jpg\" alt=\"\" class=\"wp-image-2643 size-full\" srcset=\"https:\/\/cultures.hautsbassins.bf\/wp-content\/uploads\/2022\/03\/snc-new.jpg 300w, https:\/\/cultures.hautsbassins.bf\/wp-content\/uploads\/2022\/03\/snc-new-112x75.jpg 112w\" sizes=\"(max-width: 300px) 100vw, 300px\" \/><\/figure><div class=\"wp-block-media-text__content\">\n<p class=\"has-medium-font-size\">La Semaine Nationale de la Culture est une manifestation pluridisciplinaire cr\u00e9\u00e9e par l\u2019Etat Burkinab\u00e8 en 1984 et dont l\u2019organisation pratique est confi\u00e9e \u00e0 une structure administrative publique   , d\u00e9nomm\u00e9e &#8220;Secr\u00e9tariat technique de la Semaine Nationale de la Culture. Depuis sa cr\u00e9ation, la SNC a \u00e9t\u00e9 con\u00e7ue en deux volets\u00a0:<\/p>\n\n\n\n<ul class=\"has-medium-font-size\"><li>Un volet b\u00e2ti autour du Grand Prix National des Arts et des Lettres (GPNAL): comp\u00e9tition en Art plastique, en Art du spectacle, en Art culinaire, en litt\u00e9rature et en Sports traditionnels<\/li><li>Un volet festival b\u00e2ti autour des activit\u00e9s festives et de r\u00e9flexion: la foire, les conf\u00e9rences, les activit\u00e9s r\u00e9cr\u00e9atives sur les plateaux off, les activit\u00e9s litt\u00e9raires et artistiques\u2026.<\/li><\/ul>\n<\/div><\/div>\n\n\n\n<p class=\"has-medium-font-size\">Les comp\u00e9titions du GPNAL sont organis\u00e9es autour de cinq cat\u00e9gories comportant chacune des disciplines, genres ou rubriques et se d\u00e9roulent en deux phases mat\u00e9rialis\u00e9es par les Semaines R\u00e9gionales de la culture (ann\u00e9e impaire) et la phase finale (ann\u00e9e paire).<\/p>\n\n\n\n<p>La SNC a pour mission<strong>&nbsp;:<\/strong><\/p>\n\n\n\n<ul><li>Identifier et valoriser le patrimoine artistique et culturel national&nbsp;;<\/li><li>Promouvoir le rapprochement et le brassage harmonieux des diff\u00e9rentes formes d\u2019expressions culturelles du Burkina Faso&nbsp;;<\/li><li>Promouvoir et valoriser les cr\u00e9ations artistiques et litt\u00e9raires du Burkina Faso et de sa diaspora&nbsp;;<\/li><li>Renforcer&nbsp; la coop\u00e9ration culturelle et artistique internationale&nbsp;;<\/li><\/ul>\n\n\n\n<p>Ses activit\u00e9s portent sur&nbsp;:<\/p>\n\n\n\n<ul><li>Organiser les diff\u00e9rentes phases de la s\u00e9lection et la phase finale de la SNC&nbsp;;<\/li><li>Assurer la promotion des laur\u00e9ats de la SNC et de leurs productions.<\/li><\/ul>\n\n\n\n<figure class=\"wp-block-table\"><table><tbody><tr><td><strong>Adresse<\/strong><\/td><td><strong>01 BP 559 Bobo-Dioulasso 01<\/strong><\/td><\/tr><tr><td><strong>T\u00e9l\u00e9phone<\/strong><\/td><td>(+226) 20980235<\/td><\/tr><tr><td><strong>Courriel<\/strong><\/td><td>sncbobo@gmail.com<\/td><\/tr><tr><td><strong>\u00a0<\/strong>Secr\u00e9taire technique<\/td><td>Madame SANOU\/COULIBALY Christiane<\/td><\/tr><\/tbody><\/table><\/figure>\n\n\n\n<p><strong>Missions&nbsp;:<\/strong><\/p>\n\n\n\n<ul><li>Identifier et valoriser le patrimoine artistique et culturel national&nbsp;;<\/li><li>Promouvoir le rapprochement et le brassage harmonieux des diff\u00e9rentes formes d\u2019expressions culturelles du Burkina Faso&nbsp;;<\/li><li>Promouvoir et valoriser les cr\u00e9ations artistiques et litt\u00e9raires du Burkina Faso et de sa diaspora&nbsp;;<\/li><li>Renforcer la coop\u00e9ration culturelle et artistique internationale&nbsp;;<\/li><\/ul>\n\n\n\n<p><strong>Ses activit\u00e9s<\/strong>&nbsp;:<\/p>\n\n\n\n<ul><li>Organiser les diff\u00e9rentes phases de la s\u00e9lection et la phase finale de la SNC&nbsp;;<\/li><li>Assurer la promotion des laur\u00e9ats de la SNC et de leurs productions.<\/li><\/ul>\n","protected":false},"excerpt":{"rendered":"<p class=\"text-justify mb-2\" >La Semaine Nationale de la Culture est une manifestation pluridisciplinaire cr\u00e9\u00e9e par l\u2019Etat Burkinab\u00e8 en 1984 et dont l\u2019organisation pratique est confi\u00e9e \u00e0 une structure administrative publique , d\u00e9nomm\u00e9e &#8220;Secr\u00e9tariat technique de la Semaine Nationale de la Culture. Depuis sa cr\u00e9ation, la SNC a \u00e9t\u00e9 [&hellip;]<\/p>\n","protected":false},"author":6,"featured_media":0,"parent":0,"menu_order":0,"comment_status":"closed","ping_status":"closed","template":"","meta":[],"_links":{"self":[{"href":"https:\/\/cultures.hautsbassins.bf\/index.php\/wp-json\/wp\/v2\/pages\/2869"}],"collection":[{"href":"https:\/\/cultures.hautsbassins.bf\/index.php\/wp-json\/wp\/v2\/pages"}],"about":[{"href":"https:\/\/cultures.hautsbassins.bf\/index.php\/wp-json\/wp\/v2\/types\/page"}],"author":[{"embeddable":true,"href":"https:\/\/cultures.hautsbassins.bf\/index.php\/wp-json\/wp\/v2\/users\/6"}],"replies":[{"embeddable":true,"href":"https:\/\/cultures.hautsbassins.bf\/index.php\/wp-json\/wp\/v2\/comments?post=2869"}],"version-history":[{"count":5,"href":"https:\/\/cultures.hautsbassins.bf\/index.php\/wp-json\/wp\/v2\/pages\/2869\/revisions"}],"predecessor-version":[{"id":4076,"href":"https:\/\/cultures.hautsbassins.bf\/index.php\/wp-json\/wp\/v2\/pages\/2869\/revisions\/4076"}],"wp:attachment":[{"href":"https:\/\/cultures.hautsbassins.bf\/index.php\/wp-json\/wp\/v2\/media?parent=2869"}],"curies":[{"name":"wp","href":"https:\/\/api.w.org\/{rel}","templated":true}]}}