{"id":2903,"date":"2022-04-06T15:07:49","date_gmt":"2022-04-06T15:07:49","guid":{"rendered":"http:\/\/cultures.hautsbassins.bf\/?page_id=2903"},"modified":"2023-02-17T08:30:18","modified_gmt":"2023-02-17T08:30:18","slug":"la-filiere-de-la-presse-et-des-medias","status":"publish","type":"page","link":"https:\/\/cultures.hautsbassins.bf\/index.php\/la-filiere-de-la-presse-et-des-medias\/","title":{"rendered":"PRESSE ET MEDIAS"},"content":{"rendered":"\n<p>Le retour \u00e0 une vie constitutionnelle au d\u00e9but des ann\u00e9es 1990 a lib\u00e9ralis\u00e9 le secteur des m\u00e9dias. Les Hauts-Bassins disposent des m\u00e9dias de presse \u00e9crite, web et audiovisuels (publics et priv\u00e9s). Leur r\u00e9partition g\u00e9ographique sur le territoire est d\u00e9s\u00e9quilibr\u00e9e. Ils sont concentr\u00e9s \u00e0 Bobo-Dioulasso.<\/p>\n\n\n\n<p>Des vingt (20) stations de radio de la r\u00e9gion, dix-sept (17) sont dans la Province du Houet dont quinze (15) \u00e0 Bobo. On en compte deux (02) dans la province du K\u00e9n\u00e9dougou et une (01) dans la Province du Tuy.<\/p>\n\n\n\n<p>Le nombre \u00e9lev\u00e9 de stations de radio s\u2019explique par le fait que ce m\u00e9dia soit le mieux adapt\u00e9 aux r\u00e9alit\u00e9s socio-\u00e9conomiques des habitants. En plus du fait que le poste radio soit relativement plus accessible en termes de co\u00fbt, ce m\u00e9dia \u00e9met en plusieurs langues et s\u2019adresse aux publics dans leur langue maternelle. Il donne plus facilement la parole aux populations et leur permet de s\u2019entendre parler de leurs pr\u00e9occupations, leurs joies et leurs peines.<\/p>\n\n\n\n<p>Cependant, les radios peinent \u00e0 faire face aux charges de fonctionnement (location des locaux, l\u2019\u00e9lectricit\u00e9, les charges salariales, le transport) du fait de la faiblesse du nombre d\u2019annonceurs. Les aides apport\u00e9es par l\u2019\u00c9tat sont tr\u00e8s faibles face \u00e0 leurs besoins. Les nouveaux usages et la production de nouveaux contenus comme les podcasts sont encore m\u00e9connus.<\/p>\n\n\n\n<p>Quant \u00e0 la presse \u00e9crite, des sept (07) titres \u00e0 parution r\u00e9guli\u00e8re, seul un (01) para\u00eet \u00e0 Orodara dans le K\u00e9n\u00e9dougou. La presse \u00e9crite, plus facile \u00e0 mettre en place a connu une v\u00e9ritable explosion de titres au d\u00e9but de la lib\u00e9ralisation de l\u2019espace m\u00e9diatique. Mais le lectorat r\u00e9duit d\u00fb au taux \u00e9lev\u00e9 d\u2019analphab\u00e9tisme, la faiblesse du pouvoir d\u2019achat des populations, l\u2019insuffisance d\u2019annonceurs ainsi que le de culture de la lecture des populations limitent la chance de survie de ces m\u00e9dias. Tr\u00e8s peu de titres sont p\u00e9rennes et paraissent r\u00e9guli\u00e8rement<\/p>\n\n\n\n<p>En ce qui concerne la t\u00e9l\u00e9vision, seulement quatre (04) stations de tv \u00e9mettent dans la r\u00e9gion (RTB2, SMTV et Muslim T\u00e9l\u00e9vision Ahmadiyya (MTVA)). La seule web radio et le premier site web d\u2019information g\u00e9n\u00e9rale de la r\u00e9gion sont \u00e0 Bobo-Dioulasso.<\/p>\n\n\n\n<figure class=\"wp-block-image size-full\"><img decoding=\"async\" loading=\"lazy\" width=\"635\" height=\"354\" src=\"http:\/\/cultures.hautsbassins.bf\/wp-content\/uploads\/2023\/02\/RTB2.jpg\" alt=\"\" class=\"wp-image-4426\" srcset=\"https:\/\/cultures.hautsbassins.bf\/wp-content\/uploads\/2023\/02\/RTB2.jpg 635w, https:\/\/cultures.hautsbassins.bf\/wp-content\/uploads\/2023\/02\/RTB2-300x167.jpg 300w\" sizes=\"(max-width: 635px) 100vw, 635px\" \/><figcaption class=\"wp-element-caption\">Techniciens de la RTB2 Hauts-Bassins dans leur studio <\/figcaption><\/figure>\n\n\n\n<p>La RTB2, antenne r\u00e9gionale de la t\u00e9l\u00e9vision publique, ne produit pas beaucoup de contenus r\u00e9gionaux parce qu\u2019elle \u00e9met tr\u00e8s souvent en synchronisation avec la cha\u00eene m\u00e8re. SMTV rencontre des difficult\u00e9s dues \u00e0 la faiblesse de ses ressources humaines, financi\u00e8res, mat\u00e9rielles et techniques. Elle ne peut pas produire de contenus suffisants ou acheter des programmes \u00e9trangers.<\/p>\n\n\n\n<p>Le reste de l\u2019espace t\u00e9l\u00e9visuel est occup\u00e9 par les cha\u00eenes nationales \u00e9mettant de Ouagadougou ou des cha\u00eenes \u00e9trang\u00e8res crypt\u00e9es en majorit\u00e9. M\u00eame avec le passage \u00e0 la T\u00e9l\u00e9vision Num\u00e9rique Terrestre (TNT), les populations qui peuvent se payer un poste t\u00e9l\u00e9viseur se donnent les moyens de se doter d\u2019une antenne parabolique. De nombreux t\u00e9l\u00e9spectateurs sont ainsi exclusivement tourn\u00e9s vers des programmes \u00e9trangers.<\/p>\n\n\n\n<figure class=\"wp-block-image size-full\"><img decoding=\"async\" loading=\"lazy\" width=\"728\" height=\"150\" src=\"http:\/\/cultures.hautsbassins.bf\/wp-content\/uploads\/2023\/02\/ouest-info-logo-Review.png\" alt=\"\" class=\"wp-image-4440\" srcset=\"https:\/\/cultures.hautsbassins.bf\/wp-content\/uploads\/2023\/02\/ouest-info-logo-Review.png 728w, https:\/\/cultures.hautsbassins.bf\/wp-content\/uploads\/2023\/02\/ouest-info-logo-Review-300x62.png 300w\" sizes=\"(max-width: 728px) 100vw, 728px\" \/><figcaption class=\"wp-element-caption\">Journal en ligne bas\u00e9 \u00e0 Bobo-Dioulasso<\/figcaption><\/figure>\n\n\n\n<p>De fa\u00e7on g\u00e9n\u00e9rale, les m\u00e9dias de la r\u00e9gion utilisent tr\u00e8s peu l\u2019Internet et les r\u00e9seaux sociaux. Cela pourrait pourtant leur donner plus de visibilit\u00e9 ainsi qu\u2019\u00e0 leurs productions. Leur pr\u00e9sence sur le Web peut apporter de nouveaux lecteurs, auditeurs et t\u00e9l\u00e9spectateurs et diversifier ainsi leur public avec la possibilit\u00e9 de se faire de nouveaux revenus. Aussi, le num\u00e9rique offre la possibilit\u00e9 \u00e0 chaque m\u00e9dia d\u2019\u00eatre radio, presse \u00e9crite et t\u00e9l\u00e9vision \u00e0 la fois. Il permet aux m\u00e9dias de produire des contenus \u00e0 vendre ind\u00e9pendamment de leurs programmations traditionnelles.<\/p>\n\n\n\n<figure class=\"wp-block-image size-full\"><img decoding=\"async\" loading=\"lazy\" width=\"640\" height=\"325\" src=\"http:\/\/cultures.hautsbassins.bf\/wp-content\/uploads\/2023\/02\/lpc.jpg\" alt=\"\" class=\"wp-image-4436\" srcset=\"https:\/\/cultures.hautsbassins.bf\/wp-content\/uploads\/2023\/02\/lpc.jpg 640w, https:\/\/cultures.hautsbassins.bf\/wp-content\/uploads\/2023\/02\/lpc-300x152.jpg 300w\" sizes=\"(max-width: 640px) 100vw, 640px\" \/><figcaption class=\"wp-element-caption\">l&#8217;Ambassadeur fran\u00e7ais Luc HALLADE lors de sa visite \u00e0 la Radio LPC<\/figcaption><\/figure>\n","protected":false},"excerpt":{"rendered":"<p class=\"text-justify mb-2\" >Le retour \u00e0 une vie constitutionnelle au d\u00e9but des ann\u00e9es 1990 a lib\u00e9ralis\u00e9 le secteur des m\u00e9dias. Les Hauts-Bassins disposent des m\u00e9dias de presse \u00e9crite, web et audiovisuels (publics et priv\u00e9s). Leur r\u00e9partition g\u00e9ographique sur le territoire est d\u00e9s\u00e9quilibr\u00e9e. Ils sont concentr\u00e9s \u00e0 Bobo-Dioulasso. Des [&hellip;]<\/p>\n","protected":false},"author":6,"featured_media":4423,"parent":0,"menu_order":0,"comment_status":"closed","ping_status":"closed","template":"","meta":[],"_links":{"self":[{"href":"https:\/\/cultures.hautsbassins.bf\/index.php\/wp-json\/wp\/v2\/pages\/2903"}],"collection":[{"href":"https:\/\/cultures.hautsbassins.bf\/index.php\/wp-json\/wp\/v2\/pages"}],"about":[{"href":"https:\/\/cultures.hautsbassins.bf\/index.php\/wp-json\/wp\/v2\/types\/page"}],"author":[{"embeddable":true,"href":"https:\/\/cultures.hautsbassins.bf\/index.php\/wp-json\/wp\/v2\/users\/6"}],"replies":[{"embeddable":true,"href":"https:\/\/cultures.hautsbassins.bf\/index.php\/wp-json\/wp\/v2\/comments?post=2903"}],"version-history":[{"count":5,"href":"https:\/\/cultures.hautsbassins.bf\/index.php\/wp-json\/wp\/v2\/pages\/2903\/revisions"}],"predecessor-version":[{"id":4673,"href":"https:\/\/cultures.hautsbassins.bf\/index.php\/wp-json\/wp\/v2\/pages\/2903\/revisions\/4673"}],"wp:featuredmedia":[{"embeddable":true,"href":"https:\/\/cultures.hautsbassins.bf\/index.php\/wp-json\/wp\/v2\/media\/4423"}],"wp:attachment":[{"href":"https:\/\/cultures.hautsbassins.bf\/index.php\/wp-json\/wp\/v2\/media?parent=2903"}],"curies":[{"name":"wp","href":"https:\/\/api.w.org\/{rel}","templated":true}]}}