{"id":2911,"date":"2022-04-06T15:26:10","date_gmt":"2022-04-06T15:26:10","guid":{"rendered":"http:\/\/cultures.hautsbassins.bf\/?page_id=2911"},"modified":"2023-02-17T08:29:12","modified_gmt":"2023-02-17T08:29:12","slug":"la-filiere-du-cinema-et-de-la-production-audiovisuelle","status":"publish","type":"page","link":"https:\/\/cultures.hautsbassins.bf\/index.php\/la-filiere-du-cinema-et-de-la-production-audiovisuelle\/","title":{"rendered":"CINEMA ET AUDIOVISUELLE"},"content":{"rendered":"\n<p>Arriv\u00e9 avec l\u2019administration coloniale, le cin\u00e9ma a \u00e9t\u00e9 g\u00e9r\u00e9 par la soci\u00e9t\u00e9 fran\u00e7aise Comacico jusqu\u2019en 1969 o\u00f9 les salles furent nationalis\u00e9es. Le Cin\u00e9 \u00c9den devint Cin\u00e9 Houet, le Cin\u00e9 Rex prend le nom de Cin\u00e9 Sya et le Cin\u00e9 Rio, celui Cin\u00e9 Guimbi. Les salles Cin\u00e9 Sanyon, et Saint-Etienne \u00e0 Bobo et Cin\u00e9 Faso Kadi \u00e0 Orodara furent cr\u00e9\u00e9s ult\u00e9rieurement.&nbsp; Suite \u00e0 la mauvaise gestion de ces salles, et \u00e0 la d\u00e9mocratisation de l\u2019acc\u00e8s au poste t\u00e9l\u00e9viseur et au DVD, il ne reste plus dans les ann\u00e9es 2020 que la Maison de la Culture et l\u2019Institut Fran\u00e7ais de Bobo qui projettent des films. S\u2019y ajoutera le nouveau Cin\u00e9 Guimbi, un grand projet toujours en cours de r\u00e9alisation.<\/p>\n\n\n\n<figure class=\"wp-block-image size-full\"><img decoding=\"async\" loading=\"lazy\" width=\"725\" height=\"549\" src=\"http:\/\/cultures.hautsbassins.bf\/wp-content\/uploads\/2023\/02\/toure-drissa.jpg\" alt=\"\" class=\"wp-image-4352\" srcset=\"https:\/\/cultures.hautsbassins.bf\/wp-content\/uploads\/2023\/02\/toure-drissa.jpg 725w, https:\/\/cultures.hautsbassins.bf\/wp-content\/uploads\/2023\/02\/toure-drissa-300x227.jpg 300w\" sizes=\"(max-width: 725px) 100vw, 725px\" \/><figcaption class=\"wp-element-caption\">Drissa TOURE<\/figcaption><\/figure>\n\n\n\n<p><\/p>\n\n\n\n<p class=\"has-medium-font-size\">Pourtant des r\u00e9alisateurs de talent et d\u2019exp\u00e9rience comme Drissa Tour\u00e9, Dani Kouyat\u00e9, Stanislas Sor\u00e9 et Berni Goldblat, s\u2019organisent et maintiennent la flamme \u00e0 travers des formation. Ils continuent de produire des films. La vague des s\u00e9ries t\u00e9l\u00e9visuelles actuellement en vogue en Afrique francophone est partie de Bobo-Dioulasso avec \u00ab&nbsp;le Royaume d\u2019Abou&nbsp;\u00bb et \u00ab&nbsp;les Bobo Dioufs&nbsp;\u00bb.<\/p>\n\n\n\n<p class=\"has-medium-font-size\">Des productions port\u00e9es par des nationaux et des \u00e9trangers sont tourn\u00e9es \u00e0 Bobo-Dioulasso ou dans sa r\u00e9gion qui constitue un d\u00e9cor naturel tr\u00e8s appr\u00e9ci\u00e9. N\u00e9anmoins, leur sortie en salle \u00e0 Bobo Dioulasso est rare.&nbsp;<\/p>\n\n\n\n<figure class=\"wp-block-image size-full\"><img decoding=\"async\" loading=\"lazy\" width=\"878\" height=\"574\" src=\"http:\/\/cultures.hautsbassins.bf\/wp-content\/uploads\/2023\/02\/cinesagon.jpg\" alt=\"\" class=\"wp-image-4351\" srcset=\"https:\/\/cultures.hautsbassins.bf\/wp-content\/uploads\/2023\/02\/cinesagon.jpg 878w, https:\/\/cultures.hautsbassins.bf\/wp-content\/uploads\/2023\/02\/cinesagon-300x196.jpg 300w, https:\/\/cultures.hautsbassins.bf\/wp-content\/uploads\/2023\/02\/cinesagon-768x502.jpg 768w\" sizes=\"(max-width: 878px) 100vw, 878px\" \/><figcaption class=\"wp-element-caption\">Cin\u00e9 Sagnon<\/figcaption><\/figure>\n\n\n\n<p>En attendant l\u2019ouverture du Cin\u00e9 Guimbi, l\u2019association \u00e9ponyme organise des activit\u00e9s de sensibilisation et d\u2019\u00e9ducation des jeunes \u00e0 l\u2019image. L\u2019association Cin\u00e9ma Num\u00e9rique Ambulant (CNA) bas\u00e9e \u00e0 Ouagadougou intervient aussi \u00e0 Bobo-Dioulasso par des films diffus\u00e9s en plein air. S\u2019ajoute \u00e9galement, l\u2019association Cinomade qui r\u00e9alise et diffuse des films documentaires, de fiction, et d\u2019animation ainsi que des clips vid\u00e9o. Elle initie aussi des formations des jeunes aux diff\u00e9rents m\u00e9tiers du cin\u00e9ma.<\/p>\n\n\n\n<p>Pour les infrastructures, seuls la Maison de la culture et l\u2019Institut Fran\u00e7ais diffusent des films. La salle Faso Kadi construite \u00e0 Orodara sous la R\u00e9volution est v\u00e9tuste et n\u2019a plus aucun \u00e9quipement. Le Cin\u00e9 Sanyon est d\u00e9sormais un bien de la CNSS qui n\u2019a pas de personnel connaissant le fonctionnement d\u2019une salle de cin\u00e9. Un collectif d\u2019artistes avait lou\u00e9 cette salle \u00e0 sept cent mille FCFA mensuel et a vite fait faillite. La salle est \u00e0 l\u2019abandon, dans un \u00e9tat de d\u00e9gradation avanc\u00e9.<\/p>\n\n\n\n<figure class=\"wp-block-image size-full\"><img decoding=\"async\" loading=\"lazy\" width=\"640\" height=\"480\" src=\"http:\/\/cultures.hautsbassins.bf\/wp-content\/uploads\/2022\/07\/Guimbi-Theatre-Burkina-Fa-005-1.webp\" alt=\"\" class=\"wp-image-3500\" srcset=\"https:\/\/cultures.hautsbassins.bf\/wp-content\/uploads\/2022\/07\/Guimbi-Theatre-Burkina-Fa-005-1.webp 640w, https:\/\/cultures.hautsbassins.bf\/wp-content\/uploads\/2022\/07\/Guimbi-Theatre-Burkina-Fa-005-1-300x225.webp 300w\" sizes=\"(max-width: 640px) 100vw, 640px\" \/><figcaption class=\"wp-element-caption\">Salle du Cin\u00e9 Guimbi avant les travaux de r\u00e9fection<\/figcaption><\/figure>\n\n\n\n<p><\/p>\n\n\n\n<p><\/p>\n\n\n\n<p>Comme les autres fili\u00e8res, le faible usage du num\u00e9rique dans la cr\u00e9ation et la diffusion des \u0153uvres se pose au cin\u00e9ma aussi.<\/p>\n","protected":false},"excerpt":{"rendered":"<p class=\"text-justify mb-2\" >Arriv\u00e9 avec l\u2019administration coloniale, le cin\u00e9ma a \u00e9t\u00e9 g\u00e9r\u00e9 par la soci\u00e9t\u00e9 fran\u00e7aise Comacico jusqu\u2019en 1969 o\u00f9 les salles furent nationalis\u00e9es. Le Cin\u00e9 \u00c9den devint Cin\u00e9 Houet, le Cin\u00e9 Rex prend le nom de Cin\u00e9 Sya et le Cin\u00e9 Rio, celui Cin\u00e9 Guimbi. Les salles [&hellip;]<\/p>\n","protected":false},"author":6,"featured_media":3498,"parent":0,"menu_order":0,"comment_status":"closed","ping_status":"closed","template":"","meta":[],"_links":{"self":[{"href":"https:\/\/cultures.hautsbassins.bf\/index.php\/wp-json\/wp\/v2\/pages\/2911"}],"collection":[{"href":"https:\/\/cultures.hautsbassins.bf\/index.php\/wp-json\/wp\/v2\/pages"}],"about":[{"href":"https:\/\/cultures.hautsbassins.bf\/index.php\/wp-json\/wp\/v2\/types\/page"}],"author":[{"embeddable":true,"href":"https:\/\/cultures.hautsbassins.bf\/index.php\/wp-json\/wp\/v2\/users\/6"}],"replies":[{"embeddable":true,"href":"https:\/\/cultures.hautsbassins.bf\/index.php\/wp-json\/wp\/v2\/comments?post=2911"}],"version-history":[{"count":9,"href":"https:\/\/cultures.hautsbassins.bf\/index.php\/wp-json\/wp\/v2\/pages\/2911\/revisions"}],"predecessor-version":[{"id":4672,"href":"https:\/\/cultures.hautsbassins.bf\/index.php\/wp-json\/wp\/v2\/pages\/2911\/revisions\/4672"}],"wp:featuredmedia":[{"embeddable":true,"href":"https:\/\/cultures.hautsbassins.bf\/index.php\/wp-json\/wp\/v2\/media\/3498"}],"wp:attachment":[{"href":"https:\/\/cultures.hautsbassins.bf\/index.php\/wp-json\/wp\/v2\/media?parent=2911"}],"curies":[{"name":"wp","href":"https:\/\/api.w.org\/{rel}","templated":true}]}}