{"id":2934,"date":"2022-05-19T09:51:52","date_gmt":"2022-05-19T09:51:52","guid":{"rendered":"http:\/\/cultures.hautsbassins.bf\/?page_id=2934"},"modified":"2022-06-28T13:54:34","modified_gmt":"2022-06-28T13:54:34","slug":"ouedraogo-abdoulaye","status":"publish","type":"page","link":"https:\/\/cultures.hautsbassins.bf\/index.php\/ouedraogo-abdoulaye\/","title":{"rendered":"OUEDRAOGO ABDOULAYE"},"content":{"rendered":"\n<p><em>Entrepreneur culturel, concepteur et r\u00e9alisateur d&#8217;audiovisuel<\/em><\/p>\n\n\n\n<div class=\"wp-block-media-text alignwide is-stacked-on-mobile\"><figure class=\"wp-block-media-text__media\"><img decoding=\"async\" loading=\"lazy\" width=\"712\" height=\"1024\" src=\"http:\/\/cultures.hautsbassins.bf\/wp-content\/uploads\/2022\/06\/Nouveau-document-2022-04-28-12.54.39_1-712x1024.jpg\" alt=\"\" class=\"wp-image-3213 size-full\" srcset=\"https:\/\/cultures.hautsbassins.bf\/wp-content\/uploads\/2022\/06\/Nouveau-document-2022-04-28-12.54.39_1-712x1024.jpg 712w, https:\/\/cultures.hautsbassins.bf\/wp-content\/uploads\/2022\/06\/Nouveau-document-2022-04-28-12.54.39_1-209x300.jpg 209w, https:\/\/cultures.hautsbassins.bf\/wp-content\/uploads\/2022\/06\/Nouveau-document-2022-04-28-12.54.39_1-768x1105.jpg 768w, https:\/\/cultures.hautsbassins.bf\/wp-content\/uploads\/2022\/06\/Nouveau-document-2022-04-28-12.54.39_1.jpg 1068w\" sizes=\"(max-width: 712px) 100vw, 712px\" \/><\/figure><div class=\"wp-block-media-text__content\">\n<p class=\"has-medium-font-size\">Animateur sur diff\u00e9rentes stations de radios, Abdoulaye OUEDRAOGO connu sous le nom Ablo Manager est un entrepreneur culturel bien connu \u00e0 Bobo-Dioulasso dans l\u2019organisation de grands spectacles et de la promotion de la grillade.\u00a0 Il est le promoteur du Festival des Brochettes (FESTIBRO) du Burkina qu\u2019il organise de fa\u00e7on itin\u00e9rante \u00e0 Ouagadougou, Bobo-Dioulasso, Banfora, D\u00e9dougou, Dori et Orodara depuis 2014.\u00a0 Dans le showbiz, il est co-organisateur de spectacles d\u2019artistes de renom \u00e0 Bobo-Dioulasso dont il pr\u00e9side les comit\u00e9s d\u2019organisation. C\u2019est \u00e0 ce titre qu\u2019il fut\u00a0:<\/p>\n<\/div><\/div>\n\n\n\n<p><\/p>\n\n\n\n<p class=\"has-medium-font-size\">&#8211; Pr\u00e9sident du comit\u00e9 d&#8217;organisation du concert de Sidiki DIABATE au Stade Wobi le 20 Mars 2022&nbsp;;<\/p>\n\n\n\n<p class=\"has-medium-font-size\">&#8211; Pr\u00e9sident du comit\u00e9 d&#8217;organisation du concert de Fally Ipupa au stade Wobi en d\u00e9cembre 2021&nbsp;;<\/p>\n\n\n\n<p class=\"has-medium-font-size\">&#8211; pr\u00e9sident du comit\u00e9 d&#8217;organisation du concert de Faire Baby au stade Wobi le 15 mai 2021&nbsp;;<\/p>\n\n\n\n<p class=\"has-medium-font-size\">&#8211; pr\u00e9sident du comit\u00e9 d&#8217;organisation du concert live couvre-feu de BMC44 le 20 mai 2020&nbsp;;<\/p>\n\n\n\n<p class=\"has-medium-font-size\">&#8211; pr\u00e9sident du comit\u00e9 d&#8217;organisation du concert de Sidiki Diabat\u00e9 au th\u00e9\u00e2tre de l&#8217;amiti\u00e9 le 07 Mars 2016.<\/p>\n\n\n\n<p>Contacts&nbsp;:75162816<\/p>\n","protected":false},"excerpt":{"rendered":"<p class=\"text-justify mb-2\" >Entrepreneur culturel, concepteur et r\u00e9alisateur d&#8217;audiovisuel Animateur sur diff\u00e9rentes stations de radios, Abdoulaye OUEDRAOGO connu sous le nom Ablo Manager est un entrepreneur culturel bien connu \u00e0 Bobo-Dioulasso dans l\u2019organisation de grands spectacles et de la promotion de la grillade.\u00a0 Il est le promoteur du [&hellip;]<\/p>\n","protected":false},"author":5,"featured_media":0,"parent":0,"menu_order":0,"comment_status":"closed","ping_status":"closed","template":"","meta":[],"_links":{"self":[{"href":"https:\/\/cultures.hautsbassins.bf\/index.php\/wp-json\/wp\/v2\/pages\/2934"}],"collection":[{"href":"https:\/\/cultures.hautsbassins.bf\/index.php\/wp-json\/wp\/v2\/pages"}],"about":[{"href":"https:\/\/cultures.hautsbassins.bf\/index.php\/wp-json\/wp\/v2\/types\/page"}],"author":[{"embeddable":true,"href":"https:\/\/cultures.hautsbassins.bf\/index.php\/wp-json\/wp\/v2\/users\/5"}],"replies":[{"embeddable":true,"href":"https:\/\/cultures.hautsbassins.bf\/index.php\/wp-json\/wp\/v2\/comments?post=2934"}],"version-history":[{"count":3,"href":"https:\/\/cultures.hautsbassins.bf\/index.php\/wp-json\/wp\/v2\/pages\/2934\/revisions"}],"predecessor-version":[{"id":3214,"href":"https:\/\/cultures.hautsbassins.bf\/index.php\/wp-json\/wp\/v2\/pages\/2934\/revisions\/3214"}],"wp:attachment":[{"href":"https:\/\/cultures.hautsbassins.bf\/index.php\/wp-json\/wp\/v2\/media?parent=2934"}],"curies":[{"name":"wp","href":"https:\/\/api.w.org\/{rel}","templated":true}]}}