{"id":2940,"date":"2022-05-19T09:58:03","date_gmt":"2022-05-19T09:58:03","guid":{"rendered":"http:\/\/cultures.hautsbassins.bf\/?page_id=2940"},"modified":"2022-06-28T10:14:49","modified_gmt":"2022-06-28T10:14:49","slug":"joseph-bamogo","status":"publish","type":"page","link":"https:\/\/cultures.hautsbassins.bf\/index.php\/joseph-bamogo\/","title":{"rendered":"Joseph BAMOGO"},"content":{"rendered":"\n<p><em>Artiste conteur-com\u00e9dien et metteur en sc\u00e8ne<\/em><\/p>\n\n\n\n<p>Joseph BAMOGO, plus connu sous l\u2019appellation \u00ab BAMOGO \u00bb est un conteur et com\u00e9dien tr\u00e8s actif de la ville de Bobo-Dioulasso. Il participe depuis 2007 \u00e0 de nombreux festivals et \u00e9v\u00e9nements dans l\u2019univers du conte tels que le Festival International Parole de Conteur \u00e0 Abidjan avec la c\u00e9l\u00e8bre Amoin Koffi en 2018&nbsp;; les sc\u00e8nes off de la Semaine Nationale de la Culture (SNC) 2018 \u00e0 Bobo-Dioulasso, Conte \u00e0 rebours Garga \u00e0 Ouagadougou en avril 2017, le festival Y\u00e9leen \u00e0 Bobo-Dioulasso depuis 2007, etc.<\/p>\n\n\n\n<p>Com\u00e9dien mais aussi metteur en sc\u00e8ne, il a jou\u00e9 dans des pi\u00e8ces vari\u00e9es, adapt\u00e9es d\u2019\u0153uvres c\u00e9l\u00e8bres telles que <em>Les Mouches <\/em>de Jean-Paul Sartre, pi\u00e8ce mise en sc\u00e8ne par Hassane Kassi KOUYATE qui a \u00e9t\u00e9 jou\u00e9e au Burkina Faso et en France en 2003, <em>Les bouts de bois de Dieu <\/em>d\u2019Ousmane Semb\u00e8ne, <em>Tengembiga ou le dernier rendez-vous <\/em>de Bernard Yameogo, ou encore <em>La mort de Chaka <\/em>de Seydou Badian. Il a \u00e9galement \u00e9crit et mis en sc\u00e8ne <em>M\u00e9moires<\/em>, jou\u00e9 en mars 2016 \u00e0 l\u2019Institut Fran\u00e7ais de Bobo-Dioulasso.<\/p>\n\n\n\n<p>Homme engag\u00e9, Joseph BAMOGO, partage d\u00e9sormais avec des associations partenaires ses connaissances \u00e0 travers des ateliers de formations en techniques de contes au Burkina Faso, en France et en Belgique.<\/p>\n\n\n\n<p>Aujourd\u2019hui, il anime une \u00e9mission tr\u00e8s populaire de contes, \u00ab Ziri Ziri \u00bb, \u00e0 la t\u00e9l\u00e9vision r\u00e9gionale RTB2 des Hauts-Bassins et cela, depuis octobre 2011.<\/p>\n\n\n\n<p>Contacts&nbsp;:70985867<\/p>\n\n\n\n<p>e-mail&nbsp;: <a href=\"mailto:jbamogo.5@gmail.com\">jbamogo.5@gmail.com<\/a><\/p>\n","protected":false},"excerpt":{"rendered":"<p class=\"text-justify mb-2\" >Artiste conteur-com\u00e9dien et metteur en sc\u00e8ne Joseph BAMOGO, plus connu sous l\u2019appellation \u00ab BAMOGO \u00bb est un conteur et com\u00e9dien tr\u00e8s actif de la ville de Bobo-Dioulasso. Il participe depuis 2007 \u00e0 de nombreux festivals et \u00e9v\u00e9nements dans l\u2019univers du conte tels que le Festival [&hellip;]<\/p>\n","protected":false},"author":5,"featured_media":0,"parent":0,"menu_order":0,"comment_status":"closed","ping_status":"closed","template":"","meta":[],"_links":{"self":[{"href":"https:\/\/cultures.hautsbassins.bf\/index.php\/wp-json\/wp\/v2\/pages\/2940"}],"collection":[{"href":"https:\/\/cultures.hautsbassins.bf\/index.php\/wp-json\/wp\/v2\/pages"}],"about":[{"href":"https:\/\/cultures.hautsbassins.bf\/index.php\/wp-json\/wp\/v2\/types\/page"}],"author":[{"embeddable":true,"href":"https:\/\/cultures.hautsbassins.bf\/index.php\/wp-json\/wp\/v2\/users\/5"}],"replies":[{"embeddable":true,"href":"https:\/\/cultures.hautsbassins.bf\/index.php\/wp-json\/wp\/v2\/comments?post=2940"}],"version-history":[{"count":2,"href":"https:\/\/cultures.hautsbassins.bf\/index.php\/wp-json\/wp\/v2\/pages\/2940\/revisions"}],"predecessor-version":[{"id":3160,"href":"https:\/\/cultures.hautsbassins.bf\/index.php\/wp-json\/wp\/v2\/pages\/2940\/revisions\/3160"}],"wp:attachment":[{"href":"https:\/\/cultures.hautsbassins.bf\/index.php\/wp-json\/wp\/v2\/media?parent=2940"}],"curies":[{"name":"wp","href":"https:\/\/api.w.org\/{rel}","templated":true}]}}