{"id":2943,"date":"2022-05-19T10:04:00","date_gmt":"2022-05-19T10:04:00","guid":{"rendered":"http:\/\/cultures.hautsbassins.bf\/?page_id=2943"},"modified":"2022-06-28T14:11:38","modified_gmt":"2022-06-28T14:11:38","slug":"joseph-bamogo-artiste-conteur-comedien-et-metteur-en-scene","status":"publish","type":"page","link":"https:\/\/cultures.hautsbassins.bf\/index.php\/joseph-bamogo-artiste-conteur-comedien-et-metteur-en-scene\/","title":{"rendered":"Joseph BAMOGO"},"content":{"rendered":"\n<p>Artiste conteur-com\u00e9dien et metteur en sc\u00e8ne<\/p>\n\n\n\n<div class=\"wp-block-media-text alignwide is-stacked-on-mobile\"><figure class=\"wp-block-media-text__media\"><img decoding=\"async\" loading=\"lazy\" width=\"489\" height=\"365\" src=\"http:\/\/cultures.hautsbassins.bf\/wp-content\/uploads\/2022\/06\/Photo-Bamogo.png\" alt=\"\" class=\"wp-image-3221 size-full\" srcset=\"https:\/\/cultures.hautsbassins.bf\/wp-content\/uploads\/2022\/06\/Photo-Bamogo.png 489w, https:\/\/cultures.hautsbassins.bf\/wp-content\/uploads\/2022\/06\/Photo-Bamogo-300x224.png 300w\" sizes=\"(max-width: 489px) 100vw, 489px\" \/><\/figure><div class=\"wp-block-media-text__content\">\n<p class=\"has-medium-font-size\">Joseph BAMOGO, plus connu sous l\u2019appellation \u00ab BAMOGO \u00bb est un conteur et com\u00e9dien tr\u00e8s actif de la ville de Bobo-Dioulasso. Il participe depuis 2007 \u00e0 de nombreux festivals et \u00e9v\u00e9nements dans l\u2019univers du conte tels que le Festival International Parole de Conteur \u00e0 Abidjan avec la c\u00e9l\u00e8bre Amoin Koffi en 2018&nbsp;; les sc\u00e8nes off de la Semaine Nationale de la Culture (SNC) 2018 \u00e0 Bobo-Dioulasso, Conte \u00e0 rebours Garga \u00e0 Ouagadougou en avril 2017, le festival Y\u00e9leen \u00e0 Bobo-Dioulasso depuis 2007, etc.<\/p>\n<\/div><\/div>\n\n\n\n<p><\/p>\n\n\n\n<p class=\"has-medium-font-size\">Com\u00e9dien mais aussi metteur en sc\u00e8ne, il a jou\u00e9 dans des pi\u00e8ces vari\u00e9es, adapt\u00e9es d\u2019\u0153uvres c\u00e9l\u00e8bres telles que <em>Les Mouches <\/em>de Jean-Paul Sartre, pi\u00e8ce mise en sc\u00e8ne par Hassane Kassi KOUYATE qui a \u00e9t\u00e9 jou\u00e9e au Burkina Faso et en France en 2003, <em>Les bouts de bois de Dieu <\/em>d\u2019Ousmane Semb\u00e8ne, <em>Tengembiga ou le dernier rendez-vous <\/em>de Bernard Yameogo, ou encore <em>La mort de Chaka <\/em>de Seydou Badian. Il a \u00e9galement \u00e9crit et mis en sc\u00e8ne <em>M\u00e9moires<\/em>, jou\u00e9 en mars 2016 \u00e0 l\u2019Institut Fran\u00e7ais de Bobo-Dioulasso.<\/p>\n\n\n\n<p class=\"has-medium-font-size\">Homme engag\u00e9, Joseph BAMOGO, partage d\u00e9sormais avec des associations partenaires ses connaissances \u00e0 travers des ateliers de formations en techniques de contes au Burkina Faso, en France et en Belgique.<\/p>\n\n\n\n<p class=\"has-medium-font-size\">Aujourd\u2019hui, il anime une \u00e9mission tr\u00e8s populaire de contes, \u00ab Ziri Ziri \u00bb, \u00e0 la t\u00e9l\u00e9vision r\u00e9gionale RTB2 des Hauts-Bassins et cela, depuis octobre 2011.<\/p>\n\n\n\n<p>Contacts&nbsp;:70985867<\/p>\n\n\n\n<p>E-mail\u00a0: <a href=\"mailto:jbamogo.5@gmail.com\">jbamogo.5@gmail.com<\/a><\/p>\n","protected":false},"excerpt":{"rendered":"<p class=\"text-justify mb-2\" >Artiste conteur-com\u00e9dien et metteur en sc\u00e8ne Joseph BAMOGO, plus connu sous l\u2019appellation \u00ab BAMOGO \u00bb est un conteur et com\u00e9dien tr\u00e8s actif de la ville de Bobo-Dioulasso. Il participe depuis 2007 \u00e0 de nombreux festivals et \u00e9v\u00e9nements dans l\u2019univers du conte tels que le Festival [&hellip;]<\/p>\n","protected":false},"author":5,"featured_media":0,"parent":0,"menu_order":0,"comment_status":"closed","ping_status":"closed","template":"","meta":[],"_links":{"self":[{"href":"https:\/\/cultures.hautsbassins.bf\/index.php\/wp-json\/wp\/v2\/pages\/2943"}],"collection":[{"href":"https:\/\/cultures.hautsbassins.bf\/index.php\/wp-json\/wp\/v2\/pages"}],"about":[{"href":"https:\/\/cultures.hautsbassins.bf\/index.php\/wp-json\/wp\/v2\/types\/page"}],"author":[{"embeddable":true,"href":"https:\/\/cultures.hautsbassins.bf\/index.php\/wp-json\/wp\/v2\/users\/5"}],"replies":[{"embeddable":true,"href":"https:\/\/cultures.hautsbassins.bf\/index.php\/wp-json\/wp\/v2\/comments?post=2943"}],"version-history":[{"count":3,"href":"https:\/\/cultures.hautsbassins.bf\/index.php\/wp-json\/wp\/v2\/pages\/2943\/revisions"}],"predecessor-version":[{"id":3224,"href":"https:\/\/cultures.hautsbassins.bf\/index.php\/wp-json\/wp\/v2\/pages\/2943\/revisions\/3224"}],"wp:attachment":[{"href":"https:\/\/cultures.hautsbassins.bf\/index.php\/wp-json\/wp\/v2\/media?parent=2943"}],"curies":[{"name":"wp","href":"https:\/\/api.w.org\/{rel}","templated":true}]}}