{"id":2948,"date":"2022-05-19T10:12:28","date_gmt":"2022-05-19T10:12:28","guid":{"rendered":"http:\/\/cultures.hautsbassins.bf\/?page_id=2948"},"modified":"2022-08-01T10:08:20","modified_gmt":"2022-08-01T10:08:20","slug":"coulibali-yacouba-metteur-en-scene-choregraphe","status":"publish","type":"page","link":"https:\/\/cultures.hautsbassins.bf\/index.php\/coulibali-yacouba-metteur-en-scene-choregraphe\/","title":{"rendered":"COULIBALI Yacouba"},"content":{"rendered":"\n<p>Metteur en sc\u00e8ne &amp; chor\u00e9graphe<\/p>\n\n\n\n<div class=\"wp-block-media-text alignwide is-stacked-on-mobile\"><figure class=\"wp-block-media-text__media\"><img decoding=\"async\" loading=\"lazy\" width=\"813\" height=\"806\" src=\"http:\/\/cultures.hautsbassins.bf\/wp-content\/uploads\/2022\/08\/Capture.png\" alt=\"\" class=\"wp-image-3791 size-full\" srcset=\"https:\/\/cultures.hautsbassins.bf\/wp-content\/uploads\/2022\/08\/Capture.png 813w, https:\/\/cultures.hautsbassins.bf\/wp-content\/uploads\/2022\/08\/Capture-300x297.png 300w, https:\/\/cultures.hautsbassins.bf\/wp-content\/uploads\/2022\/08\/Capture-150x150.png 150w, https:\/\/cultures.hautsbassins.bf\/wp-content\/uploads\/2022\/08\/Capture-768x761.png 768w, https:\/\/cultures.hautsbassins.bf\/wp-content\/uploads\/2022\/08\/Capture-122x122.png 122w\" sizes=\"(max-width: 813px) 100vw, 813px\" \/><\/figure><div class=\"wp-block-media-text__content\">\n<p class=\"has-medium-font-size\">Passionn\u00e9 de arts et de la culture, <a>COULIBALI Yacouba <\/a>s\u2019est investi ces derni\u00e8res ann\u00e9es dans l\u2019accompagnement et la pr\u00e9paration des troupes traditionnelles de la province du K\u00e9n\u00e9dougou en vue de leur bonne participation aux diff\u00e9rentes comp\u00e9tions tant au niveau national que sous-r\u00e9gional. &nbsp;Actuellement, il est le point focal culturel et touristique de la commune de Orodara. &nbsp;A cet titre, il a pris part \u00e0 l\u2019inventaire du patrimoine culturel immat\u00e9riel de la region organis\u00e9e par le minist\u00e8re de la culture en collaboration avec l\u2019UNESCO de 2015 et 2017<\/p>\n<\/div><\/div>\n\n\n\n<p><\/p>\n\n\n\n<p class=\"has-medium-font-size\">Avec l\u2019Association Troupe Th\u00e9\u00e2trale K\u00e9wali (ATTK) qu\u2019il dirige, il cr\u00e9e le festival Culturel d\u2019int\u00e9gration et de coh\u00e9sion intercommunautaire appel\u00e9 \u00ab Dou\u00f4h Kpaar Br\u00e8h \u00bb de la commune de Orodara. Il est charg\u00e9 de la formation des troupes artistiques telles que&nbsp;: Kantigui de Orodara, la Compagnie Donko des fr\u00e8res Coulibaly, Lamogoya et K\u00e9wali.<\/p>\n\n\n\n<p class=\"has-medium-font-size\">Cet accompagnement a permis \u00e0 ces troupes d\u2019am\u00e9liorer leurs prestations sur le terrain ainsi que leur palmar\u00e8s qui se pr\u00e9sente comme suit&nbsp;:<\/p>\n\n\n\n<p class=\"has-medium-font-size\">-02 fois laur\u00e9ates avec la troupe kantigui de Orodara en Musique Traditionnelle Instrumentale (MTI) \u00e0 la SNC (2016 &amp; 2018)<\/p>\n\n\n\n<p class=\"has-medium-font-size\">-Laur\u00e9at avec la compagnie Donko de Toungwai en cr\u00e9ation chor\u00e9graphique \u00e0 la SNC (2012)<\/p>\n\n\n\n<p class=\"has-medium-font-size\">-Laur\u00e9at avec la troupe K\u00e9wali en Danse Traditionnelle pool jeune \u00e0 la SNC (2018)<\/p>\n\n\n\n<p class=\"has-medium-font-size\">-Laur\u00e9at avec la troupe lamogoya en chanson de Ch\u0153ur populaire \u00e0 la SNC (2018)<\/p>\n\n\n\n<p class=\"has-medium-font-size\">-Prix du conseil r\u00e9gional des Hauts-Bassins en ballet pool jeune avec la troupe Fitini Koulekan (SNC 2016)<\/p>\n\n\n\n<p class=\"has-medium-font-size\">-Prix de la Virtuosit\u00e9 avec la troupe Kantigui au triangle international de balafon au Mali<\/p>\n\n\n\n<p class=\"has-medium-font-size\">-Participation au March\u00e9 des Arts du Spectacle d\u2019Afrique (MASA) en C\u00f4te d\u2019Ivoire en 2018.<\/p>\n\n\n\n<p>&nbsp;Contacts : 70344565<\/p>\n","protected":false},"excerpt":{"rendered":"<p class=\"text-justify mb-2\" >Metteur en sc\u00e8ne &amp; chor\u00e9graphe Passionn\u00e9 de arts et de la culture, COULIBALI Yacouba s\u2019est investi ces derni\u00e8res ann\u00e9es dans l\u2019accompagnement et la pr\u00e9paration des troupes traditionnelles de la province du K\u00e9n\u00e9dougou en vue de leur bonne participation aux diff\u00e9rentes comp\u00e9tions tant au niveau national [&hellip;]<\/p>\n","protected":false},"author":5,"featured_media":3791,"parent":0,"menu_order":0,"comment_status":"closed","ping_status":"closed","template":"","meta":[],"_links":{"self":[{"href":"https:\/\/cultures.hautsbassins.bf\/index.php\/wp-json\/wp\/v2\/pages\/2948"}],"collection":[{"href":"https:\/\/cultures.hautsbassins.bf\/index.php\/wp-json\/wp\/v2\/pages"}],"about":[{"href":"https:\/\/cultures.hautsbassins.bf\/index.php\/wp-json\/wp\/v2\/types\/page"}],"author":[{"embeddable":true,"href":"https:\/\/cultures.hautsbassins.bf\/index.php\/wp-json\/wp\/v2\/users\/5"}],"replies":[{"embeddable":true,"href":"https:\/\/cultures.hautsbassins.bf\/index.php\/wp-json\/wp\/v2\/comments?post=2948"}],"version-history":[{"count":3,"href":"https:\/\/cultures.hautsbassins.bf\/index.php\/wp-json\/wp\/v2\/pages\/2948\/revisions"}],"predecessor-version":[{"id":3793,"href":"https:\/\/cultures.hautsbassins.bf\/index.php\/wp-json\/wp\/v2\/pages\/2948\/revisions\/3793"}],"wp:featuredmedia":[{"embeddable":true,"href":"https:\/\/cultures.hautsbassins.bf\/index.php\/wp-json\/wp\/v2\/media\/3791"}],"wp:attachment":[{"href":"https:\/\/cultures.hautsbassins.bf\/index.php\/wp-json\/wp\/v2\/media?parent=2948"}],"curies":[{"name":"wp","href":"https:\/\/api.w.org\/{rel}","templated":true}]}}