{"id":2954,"date":"2022-05-19T10:38:17","date_gmt":"2022-05-19T10:38:17","guid":{"rendered":"http:\/\/cultures.hautsbassins.bf\/?page_id=2954"},"modified":"2022-05-19T10:40:14","modified_gmt":"2022-05-19T10:40:14","slug":"les-freres-ouattara-artistes-plasticiens","status":"publish","type":"page","link":"https:\/\/cultures.hautsbassins.bf\/index.php\/les-freres-ouattara-artistes-plasticiens\/","title":{"rendered":"LES FRERES OUATTARA Artistes plasticiens"},"content":{"rendered":"\n<p>Artistes plasticiens, les fr\u00e8res OUATTARA (Assane et Ouss\u00e9ni) sont des jumeaux, qui se sont tr\u00e8s t\u00f4t int\u00e9ress\u00e9s aux arts plastiques, notamment la sculpture et la peinture. Dans la sculpture, leur domaine de pr\u00e9dilection est le masque africain dont ils reproduisent et r\u00e9interpr\u00e8tent.<\/p>\n\n\n\n<p>Assane et Ouss\u00e9ni sont dans une dynamique de rechercher sur la symbolique du masque, de la statue et de tout autre objet anim\u00e9 par la voix, le geste ou la lumi\u00e8re. Leur passion pour les arts plastiques les a conduit \u00e0 la cr\u00e9ation d\u2019un festival international des arts d\u00e9nomm\u00e9 Festival International ART\u2019DOUGOU qui se tient chaque ann\u00e9e \u00e0 Bobo-Dioulasso et en marge duquel un march\u00e9 professionnel des arts \u00ab SOUK\u2019ART&nbsp;\u00bb a lieu.<\/p>\n\n\n\n<p>Depuis 2005, ils ont pris part plusieurs expositions organis\u00e9es au Burkina Faso et dans d\u2019autres pays et certaines de leurs \u0153uvres ont \u00e9t\u00e9 acquises par le Mus\u00e9e Ethnographique de Gen\u00e8ve. En 2001 d\u00e9j\u00e0, les fr\u00e8res OUATTARA ont occup\u00e9&nbsp; &nbsp;la 5<sup>\u00e8me<\/sup>&nbsp; &nbsp;place du top 10 des artistes africains engag\u00e9s \u00e0 connaitre selon le classement du Magazine fran\u00e7ais Artsper.&nbsp; En 2017, &nbsp;ils ont &nbsp;b\u00e9n\u00e9fici\u00e9 d\u2019un troph\u00e9e de reconnaissance du Bureau Burkinab\u00e9 du Droit d\u2019Auteur.<\/p>\n\n\n\n<p><strong>Contact\u00a0:\u00a0<\/strong>(00226) 77207357\/ (00226) 78843032<\/p>\n\n\n\n<p><\/p>\n","protected":false},"excerpt":{"rendered":"<p class=\"text-justify mb-2\" >Artistes plasticiens, les fr\u00e8res OUATTARA (Assane et Ouss\u00e9ni) sont des jumeaux, qui se sont tr\u00e8s t\u00f4t int\u00e9ress\u00e9s aux arts plastiques, notamment la sculpture et la peinture. Dans la sculpture, leur domaine de pr\u00e9dilection est le masque africain dont ils reproduisent et r\u00e9interpr\u00e8tent. Assane et Ouss\u00e9ni [&hellip;]<\/p>\n","protected":false},"author":5,"featured_media":0,"parent":0,"menu_order":0,"comment_status":"closed","ping_status":"closed","template":"","meta":[],"_links":{"self":[{"href":"https:\/\/cultures.hautsbassins.bf\/index.php\/wp-json\/wp\/v2\/pages\/2954"}],"collection":[{"href":"https:\/\/cultures.hautsbassins.bf\/index.php\/wp-json\/wp\/v2\/pages"}],"about":[{"href":"https:\/\/cultures.hautsbassins.bf\/index.php\/wp-json\/wp\/v2\/types\/page"}],"author":[{"embeddable":true,"href":"https:\/\/cultures.hautsbassins.bf\/index.php\/wp-json\/wp\/v2\/users\/5"}],"replies":[{"embeddable":true,"href":"https:\/\/cultures.hautsbassins.bf\/index.php\/wp-json\/wp\/v2\/comments?post=2954"}],"version-history":[{"count":2,"href":"https:\/\/cultures.hautsbassins.bf\/index.php\/wp-json\/wp\/v2\/pages\/2954\/revisions"}],"predecessor-version":[{"id":2957,"href":"https:\/\/cultures.hautsbassins.bf\/index.php\/wp-json\/wp\/v2\/pages\/2954\/revisions\/2957"}],"wp:attachment":[{"href":"https:\/\/cultures.hautsbassins.bf\/index.php\/wp-json\/wp\/v2\/media?parent=2954"}],"curies":[{"name":"wp","href":"https:\/\/api.w.org\/{rel}","templated":true}]}}