{"id":2967,"date":"2022-05-19T11:13:11","date_gmt":"2022-05-19T11:13:11","guid":{"rendered":"http:\/\/cultures.hautsbassins.bf\/?page_id=2967"},"modified":"2023-02-14T06:47:36","modified_gmt":"2023-02-14T06:47:36","slug":"mamadou-ouattara-artiste-comedien-metteur-en-scene","status":"publish","type":"page","link":"https:\/\/cultures.hautsbassins.bf\/index.php\/mamadou-ouattara-artiste-comedien-metteur-en-scene\/","title":{"rendered":"Mamadou OUATTARA"},"content":{"rendered":"\n<p>Artiste com\u00e9dien, metteur en sc\u00e8ne<\/p>\n\n\n\n<p><\/p>\n\n\n\n<figure class=\"wp-block-image size-full\"><img decoding=\"async\" loading=\"lazy\" width=\"648\" height=\"968\" src=\"http:\/\/cultures.hautsbassins.bf\/wp-content\/uploads\/2022\/06\/IMG-20220402-WA0059.jpg\" alt=\"\" class=\"wp-image-3198\" srcset=\"https:\/\/cultures.hautsbassins.bf\/wp-content\/uploads\/2022\/06\/IMG-20220402-WA0059.jpg 648w, https:\/\/cultures.hautsbassins.bf\/wp-content\/uploads\/2022\/06\/IMG-20220402-WA0059-201x300.jpg 201w\" sizes=\"(max-width: 648px) 100vw, 648px\" \/><\/figure>\n\n\n\n<p>Auteur\/com\u00e9dien et metteur en sc\u00e8ne, Djosso de son vrai nom Mamadou OUATTARA a d\u00e9couvert le th\u00e9\u00e2tre par le biais de la troupe artistique Kouledafourou. Epris de lecture, il participe \u00e0 l\u2019adaptation de nombreuses \u0153uvres comiques dont \u0152dipe, Papalagui, Soleils des ind\u00e9pendances. Il a pris part \u00e0 plusieurs ateliers de formation en th\u00e9\u00e2tre, en conte, en dramaturgie, en sc\u00e9nographie et en danse sous la direction d\u2019artistes renomm\u00e9s tels que Hassane Kassi KOUYATE, Toumani KOUYATE.<\/p>\n\n\n\n<p class=\"has-medium-font-size\">En 2010, en collaboration avec des jeunes, Djosso cr\u00e9e la compagnie Sotigui KOUYATE de laquelle naitront plusieurs pi\u00e8ces de th\u00e9\u00e2tre dont la derni\u00e8re \u00ab le soupir de la conscience \u00bb en est une parfaite illustration.<\/p>\n\n\n\n<p class=\"has-medium-font-size\">Actuellement, Mamadou OUATTARA est \u00e0 la fois directeur artistique de la compagnie Sotigui KOUYATE et coordonnateur r\u00e9gional de la F\u00e9d\u00e9ration National du Th\u00e9\u00e2tre des Hauts-Bassins (FENATHEB\/HBS).<\/p>\n\n\n\n<p>Contacts :76477007<\/p>\n","protected":false},"excerpt":{"rendered":"<p class=\"text-justify mb-2\" >Artiste com\u00e9dien, metteur en sc\u00e8ne Auteur\/com\u00e9dien et metteur en sc\u00e8ne, Djosso de son vrai nom Mamadou OUATTARA a d\u00e9couvert le th\u00e9\u00e2tre par le biais de la troupe artistique Kouledafourou. Epris de lecture, il participe \u00e0 l\u2019adaptation de nombreuses \u0153uvres comiques dont \u0152dipe, Papalagui, Soleils des [&hellip;]<\/p>\n","protected":false},"author":5,"featured_media":0,"parent":0,"menu_order":0,"comment_status":"closed","ping_status":"closed","template":"","meta":[],"_links":{"self":[{"href":"https:\/\/cultures.hautsbassins.bf\/index.php\/wp-json\/wp\/v2\/pages\/2967"}],"collection":[{"href":"https:\/\/cultures.hautsbassins.bf\/index.php\/wp-json\/wp\/v2\/pages"}],"about":[{"href":"https:\/\/cultures.hautsbassins.bf\/index.php\/wp-json\/wp\/v2\/types\/page"}],"author":[{"embeddable":true,"href":"https:\/\/cultures.hautsbassins.bf\/index.php\/wp-json\/wp\/v2\/users\/5"}],"replies":[{"embeddable":true,"href":"https:\/\/cultures.hautsbassins.bf\/index.php\/wp-json\/wp\/v2\/comments?post=2967"}],"version-history":[{"count":5,"href":"https:\/\/cultures.hautsbassins.bf\/index.php\/wp-json\/wp\/v2\/pages\/2967\/revisions"}],"predecessor-version":[{"id":4460,"href":"https:\/\/cultures.hautsbassins.bf\/index.php\/wp-json\/wp\/v2\/pages\/2967\/revisions\/4460"}],"wp:attachment":[{"href":"https:\/\/cultures.hautsbassins.bf\/index.php\/wp-json\/wp\/v2\/media?parent=2967"}],"curies":[{"name":"wp","href":"https:\/\/api.w.org\/{rel}","templated":true}]}}