{"id":2978,"date":"2022-05-19T11:48:53","date_gmt":"2022-05-19T11:48:53","guid":{"rendered":"http:\/\/cultures.hautsbassins.bf\/?page_id=2978"},"modified":"2023-02-20T14:52:23","modified_gmt":"2023-02-20T14:52:23","slug":"traore-mpie-mathias-artiste-musicien-percussionniste","status":"publish","type":"page","link":"https:\/\/cultures.hautsbassins.bf\/index.php\/traore-mpie-mathias-artiste-musicien-percussionniste\/","title":{"rendered":"TRAORE M\u2019pie Mathias"},"content":{"rendered":"\n<p><strong>Artiste-musicien, Percussionniste<\/strong><\/p>\n\n\n\n<p>TRAORE M\u2019pie est un fin amoureux du balafon, instrument dont il prend plaisir \u00e0 jouer lors des r\u00e9jouissances populaires d\u00e8s sa tendre enfance. Pour vivre pleinement son art, Monsieur TRAORE, cr\u00e9\u00e9 l\u2019Association KETON MAFUN qui signifie \u00ab cr\u00e9er \u00e0 la lumi\u00e8re de Dieu \u00bb dans sa commune native qu\u2019est Toussiana. En tant qu\u2019artiste, il a particip\u00e9 \u00e0 des manifestations culturelles aussi bien au niveau r\u00e9gional que national tel le festival B\u00e9 BARRO de Serekeni, Gnongonlo \u00e0 Bobo-Dioulasso\u2026<\/p>\n\n\n\n<p>&nbsp;Au cours de sa vie d\u2019artiste, il a fait preuve de ses talents multidimensionnels allant de l\u2019\u00e9criture \u00e0 la mise en sc\u00e8ne d\u2019\u0153uvres de sensibilisation \u00e0 caract\u00e8re social surtout en milieu scolaire pour le compte de nombreux partenaires. L\u2019acquisition de ces talents a \u00e9t\u00e9 la conjugaison de connaissances th\u00e9oriques et surtout pratiques que l\u2019artiste a b\u00e9n\u00e9fici\u00e9 \u00e0 travers des formations dans les domaines des IEC, de la mise en sc\u00e8ne, de la danse, des contes, de l\u2019Eau, Hygi\u00e8ne et Assainissement.<\/p>\n\n\n\n<p>Contacts&nbsp;: 76453052\/71 48 79 20 Email&nbsp;: <a href=\"mailto:ketonmathias@yahoo.com\">ketonmathias@yahoo.com<\/a><\/p>\n","protected":false},"excerpt":{"rendered":"<p class=\"text-justify mb-2\" >Artiste-musicien, Percussionniste TRAORE M\u2019pie est un fin amoureux du balafon, instrument dont il prend plaisir \u00e0 jouer lors des r\u00e9jouissances populaires d\u00e8s sa tendre enfance. Pour vivre pleinement son art, Monsieur TRAORE, cr\u00e9\u00e9 l\u2019Association KETON MAFUN qui signifie \u00ab cr\u00e9er \u00e0 la lumi\u00e8re de Dieu [&hellip;]<\/p>\n","protected":false},"author":5,"featured_media":2976,"parent":0,"menu_order":0,"comment_status":"closed","ping_status":"closed","template":"","meta":[],"_links":{"self":[{"href":"https:\/\/cultures.hautsbassins.bf\/index.php\/wp-json\/wp\/v2\/pages\/2978"}],"collection":[{"href":"https:\/\/cultures.hautsbassins.bf\/index.php\/wp-json\/wp\/v2\/pages"}],"about":[{"href":"https:\/\/cultures.hautsbassins.bf\/index.php\/wp-json\/wp\/v2\/types\/page"}],"author":[{"embeddable":true,"href":"https:\/\/cultures.hautsbassins.bf\/index.php\/wp-json\/wp\/v2\/users\/5"}],"replies":[{"embeddable":true,"href":"https:\/\/cultures.hautsbassins.bf\/index.php\/wp-json\/wp\/v2\/comments?post=2978"}],"version-history":[{"count":2,"href":"https:\/\/cultures.hautsbassins.bf\/index.php\/wp-json\/wp\/v2\/pages\/2978\/revisions"}],"predecessor-version":[{"id":4738,"href":"https:\/\/cultures.hautsbassins.bf\/index.php\/wp-json\/wp\/v2\/pages\/2978\/revisions\/4738"}],"wp:featuredmedia":[{"embeddable":true,"href":"https:\/\/cultures.hautsbassins.bf\/index.php\/wp-json\/wp\/v2\/media\/2976"}],"wp:attachment":[{"href":"https:\/\/cultures.hautsbassins.bf\/index.php\/wp-json\/wp\/v2\/media?parent=2978"}],"curies":[{"name":"wp","href":"https:\/\/api.w.org\/{rel}","templated":true}]}}