{"id":3027,"date":"2022-06-10T12:59:03","date_gmt":"2022-06-10T12:59:03","guid":{"rendered":"http:\/\/cultures.hautsbassins.bf\/?page_id=3027"},"modified":"2023-04-25T16:22:20","modified_gmt":"2023-04-25T16:22:20","slug":"les-acteurs-de-la-scene","status":"publish","type":"page","link":"https:\/\/cultures.hautsbassins.bf\/index.php\/les-acteurs-de-la-scene\/","title":{"rendered":"les acteurs de la sc\u00e8ne"},"content":{"rendered":"\n<div class=\"is-layout-flex wp-container-4 wp-block-columns alignwide\">\n<div class=\"is-layout-flow wp-elements-ba19d3f3137affb0563636e09ca5f794 wp-block-column has-text-color has-background has-link-color\" style=\"color:#000000;background-color:#ffe97d;padding-top:2em;padding-right:2em;padding-bottom:2em;padding-left:2em\">\n<h2 class=\"has-medium-font-size\" id=\"single\">SCENOGRAPHES \/ METTEURS EN SCENE<\/h2>\n\n\n\n<hr class=\"wp-block-separator has-text-color has-css-opacity has-background is-style-wide\" style=\"background-color:#000000;color:#000000\"\/>\n\n\n\n<p><a href=\"http:\/\/cultures.hautsbassins.bf\/index.php\/2023\/01\/30\/sada-dao\/\">DAO Sada<\/a><\/p>\n\n\n\n<p><a href=\"http:\/\/cultures.hautsbassins.bf\/index.php\/2022\/10\/17\/diarra-yawe-issa\/\">DIARRA Yaw\u00e9 Issa<\/a><\/p>\n\n\n\n<p><a href=\"http:\/\/cultures.hautsbassins.bf\/index.php\/2023\/01\/27\/papa-mahamadou-kouyate\/\">KOUYATE Papa Mahamoudou<\/a><\/p>\n\n\n\n<p><a href=\"http:\/\/cultures.hautsbassins.bf\/index.php\/mamadou-ouattara-artiste-comedien-metteur-en-scene\/\">OUATTARA Mamadou<\/a><\/p>\n\n\n\n<p><a href=\"http:\/\/cultures.hautsbassins.bf\/?page_id=3162&amp;preview=true\" data-type=\"URL\" data-id=\"http:\/\/cultures.hautsbassins.bf\/?page_id=3162&amp;preview=true\">SANOU Moussa<\/a> <\/p>\n\n\n\n<p><a href=\"http:\/\/cultures.hautsbassins.bf\/index.php\/traore-mpie-mathias-artiste-musicien-percussionniste\/\" data-type=\"URL\" data-id=\"http:\/\/cultures.hautsbassins.bf\/index.php\/traore-mpie-mathias-artiste-musicien-percussionniste\/\">TRAORE Mpie Mathi<\/a>as<\/p>\n<\/div>\n\n\n\n<div class=\"is-layout-flow wp-elements-de615525488ca14bcd9dc5c598b216d4 wp-block-column has-vivid-purple-background-color has-text-color has-background has-link-color\" style=\"color:#000000;padding-top:2em;padding-right:2em;padding-bottom:2em;padding-left:2em\">\n<h2 class=\"has-medium-font-size\" id=\"family\">COMEDIENS<\/h2>\n\n\n\n<hr class=\"wp-block-separator has-css-opacity is-style-wide\"\/>\n\n\n\n<ul>\n<li><a href=\"http:\/\/cultures.hautsbassins.bf\/index.php\/adama-konate\/\" data-type=\"URL\" data-id=\"http:\/\/cultures.hautsbassins.bf\/index.php\/adama-konate\/\">KONATE Adama<\/a><\/li>\n\n\n\n<li><a href=\"http:\/\/cultures.hautsbassins.bf\/index.php\/ouedraogo-karim\/\" data-type=\"URL\" data-id=\"http:\/\/cultures.hautsbassins.bf\/index.php\/ouedraogo-karim\/\">OUEDRAOGO Karim (La Joie<\/a>)<\/li>\n\n\n\n<li><a href=\"http:\/\/cultures.hautsbassins.bf\/index.php\/2023\/01\/25\/sanou-francis\/\">SANOU Francis<\/a><\/li>\n\n\n\n<li><a href=\"http:\/\/cultures.hautsbassins.bf\/index.php\/sore-yacouba-alias-yac-le-sapeur\/\" data-type=\"URL\" data-id=\"http:\/\/cultures.hautsbassins.bf\/index.php\/sore-yacouba-alias-yac-le-sapeur\/\">SORE Yacouba (YAC Le Sapeur<\/a>)<\/li>\n\n\n\n<li><a href=\"http:\/\/cultures.hautsbassins.bf\/index.php\/2023\/01\/25\/semeta-zie\/\" data-type=\"URL\" data-id=\"http:\/\/cultures.hautsbassins.bf\/index.php\/2023\/01\/25\/semeta-zie\/\">ZIE S\u00e9m\u00e9ta<\/a><\/li>\n<\/ul>\n<\/div>\n\n\n\n<div class=\"is-layout-flow wp-elements-1a1ea19f5129b05356003b38fb0a8a58 wp-block-column has-text-color has-background has-link-color\" style=\"color:#000000;background-color:#c0ebf1;padding-top:2em;padding-right:2em;padding-bottom:2em;padding-left:2em\">\n<h2 class=\"has-medium-font-size\" id=\"patron\">ORALITES<\/h2>\n\n\n\n<hr class=\"wp-block-separator has-css-opacity is-style-wide\"\/>\n\n\n\n<ul>\n<li><a href=\"http:\/\/cultures.hautsbassins.bf\/index.php\/bamba-moise-francois\/\" data-type=\"URL\" data-id=\"http:\/\/cultures.hautsbassins.bf\/index.php\/bamba-moise-francois\/\">BAMBA Fran\u00e7ois Moise<\/a><\/li>\n\n\n\n<li><a href=\"http:\/\/cultures.hautsbassins.bf\/index.php\/joseph-bamogo-artiste-conteur-comedien-et-metteur-en-scene\/\" data-type=\"URL\" data-id=\"http:\/\/cultures.hautsbassins.bf\/index.php\/joseph-bamogo-artiste-conteur-comedien-et-metteur-en-scene\/\">BAMOGO Joseph<\/a><\/li>\n\n\n\n<li><a href=\"http:\/\/cultures.hautsbassins.bf\/index.php\/2023\/01\/25\/delfy\/\">DABIRE Fid\u00e8le (DELFY)<\/a><\/li>\n\n\n\n<li><a href=\"http:\/\/cultures.hautsbassins.bf\/index.php\/2023\/01\/24\/ky-adama\/\" data-type=\"URL\" data-id=\"http:\/\/cultures.hautsbassins.bf\/index.php\/2023\/01\/24\/ky-adama\/\">KY Adama<\/a><\/li>\n<\/ul>\n<\/div>\n<\/div>\n\n\n\n<div class=\"is-layout-flex wp-container-8 wp-block-columns alignwide\">\n<div class=\"is-layout-flow wp-elements-e37349aa4d771813a48d3d80eab0fbac wp-block-column has-text-color has-background has-link-color\" style=\"color:#000000;background-color:#ffe97d;padding-top:2em;padding-right:2em;padding-bottom:2em;padding-left:2em\">\n<h2 class=\"has-medium-font-size\" id=\"single\">DANSEURS<\/h2>\n\n\n\n<hr class=\"wp-block-separator has-text-color has-css-opacity has-background is-style-wide\" style=\"background-color:#000000;color:#000000\"\/>\n\n\n\n<ul>\n<li><a href=\"http:\/\/cultures.hautsbassins.bf\/index.php\/2023\/01\/30\/farage-barka\/\">BARKA Faraze<\/a><\/li>\n\n\n\n<li><a href=\"http:\/\/cultures.hautsbassins.bf\/index.php\/2023\/01\/30\/ali-coulibaly\/\">COULIBALY Ali<\/a><\/li>\n\n\n\n<li><a href=\"http:\/\/cultures.hautsbassins.bf\/index.php\/2023\/01\/30\/diakaria-diabate\/\">DIABATE Djakaria<\/a><\/li>\n\n\n\n<li><a href=\"http:\/\/cultures.hautsbassins.bf\/index.php\/2023\/01\/30\/smifa\/\">DIARRA Mabouro (SMIFA<\/a>)<\/li>\n\n\n\n<li><a href=\"http:\/\/cultures.hautsbassins.bf\/index.php\/2023\/01\/30\/pascal-kabore\/\">KABORE Pascal<\/a><\/li>\n\n\n\n<li><a href=\"http:\/\/cultures.hautsbassins.bf\/index.php\/2023\/01\/30\/therese-keita\/\">KEITA Th\u00e9r\u00e8se (Maat\u00e9)<\/a><\/li>\n\n\n\n<li><a href=\"http:\/\/cultures.hautsbassins.bf\/index.php\/yaya-ouattara\/\" data-type=\"URL\" data-id=\"http:\/\/cultures.hautsbassins.bf\/index.php\/yaya-ouattara\/\">OUATTARA Yaya<\/a><\/li>\n\n\n\n<li><a href=\"http:\/\/cultures.hautsbassins.bf\/index.php\/2023\/01\/23\/tahirou-djembe\/\">OUEDRAOGO Tahirou (Tahirou Djemb\u00e9<\/a>)<\/li>\n\n\n\n<li><a href=\"http:\/\/cultures.hautsbassins.bf\/index.php\/2023\/01\/24\/ky-adama\/cultures.hautsbassins.bf\/index.php\/2023\/01\/30\/mariam-lihinami-pale\/\">PALE Mariam<\/a><\/li>\n\n\n\n<li><a href=\"http:\/\/cultures.hautsbassins.bf\/index.php\/2023\/01\/30\/issa-sanou\/\">SANOU Issa<\/a><\/li>\n\n\n\n<li><a href=\"http:\/\/cultures.hautsbassins.bf\/index.php\/yaya-sanou\/\" data-type=\"URL\" data-id=\"http:\/\/cultures.hautsbassins.bf\/index.php\/yaya-sanou\/\">SANOU Yaya<\/a><\/li>\n\n\n\n<li><a href=\"http:\/\/cultures.hautsbassins.bf\/index.php\/2023\/01\/30\/issa-sanou\/\" data-type=\"URL\" data-id=\"http:\/\/cultures.hautsbassins.bf\/index.php\/2023\/01\/30\/issa-sanou\/\">TAKRE Yannick<\/a><\/li>\n\n\n\n<li><\/li>\n<\/ul>\n<\/div>\n\n\n\n<div class=\"is-layout-flow wp-elements-8b7b4cfc58d614900684fd43868c95f7 wp-block-column has-text-color has-background has-link-color\" style=\"color:#000000;background-color:#d1d1e1;padding-top:2em;padding-right:2em;padding-bottom:2em;padding-left:2em\">\n<h2 class=\"has-medium-font-size\">CIRCASSIENS<\/h2>\n\n\n\n<ul>\n<li><a href=\"http:\/\/cultures.hautsbassins.bf\/index.php\/2023\/02\/07\/bamogo-ousmane\/\">BAMOGO Ousmane<\/a><\/li>\n\n\n\n<li><a href=\"http:\/\/cultures.hautsbassins.bf\/index.php\/2023\/02\/07\/diakite-souleymane\/?preview_id=4161&amp;preview_nonce=f83f040dc5&amp;preview=true&amp;_thumbnail_id=4164\">DAKITE Souleymane<\/a><\/li>\n\n\n\n<li><a href=\"http:\/\/cultures.hautsbassins.bf\/index.php\/delwende-brice-ismael-kabore\/\"><\/a><a href=\"http:\/\/cultures.hautsbassins.bf\/index.php\/delwende-brice-ismael-kabore\/\">KABORE Brice Ismael<\/a><\/li>\n\n\n\n<li><a href=\"http:\/\/cultures.hautsbassins.bf\/index.php\/2023\/02\/07\/kafando-moussa\/\" data-type=\"URL\" data-id=\"http:\/\/cultures.hautsbassins.bf\/index.php\/2023\/02\/07\/kafando-moussa\/\">KAFANDO Moussa<\/a><\/li>\n\n\n\n<li><a href=\"http:\/\/cultures.hautsbassins.bf\/index.php\/moustapha-konate\/\">KONATE Moustapha<\/a><\/li>\n\n\n\n<li><a href=\"http:\/\/cultures.hautsbassins.bf\/index.php\/adama-ouedraogo\/\">OUEDRAOGO Adama<\/a><\/li>\n\n\n\n<li><a href=\"http:\/\/cultures.hautsbassins.bf\/index.php\/david-ouedraogo\/\">OUEDRAOGO David<\/a><\/li>\n\n\n\n<li><a href=\"http:\/\/cultures.hautsbassins.bf\/index.php\/jean-adolphe-sanou\/\" data-type=\"URL\" data-id=\"http:\/\/cultures.hautsbassins.bf\/index.php\/jean-adolphe-sanou\/\">SANOU Jean Adolphe<\/a><\/li>\n\n\n\n<li><a href=\"http:\/\/cultures.hautsbassins.bf\/index.php\/yves-achille-magloire-sanou\/\" data-type=\"URL\" data-id=\"http:\/\/cultures.hautsbassins.bf\/index.php\/yves-achille-magloire-sanou\/\">SANOU Yves Achille Magloire <\/a><\/li>\n\n\n\n<li><a href=\"http:\/\/cultures.hautsbassins.bf\/index.php\/abdoul-karim-sawadogo\/\">SAWADOGO Abdoul Karim<\/a><\/li>\n\n\n\n<li><a href=\"http:\/\/cultures.hautsbassins.bf\/index.php\/therese-soma\/\">SOMA Th\u00e9r\u00e8se<\/a><\/li>\n\n\n\n<li><a href=\"http:\/\/cultures.hautsbassins.bf\/index.php\/mahouzou-tagnan\/\">TAGNAN Mahouzou<\/a><\/li>\n\n\n\n<li><a href=\"http:\/\/cultures.hautsbassins.bf\/index.php\/sa-fawzi-traore\/\" data-type=\"URL\" data-id=\"http:\/\/cultures.hautsbassins.bf\/index.php\/sa-fawzi-traore\/\">TRAORE Sa Fawzi<\/a><\/li>\n<\/ul>\n<\/div>\n\n\n\n<div class=\"is-layout-flow wp-elements-cba4125a3adc57e5a5895826fb3e83db wp-block-column has-text-color has-background has-link-color\" style=\"color:#000000;background-color:#c0ebf1;padding-top:2em;padding-right:2em;padding-bottom:2em;padding-left:2em\">\n<h2 class=\"has-medium-font-size\" id=\"patron\">PROMOTEURS DE SPECTACLES<\/h2>\n\n\n\n<hr class=\"wp-block-separator has-css-opacity is-style-wide\"\/>\n\n\n\n<ul>\n<li><a href=\"http:\/\/cultures.hautsbassins.bf\/index.php\/2023\/01\/24\/ouedraogo-abdoul-abasse\/\">OUEDRAOGO Abdoul Abasse (PAZO<\/a>)<\/li>\n\n\n\n<li><a href=\"http:\/\/cultures.hautsbassins.bf\/index.php\/ouedraogo-abdoulaye\/\" data-type=\"URL\" data-id=\"http:\/\/cultures.hautsbassins.bf\/index.php\/ouedraogo-abdoulaye\/\">OUEDRAOGO Abdoulaye (Ablo Manager<\/a>)<\/li>\n\n\n\n<li><a href=\"http:\/\/cultures.hautsbassins.bf\/index.php\/2023\/01\/22\/sangare-alexandre-germain\/\">SANGARE Alexandre<\/a><\/li>\n\n\n\n<li><a href=\"http:\/\/cultures.hautsbassins.bf\/index.php\/ibrahima-yili\/\" data-type=\"URL\" data-id=\"http:\/\/cultures.hautsbassins.bf\/index.php\/ibrahima-yili\/\">YILI Ibrahim<\/a><\/li>\n<\/ul>\n\n\n\n<p><\/p>\n<\/div>\n<\/div>\n\n\n\n<div class=\"is-layout-flex wp-container-10 wp-block-columns alignwide\">\n<div class=\"is-layout-flow wp-elements-3607ec4e8a16a560f4d4a8e3bcbc17d6 wp-block-column has-text-color has-background has-link-color\" style=\"color:#000000;background-color:#ffe97d;padding-top:2em;padding-right:2em;padding-bottom:2em;padding-left:2em\">\n<h2 class=\"has-medium-font-size\" id=\"single\">TROUPES THEATRALES<\/h2>\n\n\n\n<ul>\n<li><a href=\"http:\/\/cultures.hautsbassins.bf\/index.php\/compagnie-theatrale-espoir-du-kenedougou\/\" data-type=\"URL\" data-id=\"http:\/\/cultures.hautsbassins.bf\/index.php\/compagnie-theatrale-espoir-du-kenedougou\/\">K\u00e9n\u00e9 Espoir<\/a><\/li>\n<\/ul>\n<\/div>\n<\/div>\n\n\n\n<p><\/p>\n\n\n\n<p><\/p>\n","protected":false},"excerpt":{"rendered":"<p class=\"text-justify mb-2\" >SCENOGRAPHES \/ METTEURS EN SCENE DAO Sada DIARRA Yaw\u00e9 Issa KOUYATE Papa Mahamoudou OUATTARA Mamadou SANOU Moussa TRAORE Mpie Mathias COMEDIENS ORALITES DANSEURS CIRCASSIENS PROMOTEURS DE SPECTACLES TROUPES THEATRALES<\/p>\n","protected":false},"author":3,"featured_media":0,"parent":0,"menu_order":0,"comment_status":"closed","ping_status":"closed","template":"","meta":[],"_links":{"self":[{"href":"https:\/\/cultures.hautsbassins.bf\/index.php\/wp-json\/wp\/v2\/pages\/3027"}],"collection":[{"href":"https:\/\/cultures.hautsbassins.bf\/index.php\/wp-json\/wp\/v2\/pages"}],"about":[{"href":"https:\/\/cultures.hautsbassins.bf\/index.php\/wp-json\/wp\/v2\/types\/page"}],"author":[{"embeddable":true,"href":"https:\/\/cultures.hautsbassins.bf\/index.php\/wp-json\/wp\/v2\/users\/3"}],"replies":[{"embeddable":true,"href":"https:\/\/cultures.hautsbassins.bf\/index.php\/wp-json\/wp\/v2\/comments?post=3027"}],"version-history":[{"count":97,"href":"https:\/\/cultures.hautsbassins.bf\/index.php\/wp-json\/wp\/v2\/pages\/3027\/revisions"}],"predecessor-version":[{"id":4972,"href":"https:\/\/cultures.hautsbassins.bf\/index.php\/wp-json\/wp\/v2\/pages\/3027\/revisions\/4972"}],"wp:attachment":[{"href":"https:\/\/cultures.hautsbassins.bf\/index.php\/wp-json\/wp\/v2\/media?parent=3027"}],"curies":[{"name":"wp","href":"https:\/\/api.w.org\/{rel}","templated":true}]}}