{"id":3039,"date":"2022-06-10T13:09:19","date_gmt":"2022-06-10T13:09:19","guid":{"rendered":"http:\/\/cultures.hautsbassins.bf\/?page_id=3039"},"modified":"2023-04-12T12:39:02","modified_gmt":"2023-04-12T12:39:02","slug":"les-acteurs-du-livre-et-de-ledition","status":"publish","type":"page","link":"https:\/\/cultures.hautsbassins.bf\/index.php\/les-acteurs-du-livre-et-de-ledition\/","title":{"rendered":"Les acteurs du livre et de l&#8217;\u00e9dition"},"content":{"rendered":"\n<div class=\"is-layout-flex wp-container-4 wp-block-columns alignwide\">\n<div class=\"is-layout-flow wp-elements-c14cae0b85ce5354f6f7888cfd070f4d wp-block-column has-text-color has-background has-link-color\" style=\"color:#000000;background-color:#ffe97d;padding-top:2em;padding-right:2em;padding-bottom:2em;padding-left:2em\">\n<h2 class=\"has-medium-font-size\" id=\"single\">\u00c9crivains<\/h2>\n\n\n\n<ul>\n<li><a href=\"http:\/\/cultures.hautsbassins.bf\/index.php\/2023\/03\/09\/joseph-bakhita-sanou\/\" data-type=\"URL\" data-id=\"http:\/\/cultures.hautsbassins.bf\/index.php\/2023\/03\/09\/joseph-bakhita-sanou\/\">Joseph Bakhita SANOU<\/a><\/li>\n<\/ul>\n<\/div>\n\n\n\n<div class=\"is-layout-flow wp-elements-75eb00ead387c98b40a1014cdf7aeca6 wp-block-column has-text-color has-background has-link-color\" style=\"color:#000000;background-color:#d1d1e1;padding-top:2em;padding-right:2em;padding-bottom:2em;padding-left:2em\">\n<h2 class=\"has-medium-font-size\" id=\"family\">\u00c9diteurs<\/h2>\n<\/div>\n\n\n\n<div class=\"is-layout-flow wp-elements-b9112ac6a128131495f02696692316f7 wp-block-column has-text-color has-background has-link-color\" style=\"color:#000000;background-color:#c0ebf1;padding-top:2em;padding-right:2em;padding-bottom:2em;padding-left:2em\">\n<h2 class=\"has-medium-font-size\" id=\"patron\">Imprimeurs<\/h2>\n<\/div>\n<\/div>\n\n\n\n<div class=\"is-layout-flex wp-container-8 wp-block-columns alignwide\">\n<div class=\"is-layout-flow wp-elements-7a57fa87ee6ee71c68967f2a967caa17 wp-block-column has-text-color has-background has-link-color\" style=\"color:#000000;background-color:#ffe97d;padding-top:2em;padding-right:2em;padding-bottom:2em;padding-left:2em\">\n<h2 class=\"has-medium-font-size\" id=\"single\">Biblioth\u00e9caires<\/h2>\n<\/div>\n\n\n\n<div class=\"is-layout-flow wp-elements-5024c240ea7cd15ecc66ada7870bead3 wp-block-column has-text-color has-background has-link-color\" style=\"color:#000000;background-color:#d1d1e1;padding-top:2em;padding-right:2em;padding-bottom:2em;padding-left:2em\">\n<h2 class=\"has-medium-font-size\" id=\"family\">Libraires<\/h2>\n<\/div>\n\n\n\n<div class=\"is-layout-flow wp-elements-ffdb703c2eea49935157107485ee5011 wp-block-column has-text-color has-background has-link-color\" style=\"color:#000000;background-color:#c0ebf1;padding-top:2em;padding-right:2em;padding-bottom:2em;padding-left:2em\">\n<h2 class=\"has-medium-font-size\" id=\"patron\"><strong>M\u00e9c\u00e8ne<\/strong><\/h2>\n<\/div>\n<\/div>\n","protected":false},"excerpt":{"rendered":"<p class=\"text-justify mb-2\" >\u00c9crivains \u00c9diteurs Imprimeurs Biblioth\u00e9caires Libraires M\u00e9c\u00e8ne<\/p>\n","protected":false},"author":3,"featured_media":0,"parent":0,"menu_order":0,"comment_status":"closed","ping_status":"closed","template":"","meta":[],"_links":{"self":[{"href":"https:\/\/cultures.hautsbassins.bf\/index.php\/wp-json\/wp\/v2\/pages\/3039"}],"collection":[{"href":"https:\/\/cultures.hautsbassins.bf\/index.php\/wp-json\/wp\/v2\/pages"}],"about":[{"href":"https:\/\/cultures.hautsbassins.bf\/index.php\/wp-json\/wp\/v2\/types\/page"}],"author":[{"embeddable":true,"href":"https:\/\/cultures.hautsbassins.bf\/index.php\/wp-json\/wp\/v2\/users\/3"}],"replies":[{"embeddable":true,"href":"https:\/\/cultures.hautsbassins.bf\/index.php\/wp-json\/wp\/v2\/comments?post=3039"}],"version-history":[{"count":6,"href":"https:\/\/cultures.hautsbassins.bf\/index.php\/wp-json\/wp\/v2\/pages\/3039\/revisions"}],"predecessor-version":[{"id":4819,"href":"https:\/\/cultures.hautsbassins.bf\/index.php\/wp-json\/wp\/v2\/pages\/3039\/revisions\/4819"}],"wp:attachment":[{"href":"https:\/\/cultures.hautsbassins.bf\/index.php\/wp-json\/wp\/v2\/media?parent=3039"}],"curies":[{"name":"wp","href":"https:\/\/api.w.org\/{rel}","templated":true}]}}