{"id":3042,"date":"2022-06-10T13:11:18","date_gmt":"2022-06-10T13:11:18","guid":{"rendered":"http:\/\/cultures.hautsbassins.bf\/?page_id=3042"},"modified":"2023-04-13T15:15:29","modified_gmt":"2023-04-13T15:15:29","slug":"les-acteurs-du-patrimoine","status":"publish","type":"page","link":"https:\/\/cultures.hautsbassins.bf\/index.php\/les-acteurs-du-patrimoine\/","title":{"rendered":"Les acteurs du patrimoine"},"content":{"rendered":"\n<div class=\"is-layout-flex wp-container-4 wp-block-columns alignwide\">\n<div class=\"is-layout-flow wp-elements-f5298ca8d232c0879c5f17745aa32c28 wp-block-column has-text-color has-background has-link-color\" style=\"color:#000000;background-color:#ffe97d;padding-top:2em;padding-right:2em;padding-bottom:2em;padding-left:2em\">\n<h2 class=\"has-medium-font-size\" id=\"single\">Promoteurs de mus\u00e9es<\/h2>\n<\/div>\n\n\n\n<div class=\"is-layout-flow wp-elements-f68dfddc2dbd0bbd003df10b0edd85af wp-block-column has-text-color has-background has-link-color\" style=\"color:#000000;background-color:#d1d1e1;padding-top:2em;padding-right:2em;padding-bottom:2em;padding-left:2em\">\n<h2 class=\"has-medium-font-size\" id=\"family\"><strong>Promoteurs de festivals<\/strong><\/h2>\n\n\n\n<ul>\n<li><a href=\"http:\/\/cultures.hautsbassins.bf\/index.php\/coulibali-yacouba-metteur-en-scene-choregraphe\/\">COULIBALI Yacouba<\/a><\/li>\n\n\n\n<li><a href=\"http:\/\/cultures.hautsbassins.bf\/index.php\/noufou-sanogo-entrepreneur-culturel\/\">SANOGO Noufou<\/a><\/li>\n\n\n\n<li><a href=\"http:\/\/cultures.hautsbassins.bf\/index.php\/sinka-mahamadi\/\" data-type=\"URL\" data-id=\"http:\/\/cultures.hautsbassins.bf\/index.php\/sinka-mahamadi\/\">SINKA Mahamadi<\/a><\/li>\n\n\n\n<li><a href=\"http:\/\/cultures.hautsbassins.bf\/index.php\/traore-mpie-mathias-artiste-musicien-percussionniste\/\" data-type=\"URL\" data-id=\"http:\/\/cultures.hautsbassins.bf\/index.php\/traore-mpie-mathias-artiste-musicien-percussionniste\/\">TRAORE Mpie Mathia<\/a>s<\/li>\n<\/ul>\n<\/div>\n\n\n\n<div class=\"is-layout-flow wp-elements-ffdb703c2eea49935157107485ee5011 wp-block-column has-text-color has-background has-link-color\" style=\"color:#000000;background-color:#c0ebf1;padding-top:2em;padding-right:2em;padding-bottom:2em;padding-left:2em\">\n<h2 class=\"has-medium-font-size\" id=\"patron\"><strong>M\u00e9c\u00e8ne<\/strong><\/h2>\n<\/div>\n<\/div>\n\n\n\n<p><\/p>\n","protected":false},"excerpt":{"rendered":"<p class=\"text-justify mb-2\" >Promoteurs de mus\u00e9es Promoteurs de festivals M\u00e9c\u00e8ne<\/p>\n","protected":false},"author":3,"featured_media":0,"parent":0,"menu_order":0,"comment_status":"closed","ping_status":"closed","template":"","meta":[],"_links":{"self":[{"href":"https:\/\/cultures.hautsbassins.bf\/index.php\/wp-json\/wp\/v2\/pages\/3042"}],"collection":[{"href":"https:\/\/cultures.hautsbassins.bf\/index.php\/wp-json\/wp\/v2\/pages"}],"about":[{"href":"https:\/\/cultures.hautsbassins.bf\/index.php\/wp-json\/wp\/v2\/types\/page"}],"author":[{"embeddable":true,"href":"https:\/\/cultures.hautsbassins.bf\/index.php\/wp-json\/wp\/v2\/users\/3"}],"replies":[{"embeddable":true,"href":"https:\/\/cultures.hautsbassins.bf\/index.php\/wp-json\/wp\/v2\/comments?post=3042"}],"version-history":[{"count":10,"href":"https:\/\/cultures.hautsbassins.bf\/index.php\/wp-json\/wp\/v2\/pages\/3042\/revisions"}],"predecessor-version":[{"id":4871,"href":"https:\/\/cultures.hautsbassins.bf\/index.php\/wp-json\/wp\/v2\/pages\/3042\/revisions\/4871"}],"wp:attachment":[{"href":"https:\/\/cultures.hautsbassins.bf\/index.php\/wp-json\/wp\/v2\/media?parent=3042"}],"curies":[{"name":"wp","href":"https:\/\/api.w.org\/{rel}","templated":true}]}}