{"id":3072,"date":"2022-06-16T11:34:19","date_gmt":"2022-06-16T11:34:19","guid":{"rendered":"http:\/\/cultures.hautsbassins.bf\/?page_id=3072"},"modified":"2022-06-16T12:29:29","modified_gmt":"2022-06-16T12:29:29","slug":"tyaho-yiropoba","status":"publish","type":"page","link":"https:\/\/cultures.hautsbassins.bf\/index.php\/tyaho-yiropoba\/","title":{"rendered":"TYAHO Yiropoba"},"content":{"rendered":"\n<div class=\"wp-block-media-text alignfull is-stacked-on-mobile\" style=\"grid-template-columns:49% auto\"><figure class=\"wp-block-media-text__media\"><img decoding=\"async\" loading=\"lazy\" width=\"238\" height=\"300\" src=\"http:\/\/cultures.hautsbassins.bf\/wp-content\/uploads\/2022\/06\/IMG-20220401-WA0108-238x300.jpg\" alt=\"\" class=\"wp-image-3073 size-full\" srcset=\"https:\/\/cultures.hautsbassins.bf\/wp-content\/uploads\/2022\/06\/IMG-20220401-WA0108-238x300.jpg 238w, https:\/\/cultures.hautsbassins.bf\/wp-content\/uploads\/2022\/06\/IMG-20220401-WA0108-813x1024.jpg 813w, https:\/\/cultures.hautsbassins.bf\/wp-content\/uploads\/2022\/06\/IMG-20220401-WA0108-768x968.jpg 768w, https:\/\/cultures.hautsbassins.bf\/wp-content\/uploads\/2022\/06\/IMG-20220401-WA0108.jpg 1000w\" sizes=\"(max-width: 238px) 100vw, 238px\" \/><\/figure><div class=\"wp-block-media-text__content\">\n<p style=\"font-size:19px\"><a>TYAHO<\/a> Yiropoba alias FAMA le Milliardaire, artiste com\u00e9dien du cin\u00e9ma est originaire de la province du Tuy et r\u00e9side actuellement \u00e0 Bobo-Dioulasso, Chef-lieu de la r\u00e9gion des Hauts-Bassins. Il est Pr\u00e9sident de l&#8217;Association WAMI qui \u0153uvre pour la promotion culturelle de la province du Tuy de 2003 \u00e0 2008 puis Coordinateur de ladite association de 2009 \u00e0 2013 et r\u00e9\u00e9lu Pr\u00e9sident en 2018&nbsp; \u00e0 nos jours. Cette association \u00e0 particip\u00e9 \u00e0 plusieurs festivals en l\u2019ext\u00e9rieur ( France, Suisse , Portugal, Maroc)et \u00e0 l&#8217;int\u00e9rieur du pays ( Kordi\u00e9) \u00e0 travers les masques blancs de B\u00e9r\u00e9ba . Elle a aussi organis\u00e9 un festival Provincial dans le Tuy mettant en comp\u00e9tition les disciplines suivantes (Th\u00e9\u00e2tre, danse Traditionnelle, ballet Moderne et Composition personnelle de Musique), d\u00e9nomm\u00e9 &#8221; Top Jeunesse Culture avec le soutien du repr\u00e9sentant de M\u00e9dicus Mundi, Daniel&nbsp; Bolanez&nbsp; en 2003.&nbsp;<\/p>\n<\/div><\/div>\n\n\n\n<p><\/p>\n\n\n\n<p class=\"has-medium-font-size\">Il a jou\u00e9 comme acteur principal dans les films : Naatabaya (L\u2019argent o\u00f9 l&#8217;amour) , Trahison Fatale, la Bobolaise, Patii Sankana, le dilemme, Mariage d&#8217;affaires. Il est \u00e9galement Pr\u00e9sident de deux associations r\u00e9gionales du cin\u00e9ma dans les Hauts-Bassins \u00e0 savoir : L\u2019Association Nouvelle Version et l&#8217;Association R\u00e9gionale des Techniciens et Acteurs du Cin\u00e9ma et de l&#8217;Audiovisuel Fasolywood Hauts-Bassins. &nbsp;TYAHO Yiropoba \u0153uvre pour la promotion, la production la formation et le d\u00e9veloppement socio-\u00e9conomique du cin\u00e9ma et la d\u00e9fense des droits et int\u00e9r\u00eats des artistes com\u00e9diens et techniciens du cin\u00e9ma et de l&#8217;audiovisuel \u00e0 travers l&#8217;association Nouvelle Vision.&nbsp;<\/p>\n\n\n\n<p>Contacts: <\/p>\n\n\n\n<p>WhatsApp: (+226 ) 76 66 26 56<\/p>\n\n\n\n<p>  (226) 78 16 43 26. <\/p>\n\n\n\n<p>E-mail : tiaho2000@ yahoo.ca<\/p>\n","protected":false},"excerpt":{"rendered":"<p class=\"text-justify mb-2\" >TYAHO Yiropoba alias FAMA le Milliardaire, artiste com\u00e9dien du cin\u00e9ma est originaire de la province du Tuy et r\u00e9side actuellement \u00e0 Bobo-Dioulasso, Chef-lieu de la r\u00e9gion des Hauts-Bassins. Il est Pr\u00e9sident de l&#8217;Association WAMI qui \u0153uvre pour la promotion culturelle de la province du Tuy [&hellip;]<\/p>\n","protected":false},"author":5,"featured_media":0,"parent":0,"menu_order":0,"comment_status":"closed","ping_status":"closed","template":"","meta":[],"_links":{"self":[{"href":"https:\/\/cultures.hautsbassins.bf\/index.php\/wp-json\/wp\/v2\/pages\/3072"}],"collection":[{"href":"https:\/\/cultures.hautsbassins.bf\/index.php\/wp-json\/wp\/v2\/pages"}],"about":[{"href":"https:\/\/cultures.hautsbassins.bf\/index.php\/wp-json\/wp\/v2\/types\/page"}],"author":[{"embeddable":true,"href":"https:\/\/cultures.hautsbassins.bf\/index.php\/wp-json\/wp\/v2\/users\/5"}],"replies":[{"embeddable":true,"href":"https:\/\/cultures.hautsbassins.bf\/index.php\/wp-json\/wp\/v2\/comments?post=3072"}],"version-history":[{"count":6,"href":"https:\/\/cultures.hautsbassins.bf\/index.php\/wp-json\/wp\/v2\/pages\/3072\/revisions"}],"predecessor-version":[{"id":3086,"href":"https:\/\/cultures.hautsbassins.bf\/index.php\/wp-json\/wp\/v2\/pages\/3072\/revisions\/3086"}],"wp:attachment":[{"href":"https:\/\/cultures.hautsbassins.bf\/index.php\/wp-json\/wp\/v2\/media?parent=3072"}],"curies":[{"name":"wp","href":"https:\/\/api.w.org\/{rel}","templated":true}]}}