{"id":3170,"date":"2022-06-28T11:42:38","date_gmt":"2022-06-28T11:42:38","guid":{"rendered":"http:\/\/cultures.hautsbassins.bf\/?page_id=3170"},"modified":"2022-06-28T11:42:38","modified_gmt":"2022-06-28T11:42:38","slug":"fasky","status":"publish","type":"page","link":"https:\/\/cultures.hautsbassins.bf\/index.php\/fasky\/","title":{"rendered":"Fasky"},"content":{"rendered":"\n<p>Photographe<\/p>\n\n\n\n<div class=\"wp-block-media-text alignwide is-stacked-on-mobile\" style=\"grid-template-columns:43% auto\"><figure class=\"wp-block-media-text__media\"><img decoding=\"async\" loading=\"lazy\" width=\"987\" height=\"650\" src=\"http:\/\/cultures.hautsbassins.bf\/wp-content\/uploads\/2022\/06\/Fasky.png\" alt=\"\" class=\"wp-image-3172 size-full\" srcset=\"https:\/\/cultures.hautsbassins.bf\/wp-content\/uploads\/2022\/06\/Fasky.png 987w, https:\/\/cultures.hautsbassins.bf\/wp-content\/uploads\/2022\/06\/Fasky-300x198.png 300w, https:\/\/cultures.hautsbassins.bf\/wp-content\/uploads\/2022\/06\/Fasky-768x506.png 768w, https:\/\/cultures.hautsbassins.bf\/wp-content\/uploads\/2022\/06\/Fasky-112x75.png 112w\" sizes=\"(max-width: 987px) 100vw, 987px\" \/><\/figure><div class=\"wp-block-media-text__content\">\n<p class=\"has-medium-font-size\">De son nom \u00e0 l&#8217;\u00e9tat civil, Siaka ZERBO, Fasky \u00e9volue depuis 2012 dans le milieu de la photographie. Il a d\u00e9j\u00e0 expos\u00e9 \u00e0 plusieurs reprises au Burkina Faso et au Mali et hors du continent, en Allemagne en Irlande et en France.<\/p>\n<\/div><\/div>\n\n\n\n<p class=\"has-medium-font-size\">Le regard incisif, il arpente les rues de Bobo-Dioulasso, la lani\u00e8re de son appareil autour du cou. En fin observateur, il capture des tranches de vie urbaine qu&#8217;il partage sur son compte Facebook. La force des clich\u00e9s de Fasky, c&#8217;est cette subtilit\u00e9 qu&#8217;il utilise pour extraire l&#8217;essentiel du film de la vie quotidienne pour des arr\u00eats sur images qui nous sortent du temps pour marquer ces moments de pause n\u00e9cessaire afin de penser notre environnement en nous questionnant sur le r\u00f4le que nous y tenons. Il nous fait toucher de fa\u00e7on presque palpable le d\u00e9rouler de notre quotidien.<\/p>\n\n\n\n<p>T\u00e9l. : +226 76450044 <\/p>\n\n\n\n<p>E-mail : faskyras@gmail.com <\/p>\n","protected":false},"excerpt":{"rendered":"<p class=\"text-justify mb-2\" >Photographe De son nom \u00e0 l&#8217;\u00e9tat civil, Siaka ZERBO, Fasky \u00e9volue depuis 2012 dans le milieu de la photographie. Il a d\u00e9j\u00e0 expos\u00e9 \u00e0 plusieurs reprises au Burkina Faso et au Mali et hors du continent, en Allemagne en Irlande et en France. Le regard [&hellip;]<\/p>\n","protected":false},"author":5,"featured_media":0,"parent":0,"menu_order":0,"comment_status":"closed","ping_status":"closed","template":"","meta":[],"_links":{"self":[{"href":"https:\/\/cultures.hautsbassins.bf\/index.php\/wp-json\/wp\/v2\/pages\/3170"}],"collection":[{"href":"https:\/\/cultures.hautsbassins.bf\/index.php\/wp-json\/wp\/v2\/pages"}],"about":[{"href":"https:\/\/cultures.hautsbassins.bf\/index.php\/wp-json\/wp\/v2\/types\/page"}],"author":[{"embeddable":true,"href":"https:\/\/cultures.hautsbassins.bf\/index.php\/wp-json\/wp\/v2\/users\/5"}],"replies":[{"embeddable":true,"href":"https:\/\/cultures.hautsbassins.bf\/index.php\/wp-json\/wp\/v2\/comments?post=3170"}],"version-history":[{"count":2,"href":"https:\/\/cultures.hautsbassins.bf\/index.php\/wp-json\/wp\/v2\/pages\/3170\/revisions"}],"predecessor-version":[{"id":3175,"href":"https:\/\/cultures.hautsbassins.bf\/index.php\/wp-json\/wp\/v2\/pages\/3170\/revisions\/3175"}],"wp:attachment":[{"href":"https:\/\/cultures.hautsbassins.bf\/index.php\/wp-json\/wp\/v2\/media?parent=3170"}],"curies":[{"name":"wp","href":"https:\/\/api.w.org\/{rel}","templated":true}]}}