{"id":3182,"date":"2022-06-28T12:51:07","date_gmt":"2022-06-28T12:51:07","guid":{"rendered":"http:\/\/cultures.hautsbassins.bf\/?page_id=3182"},"modified":"2023-02-17T17:01:50","modified_gmt":"2023-02-17T17:01:50","slug":"dabble-dy","status":"publish","type":"page","link":"https:\/\/cultures.hautsbassins.bf\/index.php\/dabble-dy\/","title":{"rendered":"DABBLE-DY"},"content":{"rendered":"\n<p>Rappeur<\/p>\n\n\n\n<p>SISSOKO Aboubacar dit DABBLE-DY est un artiste musicien, arrangeur\u00a0 et r\u00e9alisateur au studio AKA Record dans la ville de Bobo-Dioulasso. Inscrit dans le registre de la musique moderne, DABBLE-DY \u00e9volue pr\u00e9cis\u00e9ment dans le RAP.<\/p>\n\n\n\n<p class=\"has-medium-font-size\">L\u2019artiste chante aussi bien en dioula qu\u2019en fran\u00e7ais. &nbsp;Les &nbsp;th\u00e8mes abord\u00e9s par l\u2019artiste chanteur sont entre autre l\u2019\u00e9veil des consciences, la gal\u00e8re, sa vie et de paix entre les nations Africaines. Il d\u00e9nonce dans ses chansons &nbsp;les comportements des hommes et les troubles que les hommes laissent germer dans leur esprit par \u00e9go\u00efsme. Le chanteur r\u00eave d\u2019un monde d\u2019ind\u00e9pendant, plein d\u2019amour et de solidarit\u00e9.<\/p>\n\n\n\n<p>DABBLE-DY a particip\u00e9 \u00e9galement \u00e0 des sc\u00e8nes telles que&nbsp;:<\/p>\n\n\n\n<ul>\n<li>Art 2 Rue, en D\u00e9cembre 2013 en partenariat avec la structure 3\u00e8me \u0152il, un podium organis\u00e9 tous les derniers jeudi du mois au Samank\u00e9.<\/li>\n\n\n\n<li>La Caravane des 10 mots, organis\u00e9e lors de la francophonie \u00e0 l\u2019Institut Fran\u00e7ais de Bobo en Mars 2014.<\/li>\n\n\n\n<li>Le Festival TOA (Troph\u00e9e de l\u2019Oralit\u00e9 et des Arts) en Avril 2015 \u00e0 Orodara, Organis\u00e9 par la Compagnie CCIDS de Orodara.<\/li>\n\n\n\n<li>Le Festival Bobo Rap en 2015 organis\u00e9 par Soul Manadja Production au Plateau de Y\u00e9gu\u00e9r\u00e9 de Bobo-Dioulasso.<\/li>\n\n\n\n<li>Participation au Festival Rap En Live le 12 Octobre 2017 au Bois d&#8217;Eb\u00e8ne organis\u00e9 par la structure 2DK Prod.<\/li>\n<\/ul>\n\n\n\n<p>Contacts&nbsp;: (+226) 70 10 34 32 \/ 76 14 11 83 \/ 78 90 84 51<\/p>\n\n\n\n<p>E-mail&nbsp;: <a href=\"mailto:dabbledyaka@gmail.com\">dabbledyaka@gmail.com<\/a><\/p>\n","protected":false},"excerpt":{"rendered":"<p class=\"text-justify mb-2\" >Rappeur SISSOKO Aboubacar dit DABBLE-DY est un artiste musicien, arrangeur\u00a0 et r\u00e9alisateur au studio AKA Record dans la ville de Bobo-Dioulasso. Inscrit dans le registre de la musique moderne, DABBLE-DY \u00e9volue pr\u00e9cis\u00e9ment dans le RAP. L\u2019artiste chante aussi bien en dioula qu\u2019en fran\u00e7ais. &nbsp;Les &nbsp;th\u00e8mes [&hellip;]<\/p>\n","protected":false},"author":5,"featured_media":3183,"parent":0,"menu_order":0,"comment_status":"closed","ping_status":"closed","template":"","meta":[],"_links":{"self":[{"href":"https:\/\/cultures.hautsbassins.bf\/index.php\/wp-json\/wp\/v2\/pages\/3182"}],"collection":[{"href":"https:\/\/cultures.hautsbassins.bf\/index.php\/wp-json\/wp\/v2\/pages"}],"about":[{"href":"https:\/\/cultures.hautsbassins.bf\/index.php\/wp-json\/wp\/v2\/types\/page"}],"author":[{"embeddable":true,"href":"https:\/\/cultures.hautsbassins.bf\/index.php\/wp-json\/wp\/v2\/users\/5"}],"replies":[{"embeddable":true,"href":"https:\/\/cultures.hautsbassins.bf\/index.php\/wp-json\/wp\/v2\/comments?post=3182"}],"version-history":[{"count":2,"href":"https:\/\/cultures.hautsbassins.bf\/index.php\/wp-json\/wp\/v2\/pages\/3182\/revisions"}],"predecessor-version":[{"id":4705,"href":"https:\/\/cultures.hautsbassins.bf\/index.php\/wp-json\/wp\/v2\/pages\/3182\/revisions\/4705"}],"wp:featuredmedia":[{"embeddable":true,"href":"https:\/\/cultures.hautsbassins.bf\/index.php\/wp-json\/wp\/v2\/media\/3183"}],"wp:attachment":[{"href":"https:\/\/cultures.hautsbassins.bf\/index.php\/wp-json\/wp\/v2\/media?parent=3182"}],"curies":[{"name":"wp","href":"https:\/\/api.w.org\/{rel}","templated":true}]}}