{"id":3253,"date":"2022-07-01T18:17:58","date_gmt":"2022-07-01T18:17:58","guid":{"rendered":"http:\/\/cultures.hautsbassins.bf\/?page_id=3253"},"modified":"2022-07-01T18:17:58","modified_gmt":"2022-07-01T18:17:58","slug":"sinka-mahamadi","status":"publish","type":"page","link":"https:\/\/cultures.hautsbassins.bf\/index.php\/sinka-mahamadi\/","title":{"rendered":"SINKA Mahamadi"},"content":{"rendered":"\n<div class=\"wp-block-media-text alignwide is-stacked-on-mobile\" style=\"grid-template-columns:15% auto\"><figure class=\"wp-block-media-text__media\"><img decoding=\"async\" loading=\"lazy\" width=\"698\" height=\"1024\" src=\"http:\/\/cultures.hautsbassins.bf\/wp-content\/uploads\/2022\/07\/Nouveau-document-2022-04-28-13.54.53_1-1-698x1024.jpg\" alt=\"\" class=\"wp-image-3255 size-full\" srcset=\"https:\/\/cultures.hautsbassins.bf\/wp-content\/uploads\/2022\/07\/Nouveau-document-2022-04-28-13.54.53_1-1-698x1024.jpg 698w, https:\/\/cultures.hautsbassins.bf\/wp-content\/uploads\/2022\/07\/Nouveau-document-2022-04-28-13.54.53_1-1-205x300.jpg 205w, https:\/\/cultures.hautsbassins.bf\/wp-content\/uploads\/2022\/07\/Nouveau-document-2022-04-28-13.54.53_1-1-768x1126.jpg 768w, https:\/\/cultures.hautsbassins.bf\/wp-content\/uploads\/2022\/07\/Nouveau-document-2022-04-28-13.54.53_1-1-1047x1536.jpg 1047w, https:\/\/cultures.hautsbassins.bf\/wp-content\/uploads\/2022\/07\/Nouveau-document-2022-04-28-13.54.53_1-1.jpg 1072w\" sizes=\"(max-width: 698px) 100vw, 698px\" \/><\/figure><div class=\"wp-block-media-text__content\">\n<p>Instituteur de formation, l\u2019int\u00e9r\u00eat que Mahamadi SINKA accorde \u00e0 la promotion culturelle s\u2019est vue accroitre au fil de sa carri\u00e8re professionnelle. Il s\u2019est vu confi\u00e9 de 2002 \u00e0 2021 par sa hi\u00e9rarchie la charge de la promotion de la culture et du sport de la Circonscription Educative de Base de Bobo n\u00b06 et n\u00b08. De 2002 \u00e0 2021, il est nomm\u00e9 Attach\u00e9 culturel de l\u2019Arrondissement n\u00b0 2 de Bobo-Dioulasso.<\/p>\n<\/div><\/div>\n\n\n\n<p>Dans le cadre de ses activit\u00e9s culturelles, il fonde avec d\u2019autres acteurs l\u2019Association Woka-Kuma de Bobo-Dioulasso, dont il est actuellement le pr\u00e9sident. &nbsp;Cette Association fait la promotion \u00e0 Berlin en Allemagne d\u2019un festival qui porte le m\u00eame nom. Mahamadi SINKA est promoteur du Festival de la Culture de Colsama (FESTICO), un festival de musique et de danse traditionnelle \u00e0 Bobo-Dioulasso. Membre fondateur du R\u00e9seau des Acteurs Culturels des Hauts-Bassins (RAC\/HBS) dont il est le Secr\u00e9taire charg\u00e9 \u00e0 l\u2019organisation, Monsieur SINKA est Chevalier de l\u2019Ordre de l\u2019Etalon (2018). Depuis octobre 2006, il est nomm\u00e9 Ambassadeur de Paix par la F\u00e9d\u00e9ration pour la Paix Universelle. D\u00e9sormais Instituteur retrait\u00e9, il se consacre enti\u00e8rement \u00e0 ses activit\u00e9s de promotion culturelles.<\/p>\n\n\n\n<p>Contacts&nbsp;: <em>65100768\/ 70703599<\/em><\/p>\n\n\n\n<p><em>e-mail&nbsp;:<\/em> <a href=\"mailto:awokuma@gmail.com\"><em>awokuma@gmail.com<\/em><\/a><em><\/em><\/p>\n","protected":false},"excerpt":{"rendered":"<p class=\"text-justify mb-2\" >Instituteur de formation, l\u2019int\u00e9r\u00eat que Mahamadi SINKA accorde \u00e0 la promotion culturelle s\u2019est vue accroitre au fil de sa carri\u00e8re professionnelle. Il s\u2019est vu confi\u00e9 de 2002 \u00e0 2021 par sa hi\u00e9rarchie la charge de la promotion de la culture et du sport de la [&hellip;]<\/p>\n","protected":false},"author":5,"featured_media":0,"parent":0,"menu_order":0,"comment_status":"closed","ping_status":"closed","template":"","meta":[],"_links":{"self":[{"href":"https:\/\/cultures.hautsbassins.bf\/index.php\/wp-json\/wp\/v2\/pages\/3253"}],"collection":[{"href":"https:\/\/cultures.hautsbassins.bf\/index.php\/wp-json\/wp\/v2\/pages"}],"about":[{"href":"https:\/\/cultures.hautsbassins.bf\/index.php\/wp-json\/wp\/v2\/types\/page"}],"author":[{"embeddable":true,"href":"https:\/\/cultures.hautsbassins.bf\/index.php\/wp-json\/wp\/v2\/users\/5"}],"replies":[{"embeddable":true,"href":"https:\/\/cultures.hautsbassins.bf\/index.php\/wp-json\/wp\/v2\/comments?post=3253"}],"version-history":[{"count":1,"href":"https:\/\/cultures.hautsbassins.bf\/index.php\/wp-json\/wp\/v2\/pages\/3253\/revisions"}],"predecessor-version":[{"id":3256,"href":"https:\/\/cultures.hautsbassins.bf\/index.php\/wp-json\/wp\/v2\/pages\/3253\/revisions\/3256"}],"wp:attachment":[{"href":"https:\/\/cultures.hautsbassins.bf\/index.php\/wp-json\/wp\/v2\/media?parent=3253"}],"curies":[{"name":"wp","href":"https:\/\/api.w.org\/{rel}","templated":true}]}}