{"id":3395,"date":"2022-07-12T14:02:02","date_gmt":"2022-07-12T14:02:02","guid":{"rendered":"http:\/\/cultures.hautsbassins.bf\/?page_id=3395"},"modified":"2023-02-16T11:29:30","modified_gmt":"2023-02-16T11:29:30","slug":"centre-siraba","status":"publish","type":"page","link":"https:\/\/cultures.hautsbassins.bf\/index.php\/centre-siraba\/","title":{"rendered":"Centre SIRABA"},"content":{"rendered":"\n<div class=\"wp-block-media-text alignwide is-stacked-on-mobile is-vertically-aligned-top\"><figure class=\"wp-block-media-text__media\"><img decoding=\"async\" loading=\"lazy\" width=\"1024\" height=\"683\" src=\"http:\/\/cultures.hautsbassins.bf\/wp-content\/uploads\/2022\/07\/IMG_4443-1024x683.jpg\" alt=\"\" class=\"wp-image-3309 size-full\"\/><\/figure><div class=\"wp-block-media-text__content\">\n<p class=\"has-medium-font-size\">L\u2019association SIRABA est une structure qui existe dans le paysage culturel et artistique du Burkina Faso depuis plus de quinze ans. Elle est l\u2019histoire d\u2019une rencontre entre les artistes, des groupes artistiques de notre pays et d\u2019ailleurs. Pour une n\u00e9cessit\u00e9 commune, les membres de ces groupes se sont constitu\u00e9s en association avec pour objectif principal de cr\u00e9er un cadre convivial de rencontre de formation dans les domaines des arts de la sc\u00e8ne (th\u00e9\u00e2tre, danse, musique) ainsi que des arts plastiques (teinture, sculpture etc.\u2026)&nbsp; et de favoriser les \u00e9changes interculturels \u00e0 Bobo-Dioulasso et dans le monde entier. Elle a son si\u00e8ge au secteur 21 de la ville de Bobo-Dioulasso.<\/p>\n<\/div><\/div>\n\n\n\n<div class=\"wp-block-media-text alignwide is-stacked-on-mobile is-vertically-aligned-top\"><figure class=\"wp-block-media-text__media\"><img decoding=\"async\" loading=\"lazy\" width=\"1024\" height=\"683\" src=\"http:\/\/cultures.hautsbassins.bf\/wp-content\/uploads\/2022\/07\/IMG_4395-1024x683.jpg\" alt=\"\" class=\"wp-image-3310 size-full\" srcset=\"https:\/\/cultures.hautsbassins.bf\/wp-content\/uploads\/2022\/07\/IMG_4395-1024x683.jpg 1024w, https:\/\/cultures.hautsbassins.bf\/wp-content\/uploads\/2022\/07\/IMG_4395-300x200.jpg 300w, https:\/\/cultures.hautsbassins.bf\/wp-content\/uploads\/2022\/07\/IMG_4395-768x512.jpg 768w, https:\/\/cultures.hautsbassins.bf\/wp-content\/uploads\/2022\/07\/IMG_4395-1536x1024.jpg 1536w, https:\/\/cultures.hautsbassins.bf\/wp-content\/uploads\/2022\/07\/IMG_4395-2048x1365.jpg 2048w, https:\/\/cultures.hautsbassins.bf\/wp-content\/uploads\/2022\/07\/IMG_4395-650x434.jpg 650w, https:\/\/cultures.hautsbassins.bf\/wp-content\/uploads\/2022\/07\/IMG_4395-730x487.jpg 730w, https:\/\/cultures.hautsbassins.bf\/wp-content\/uploads\/2022\/07\/IMG_4395-112x75.jpg 112w, https:\/\/cultures.hautsbassins.bf\/wp-content\/uploads\/2022\/07\/IMG_4395-425x283.jpg 425w, https:\/\/cultures.hautsbassins.bf\/wp-content\/uploads\/2022\/07\/IMG_4395-430x287.jpg 430w\" sizes=\"(max-width: 1024px) 100vw, 1024px\" \/><\/figure><div class=\"wp-block-media-text__content\">\n<p class=\"has-medium-font-size\">Pour atteindre ces objectifs, l\u2019association m\u00e8ne plusieurs actions&nbsp;:<\/p>\n\n\n\n<p class=\"has-medium-font-size\">\u00b7&nbsp; Cr\u00e9ation et diffusion des \u0153uvres artistiques et litt\u00e9raire (Th\u00e9\u00e2tre, musique, danse, marionnette, cin\u00e9ma, arts plastiques\u2026)<\/p>\n\n\n\n<p class=\"has-medium-font-size\">\u00b7&nbsp; Coordination des projets et actions&nbsp;: l\u2019\u00e9laboration et \u00e0 la conduite du projet d\u2019animation sociale et culturelle dans le cadre des objectifs de l\u2019Association Siraba<\/p>\n\n\n\n<p class=\"has-medium-font-size\">\u00b7&nbsp; Coordonner la mise en \u0153uvre de projets sociaux et culturels<\/p>\n\n\n\n<p class=\"has-medium-font-size\">\u00b7&nbsp; Collaboration avec des d\u2019autres organismes nationaux ou internationaux publiques ou priv\u00e9s poursuivant les m\u00eames objectifs que l\u2019Association Siraba<\/p>\n\n\n\n<p class=\"has-medium-font-size\">\u00b7&nbsp; L\u2019action humanitaire vise \u00e0 sauver et pr\u00e9server la vie et la dignit\u00e9 de personnes victimes d\u2019un conflit ou d\u2019une catastrophe<\/p>\n\n\n\n<p class=\"has-medium-font-size\">\u00b7&nbsp; \u0152uvre aux fronti\u00e8res de la culture avec le secteur \u00e9ducatif, du loisir ou du social (l\u2019art \u00e0 l\u2019\u00e9cole, l\u2019animation socioculturelle, la r\u00e9insertion par le d\u00e9veloppement culturel<\/p>\n\n\n\n<p class=\"has-medium-font-size\">\u00b7&nbsp; Protection de l\u2019environnement et biodiversit\u00e9&nbsp;: apporter notre concours \u00e0 la sensibilisation et \u00e0 lutte contre la d\u00e9gradation de l\u2019environnement et approfondir la connaissance des uns et des autres sur l\u2019\u00e9cocitoyennet\u00e9 et l\u2019\u00e9ducation.<\/p>\n<\/div><\/div>\n\n\n\n<figure class=\"wp-block-image size-large\"><img decoding=\"async\" loading=\"lazy\" width=\"1024\" height=\"683\" src=\"http:\/\/cultures.hautsbassins.bf\/wp-content\/uploads\/2022\/07\/IMG_4392-1024x683.jpg\" alt=\"\" class=\"wp-image-3311\" srcset=\"https:\/\/cultures.hautsbassins.bf\/wp-content\/uploads\/2022\/07\/IMG_4392-1024x683.jpg 1024w, https:\/\/cultures.hautsbassins.bf\/wp-content\/uploads\/2022\/07\/IMG_4392-300x200.jpg 300w, https:\/\/cultures.hautsbassins.bf\/wp-content\/uploads\/2022\/07\/IMG_4392-768x512.jpg 768w, https:\/\/cultures.hautsbassins.bf\/wp-content\/uploads\/2022\/07\/IMG_4392-1536x1024.jpg 1536w, https:\/\/cultures.hautsbassins.bf\/wp-content\/uploads\/2022\/07\/IMG_4392-2048x1365.jpg 2048w, https:\/\/cultures.hautsbassins.bf\/wp-content\/uploads\/2022\/07\/IMG_4392-650x434.jpg 650w, https:\/\/cultures.hautsbassins.bf\/wp-content\/uploads\/2022\/07\/IMG_4392-730x487.jpg 730w, https:\/\/cultures.hautsbassins.bf\/wp-content\/uploads\/2022\/07\/IMG_4392-112x75.jpg 112w, https:\/\/cultures.hautsbassins.bf\/wp-content\/uploads\/2022\/07\/IMG_4392-425x283.jpg 425w, https:\/\/cultures.hautsbassins.bf\/wp-content\/uploads\/2022\/07\/IMG_4392-430x287.jpg 430w\" sizes=\"(max-width: 1024px) 100vw, 1024px\" \/><figcaption class=\"wp-element-caption\">Sc\u00e8ne SIRABA<\/figcaption><\/figure>\n\n\n\n<p>Au niveau fonctionnel, Siraba est constitu\u00e9 de troupes membres&nbsp;: Deux troupes de th\u00e9\u00e2tre : L\u2019Ensemble Th\u00e9\u00e2tral Badenya et L\u2019Atelier Th\u00e9\u00e2tre Sanyon; d\u2019une troupe de musique tradi-moderne, le groupe musical Siraba et une troupe de danse. Tous r\u00e9pondants aux objectifs de l\u2019Association.<\/p>\n\n\n\n<p class=\"has-medium-font-size\">Les troupes de th\u00e9\u00e2tre&nbsp;: elles occupent aujourd&#8217;hui une place particuli\u00e8re dans le paysage th\u00e9\u00e2tral national. Ces deux troupes th\u00e9\u00e2trales ont \u00e9t\u00e9 prim\u00e9es premi\u00e8re et deuxi\u00e8me au grand prix des arts et des lettres lors de la Semaine Nationale de la Culture Bobo 2008. Elles ont aussi \u00e0 leurs actifs plusieurs pi\u00e8ces d\u2019auteur, des cr\u00e9ations collectives et des pi\u00e8ces de sensibilisation.<\/p>\n\n\n\n<p class=\"has-medium-font-size\">La troupe de danse&nbsp;: elle a une exp\u00e9rience bas\u00e9e sur la recherche, la rencontre, l\u2019\u00e9change, autour de la danse bas\u00e9e sur un m\u00e9tissage des danses africaines. Cette formation de SIRABA, apr\u00e8s s\u2019\u00eatre enrichie par des danses et des musiques traditionnelles de plusieurs pays, propose plusieurs spectacles qui mettent en sc\u00e8ne des \u00e9v\u00e8nements de la vie traditionnelle et moderne. Elle puise son \u00e9nergie dans la force spirituelle et physique des danses africaines.<\/p>\n\n\n\n<p class=\"has-medium-font-size\">Dans le cadre de ses activit\u00e9s, le centre SIRABA, organise&nbsp;:<\/p>\n\n\n\n<p class=\"has-medium-font-size\">\u00b7&nbsp; Chaque semaine, des cours de danses, tous les mardis, jeudis et samedi.<\/p>\n\n\n\n<p class=\"has-medium-font-size\">\u00b7&nbsp; Chaque ann\u00e9e, r\u00e9alise un projet d\u00e9nomm\u00e9&nbsp;: \u00ab&nbsp;Projet d\u2019\u00e9veil culturel et litt\u00e9raire&nbsp;\u00bb avec les \u00e9l\u00e8ves du primaire de la R\u00e9gion des Hauts-Bassins avec pour th\u00e8me la protection de l\u2019environnement.<\/p>\n\n\n\n<p class=\"has-medium-font-size\">Contacts: 00226 70 81 85 41\/00226 78 18 28 08<\/p>\n\n\n\n<p>E mail : <a href=\"mailto:association_siraba@hotmail.com\">association_siraba@hotmail.com<\/a> \/ <a href=\"mailto:centresiraba@gmail.com\">centresiraba@gmail.com<\/a><\/p>\n\n\n\n<p>site web : <a href=\"https:\/\/siraba.cabanova.com\/\">www.siraba.cabanova.com<\/a><\/p>\n","protected":false},"excerpt":{"rendered":"<p class=\"text-justify mb-2\" >L\u2019association SIRABA est une structure qui existe dans le paysage culturel et artistique du Burkina Faso depuis plus de quinze ans. Elle est l\u2019histoire d\u2019une rencontre entre les artistes, des groupes artistiques de notre pays et d\u2019ailleurs. Pour une n\u00e9cessit\u00e9 commune, les membres de ces [&hellip;]<\/p>\n","protected":false},"author":3,"featured_media":0,"parent":0,"menu_order":0,"comment_status":"closed","ping_status":"closed","template":"","meta":[],"_links":{"self":[{"href":"https:\/\/cultures.hautsbassins.bf\/index.php\/wp-json\/wp\/v2\/pages\/3395"}],"collection":[{"href":"https:\/\/cultures.hautsbassins.bf\/index.php\/wp-json\/wp\/v2\/pages"}],"about":[{"href":"https:\/\/cultures.hautsbassins.bf\/index.php\/wp-json\/wp\/v2\/types\/page"}],"author":[{"embeddable":true,"href":"https:\/\/cultures.hautsbassins.bf\/index.php\/wp-json\/wp\/v2\/users\/3"}],"replies":[{"embeddable":true,"href":"https:\/\/cultures.hautsbassins.bf\/index.php\/wp-json\/wp\/v2\/comments?post=3395"}],"version-history":[{"count":2,"href":"https:\/\/cultures.hautsbassins.bf\/index.php\/wp-json\/wp\/v2\/pages\/3395\/revisions"}],"predecessor-version":[{"id":4379,"href":"https:\/\/cultures.hautsbassins.bf\/index.php\/wp-json\/wp\/v2\/pages\/3395\/revisions\/4379"}],"wp:attachment":[{"href":"https:\/\/cultures.hautsbassins.bf\/index.php\/wp-json\/wp\/v2\/media?parent=3395"}],"curies":[{"name":"wp","href":"https:\/\/api.w.org\/{rel}","templated":true}]}}