{"id":3403,"date":"2022-07-12T14:32:58","date_gmt":"2022-07-12T14:32:58","guid":{"rendered":"http:\/\/cultures.hautsbassins.bf\/?page_id=3403"},"modified":"2023-02-15T17:34:57","modified_gmt":"2023-02-15T17:34:57","slug":"centre-seko","status":"publish","type":"page","link":"https:\/\/cultures.hautsbassins.bf\/index.php\/centre-seko\/","title":{"rendered":"Centre SEKO"},"content":{"rendered":"\n<div class=\"wp-block-media-text alignwide is-stacked-on-mobile\"><figure class=\"wp-block-media-text__media\"><img decoding=\"async\" loading=\"lazy\" width=\"1024\" height=\"768\" src=\"http:\/\/cultures.hautsbassins.bf\/wp-content\/uploads\/2022\/07\/IMG_20220325_181337_206-1024x768.jpg\" alt=\"\" class=\"wp-image-3304 size-full\" srcset=\"https:\/\/cultures.hautsbassins.bf\/wp-content\/uploads\/2022\/07\/IMG_20220325_181337_206-1024x768.jpg 1024w, https:\/\/cultures.hautsbassins.bf\/wp-content\/uploads\/2022\/07\/IMG_20220325_181337_206-300x225.jpg 300w, https:\/\/cultures.hautsbassins.bf\/wp-content\/uploads\/2022\/07\/IMG_20220325_181337_206-768x576.jpg 768w, https:\/\/cultures.hautsbassins.bf\/wp-content\/uploads\/2022\/07\/IMG_20220325_181337_206-1536x1152.jpg 1536w, https:\/\/cultures.hautsbassins.bf\/wp-content\/uploads\/2022\/07\/IMG_20220325_181337_206-2048x1536.jpg 2048w\" sizes=\"(max-width: 1024px) 100vw, 1024px\" \/><\/figure><div class=\"wp-block-media-text__content\">\n<p class=\"has-medium-font-size\">Le centre SEKO est un espace culturel, artistique et sociale. Il dispose en son sein une salle de r\u00e9p\u00e9tition et de cr\u00e9ation musicale dot\u00e9e de logiciel de sonorisation, une sc\u00e8ne de 76 m\u00e8tres carr\u00e9s sablonneux et un local workroom pour les workshops.<\/p>\n\n\n\n<p class=\"has-medium-font-size\">Il offre \u00e9galement un cadre de r\u00e9sidence pour les artistes et de formation pour les jeunes. Les structures si\u00e9geant au centre SEKO sont : l&#8217;entreprise culturel ART&#8217;TITUDES, KANDIA CONSULTING GROUP et le GIE ART DU FEU. Le centre SEKO est situ\u00e9 au secteur 10 (y\u00e9gu\u00e9r\u00e9) 150m c\u00f4t\u00e9 Est du coll\u00e8ge \u00e9vang\u00e9lique 2.<\/p>\n\n\n\n<p class=\"has-medium-font-size\">La gestionnaire du centre : A\u00efchata ZEBA<\/p>\n\n\n\n<p class=\"has-medium-font-size\">Contact: +226 77828205<\/p>\n\n\n\n<p class=\"has-medium-font-size\">Email: <a href=\"mailto:aichazeba49@gmail.com\">aichazeba49@gmail.com<\/a><\/p>\n\n\n\n<p class=\"has-medium-font-size\">Directeur artistique : Fid\u00e8le DABIRE<\/p>\n\n\n\n<p class=\"has-medium-font-size\">Contact: +226 75734282<\/p>\n\n\n\n<p class=\"has-medium-font-size\">Email : dabirefidele1@gmail.com<\/p>\n<\/div><\/div>\n","protected":false},"excerpt":{"rendered":"<p class=\"text-justify mb-2\" >Le centre SEKO est un espace culturel, artistique et sociale. Il dispose en son sein une salle de r\u00e9p\u00e9tition et de cr\u00e9ation musicale dot\u00e9e de logiciel de sonorisation, une sc\u00e8ne de 76 m\u00e8tres carr\u00e9s sablonneux et un local workroom pour les workshops. Il offre \u00e9galement [&hellip;]<\/p>\n","protected":false},"author":3,"featured_media":0,"parent":0,"menu_order":0,"comment_status":"closed","ping_status":"closed","template":"","meta":[],"_links":{"self":[{"href":"https:\/\/cultures.hautsbassins.bf\/index.php\/wp-json\/wp\/v2\/pages\/3403"}],"collection":[{"href":"https:\/\/cultures.hautsbassins.bf\/index.php\/wp-json\/wp\/v2\/pages"}],"about":[{"href":"https:\/\/cultures.hautsbassins.bf\/index.php\/wp-json\/wp\/v2\/types\/page"}],"author":[{"embeddable":true,"href":"https:\/\/cultures.hautsbassins.bf\/index.php\/wp-json\/wp\/v2\/users\/3"}],"replies":[{"embeddable":true,"href":"https:\/\/cultures.hautsbassins.bf\/index.php\/wp-json\/wp\/v2\/comments?post=3403"}],"version-history":[{"count":1,"href":"https:\/\/cultures.hautsbassins.bf\/index.php\/wp-json\/wp\/v2\/pages\/3403\/revisions"}],"predecessor-version":[{"id":3404,"href":"https:\/\/cultures.hautsbassins.bf\/index.php\/wp-json\/wp\/v2\/pages\/3403\/revisions\/3404"}],"wp:attachment":[{"href":"https:\/\/cultures.hautsbassins.bf\/index.php\/wp-json\/wp\/v2\/media?parent=3403"}],"curies":[{"name":"wp","href":"https:\/\/api.w.org\/{rel}","templated":true}]}}