{"id":3455,"date":"2022-07-12T16:45:27","date_gmt":"2022-07-12T16:45:27","guid":{"rendered":"http:\/\/cultures.hautsbassins.bf\/?page_id=3455"},"modified":"2023-02-15T17:24:08","modified_gmt":"2023-02-15T17:24:08","slug":"art-au-dela-du-handicapadh","status":"publish","type":"page","link":"https:\/\/cultures.hautsbassins.bf\/index.php\/art-au-dela-du-handicapadh\/","title":{"rendered":"Art au-del\u00e0 du Handicap(ADH)"},"content":{"rendered":"\n<div class=\"wp-block-media-text alignwide is-stacked-on-mobile is-vertically-aligned-top\"><figure class=\"wp-block-media-text__media\"><img decoding=\"async\" loading=\"lazy\" width=\"1008\" height=\"756\" src=\"http:\/\/cultures.hautsbassins.bf\/wp-content\/uploads\/2022\/07\/IMG-20220414-WA0005-2.jpg\" alt=\"\" class=\"wp-image-3235 size-full\" srcset=\"https:\/\/cultures.hautsbassins.bf\/wp-content\/uploads\/2022\/07\/IMG-20220414-WA0005-2.jpg 1008w, https:\/\/cultures.hautsbassins.bf\/wp-content\/uploads\/2022\/07\/IMG-20220414-WA0005-2-300x225.jpg 300w, https:\/\/cultures.hautsbassins.bf\/wp-content\/uploads\/2022\/07\/IMG-20220414-WA0005-2-768x576.jpg 768w\" sizes=\"(max-width: 1008px) 100vw, 1008px\" \/><\/figure><div class=\"wp-block-media-text__content\">\n<p class=\"has-medium-font-size\">Cr\u00e9\u00e9e en mars 2016, l\u2019association Art au-del\u00e0 du Handicap (ADH) de la r\u00e9gion des Hauts-Bassins a son si\u00e8ge au secteur n\u00b017 \u00e0 Bobo. Elle contribue \u00e0 la cr\u00e9ation des conditions favorables au d\u00e9veloppement et l\u2019\u00e9panouissement des personnes vivant avec un handicap. En plus elle leur permet de participer au processus du d\u00e9veloppement social, \u00e9conomique et culturel du Burkina Faso.<\/p>\n\n\n\n<p class=\"has-medium-font-size\">&nbsp;L\u2019ADH a pour objectifs de :<\/p>\n\n\n\n<ul>\n<li>lutter contre toutes formes de discrimination \u00e0 l\u2019\u00e9gard des personnes vivant avec un handicap ;<\/li>\n\n\n\n<li>susciter et renforcer l\u2019esprit de solidarit\u00e9 et d\u2019entre aide mutuel entre des personnes en situation de handicap \u00e0 travers la culture et l\u2019art ;<\/li>\n\n\n\n<li>assurer la formation des membres dans le domaine de l\u2019\u00e9ducation artistique ;<\/li>\n\n\n\n<li>promouvoir les talents artistiques et culturels des personnes en situation de handicap.<\/li>\n<\/ul>\n<\/div><\/div>\n\n\n\n<figure class=\"wp-block-image size-large\"><img decoding=\"async\" loading=\"lazy\" width=\"1024\" height=\"683\" src=\"http:\/\/cultures.hautsbassins.bf\/wp-content\/uploads\/2022\/07\/IMG_4474-1024x683.jpg\" alt=\"\" class=\"wp-image-3230\" srcset=\"https:\/\/cultures.hautsbassins.bf\/wp-content\/uploads\/2022\/07\/IMG_4474-1024x683.jpg 1024w, https:\/\/cultures.hautsbassins.bf\/wp-content\/uploads\/2022\/07\/IMG_4474-300x200.jpg 300w, https:\/\/cultures.hautsbassins.bf\/wp-content\/uploads\/2022\/07\/IMG_4474-768x512.jpg 768w, https:\/\/cultures.hautsbassins.bf\/wp-content\/uploads\/2022\/07\/IMG_4474-1536x1024.jpg 1536w, https:\/\/cultures.hautsbassins.bf\/wp-content\/uploads\/2022\/07\/IMG_4474-2048x1365.jpg 2048w, https:\/\/cultures.hautsbassins.bf\/wp-content\/uploads\/2022\/07\/IMG_4474-650x434.jpg 650w, https:\/\/cultures.hautsbassins.bf\/wp-content\/uploads\/2022\/07\/IMG_4474-730x487.jpg 730w, https:\/\/cultures.hautsbassins.bf\/wp-content\/uploads\/2022\/07\/IMG_4474-112x75.jpg 112w, https:\/\/cultures.hautsbassins.bf\/wp-content\/uploads\/2022\/07\/IMG_4474-425x283.jpg 425w, https:\/\/cultures.hautsbassins.bf\/wp-content\/uploads\/2022\/07\/IMG_4474-430x287.jpg 430w\" sizes=\"(max-width: 1024px) 100vw, 1024px\" \/><figcaption class=\"wp-element-caption\">Sc\u00e8ne ADH<\/figcaption><\/figure>\n\n\n\n<p class=\"has-medium-font-size\">Pour l\u2019atteindre de ses objectifs, l\u2019association se propose entre autres de :<\/p>\n\n\n\n<ul>\n<li>relayer la programmation artistique et culturelle au-del\u00e0 des communaut\u00e9s, des communes et du Pays ;<\/li>\n\n\n\n<li>relayer et impulser des programmes, des ateliers et des stages de formations regroupant des professionnels et des amateurs (en situation de handicap et non) ;<\/li>\n\n\n\n<li>former le public de demain dans les \u00e9coles primaires de la ville de Bobo-Dioulasso, en se d\u00e9clinant autour d&#8217;axes Pr\u00e9cis (les arts de la sc\u00e8ne et la langue des signes) ;<\/li>\n\n\n\n<li>cr\u00e9er des synergies entre culture, enseignement, jeunesse par l\u2019organisation de stages, formations, cr\u00e9ations de spectacles, formulation des th\u00e9matiques ;<\/li>\n\n\n\n<li>diffuser, programmer et faire participer les personnes en situation de handicap dans ce processus ;<\/li>\n\n\n\n<li>multiplier les rencontres entre les acteurs en situation de handicap et le public \u00e0 travers l\u2019organisation d\u2019\u00e9v\u00e8nements d\u2019\u00e9change et de partage d\u2019exp\u00e9rience ;<\/li>\n\n\n\n<li>favoriser la diffusion des \u0153uvres des personnes en situation de handicap par l\u2019utilisation des nouvelles technologies et \u00e9v\u00e8nementiel ;<\/li>\n\n\n\n<li>offrir un espace de cr\u00e9ation et de diffusion des \u0153uvres artistiques au sein de ADH en faveur des acteurs en situation de handicap et des acteurs dits valides \u00e0 travers la mise \u00e0 la disposition de la sc\u00e8ne de cr\u00e9ation de ADH, des mat\u00e9riels de sonorisation et la proposition de cours et de stage aux Artistes.<\/li>\n<\/ul>\n\n\n\n<p class=\"has-medium-font-size\">L\u2019ADH pr\u00f4ne \u00e9galement la participation et l\u2019acc\u00e8s des personnes en situation de handicap \u00e0 la culture et aux activit\u00e9s de loisirs au Burkina Faso. En effet, la D\u00e9claration universelle des droits de l\u2019homme pr\u00e9voit que \u00ab toute personne a le droit de prendre part librement \u00e0 la vie culturelle de la communaut\u00e9, de jouir des arts et de participer au progr\u00e8s scientifique et aux bienfaits qui en r\u00e9sultent \u00bb (article 27, clause 1). Les personnes handicap\u00e9es continuent malgr\u00e9 tout \u00e0 rencontrer des obstacles lorsqu\u2019elles tentent de faire respecter leur droit de participer \u00e0 la vie culturelle de la communaut\u00e9 : certains programmes, objets ou espaces culturels leur sont de faibles inaccessibles. Le but ultime de ADH est de mettre fin \u00e0 l\u2019injustice de la stigmatisation et de la discrimination des personnes en situation de handicap dans le secteur culturel burkinab\u00e9. Notre but est d\u2019arriver \u00e0 une augmentation consid\u00e9rable de l\u2019insertion des personnes en situation de handicap dans le secteur culturel et artistique.<\/p>\n","protected":false},"excerpt":{"rendered":"<p class=\"text-justify mb-2\" >Pour l\u2019atteindre de ses objectifs, l\u2019association se propose entre autres de : L\u2019ADH pr\u00f4ne \u00e9galement la participation et l\u2019acc\u00e8s des personnes en situation de handicap \u00e0 la culture et aux activit\u00e9s de loisirs au Burkina Faso. En effet, la D\u00e9claration universelle des droits de l\u2019homme [&hellip;]<\/p>\n","protected":false},"author":3,"featured_media":0,"parent":0,"menu_order":0,"comment_status":"closed","ping_status":"closed","template":"","meta":[],"_links":{"self":[{"href":"https:\/\/cultures.hautsbassins.bf\/index.php\/wp-json\/wp\/v2\/pages\/3455"}],"collection":[{"href":"https:\/\/cultures.hautsbassins.bf\/index.php\/wp-json\/wp\/v2\/pages"}],"about":[{"href":"https:\/\/cultures.hautsbassins.bf\/index.php\/wp-json\/wp\/v2\/types\/page"}],"author":[{"embeddable":true,"href":"https:\/\/cultures.hautsbassins.bf\/index.php\/wp-json\/wp\/v2\/users\/3"}],"replies":[{"embeddable":true,"href":"https:\/\/cultures.hautsbassins.bf\/index.php\/wp-json\/wp\/v2\/comments?post=3455"}],"version-history":[{"count":2,"href":"https:\/\/cultures.hautsbassins.bf\/index.php\/wp-json\/wp\/v2\/pages\/3455\/revisions"}],"predecessor-version":[{"id":4558,"href":"https:\/\/cultures.hautsbassins.bf\/index.php\/wp-json\/wp\/v2\/pages\/3455\/revisions\/4558"}],"wp:attachment":[{"href":"https:\/\/cultures.hautsbassins.bf\/index.php\/wp-json\/wp\/v2\/media?parent=3455"}],"curies":[{"name":"wp","href":"https:\/\/api.w.org\/{rel}","templated":true}]}}