{"id":3466,"date":"2022-07-13T10:08:04","date_gmt":"2022-07-13T10:08:04","guid":{"rendered":"http:\/\/cultures.hautsbassins.bf\/?page_id=3466"},"modified":"2023-02-15T17:25:14","modified_gmt":"2023-02-15T17:25:14","slug":"espace-rencontre-jeunesse-de-dafra","status":"publish","type":"page","link":"https:\/\/cultures.hautsbassins.bf\/index.php\/espace-rencontre-jeunesse-de-dafra\/","title":{"rendered":"Espace Rencontre JEUNESSE de DAFRA"},"content":{"rendered":"\n<div class=\"wp-block-media-text alignwide is-stacked-on-mobile is-vertically-aligned-top\"><figure class=\"wp-block-media-text__media\"><img decoding=\"async\" loading=\"lazy\" width=\"720\" height=\"480\" src=\"http:\/\/cultures.hautsbassins.bf\/wp-content\/uploads\/2022\/07\/IMG_0111.jpg\" alt=\"\" class=\"wp-image-3241 size-full\" srcset=\"https:\/\/cultures.hautsbassins.bf\/wp-content\/uploads\/2022\/07\/IMG_0111.jpg 720w, https:\/\/cultures.hautsbassins.bf\/wp-content\/uploads\/2022\/07\/IMG_0111-300x200.jpg 300w, https:\/\/cultures.hautsbassins.bf\/wp-content\/uploads\/2022\/07\/IMG_0111-650x434.jpg 650w, https:\/\/cultures.hautsbassins.bf\/wp-content\/uploads\/2022\/07\/IMG_0111-112x75.jpg 112w, https:\/\/cultures.hautsbassins.bf\/wp-content\/uploads\/2022\/07\/IMG_0111-425x283.jpg 425w, https:\/\/cultures.hautsbassins.bf\/wp-content\/uploads\/2022\/07\/IMG_0111-430x287.jpg 430w\" sizes=\"(max-width: 720px) 100vw, 720px\" \/><\/figure><div class=\"wp-block-media-text__content\">\n<p class=\"has-medium-font-size\">L\u2019Espace Rencontre Jeunesse de Dafra est un centre d&#8217;animation socioculturel situ\u00e9 au secteur 15 de la ville de Bobo-Dioulasso. Il a ouvert officiellement ses portes le 15 avril 2000. Cette infrastructure est le fruit d\u2019un travail de r\u00e9flexion men\u00e9 en 1996 par des associations de jeunes en partenariat avec la commune de Bobo-Dioulasso sur la gestion et l\u2019animation de certaines infrastructures publiques (biblioth\u00e8ques communales, plateaux omnisports, latrines publiques etc.).&nbsp;<\/p>\n<\/div><\/div>\n\n\n\n<figure class=\"wp-block-image size-full\"><img decoding=\"async\" loading=\"lazy\" width=\"720\" height=\"480\" src=\"http:\/\/cultures.hautsbassins.bf\/wp-content\/uploads\/2022\/07\/IMG_0623.jpg\" alt=\"\" class=\"wp-image-3467\" srcset=\"https:\/\/cultures.hautsbassins.bf\/wp-content\/uploads\/2022\/07\/IMG_0623.jpg 720w, https:\/\/cultures.hautsbassins.bf\/wp-content\/uploads\/2022\/07\/IMG_0623-300x200.jpg 300w, https:\/\/cultures.hautsbassins.bf\/wp-content\/uploads\/2022\/07\/IMG_0623-650x434.jpg 650w, https:\/\/cultures.hautsbassins.bf\/wp-content\/uploads\/2022\/07\/IMG_0623-112x75.jpg 112w, https:\/\/cultures.hautsbassins.bf\/wp-content\/uploads\/2022\/07\/IMG_0623-425x283.jpg 425w, https:\/\/cultures.hautsbassins.bf\/wp-content\/uploads\/2022\/07\/IMG_0623-430x287.jpg 430w\" sizes=\"(max-width: 720px) 100vw, 720px\" \/><figcaption class=\"wp-element-caption\">Festival des Arts du Cirque<\/figcaption><\/figure>\n\n\n\n<p class=\"has-text-align-left has-medium-font-size\">Les conclusions de ce travail de r\u00e9flexion et de l\u2019atelier sur les dynamiques de d\u00e9veloppement local urbain \u00e0 Bobo-Dioulasso ont montr\u00e9 la n\u00e9cessit\u00e9 de la cr\u00e9ation, d\u2019un cadre de rencontres pour les jeunes. C\u2019est dans ce contexte que l\u2019Espace Rencontre Jeunesse de Dafra a vu le jour sur l&#8217;initiative du Collectif des Associations et Mouvements de Jeunesse du Houet avec un cofinancement de l\u2019Ambassade de France au Burkina et de la Commune de Bobo-Dioulasso.<\/p>\n\n\n\n<p class=\"has-medium-font-size\">L\u2019Espace Rencontre Jeunesse de Dafra offre un cadre d\u2019\u00e9panouissement de la jeunesse de la Commune \u00e0 travers l\u2019organisation d\u2019activit\u00e9s de promotion \u00e0 caract\u00e8re \u00e9ducatif, \u00e9conomique, sportif et culturel. Les activit\u00e9s propos\u00e9es dans le centre sont entre autres&nbsp;: de la formation des animateurs, des ateliers de musique instrumentale traditionnelle, de danses traditionnelles, de dessin et batik, de marionnettes, de contes et atelier de th\u00e9\u00e2tre, des activit\u00e9s des arts du cirque.<\/p>\n\n\n\n<p class=\"has-medium-font-size\">T\u00e9l\u00e9phone : +226 70 03 25 45<\/p>\n\n\n\n<p class=\"has-medium-font-size\">E-mail : espacedafra@fasonet.bf<\/p>\n","protected":false},"excerpt":{"rendered":"<p class=\"text-justify mb-2\" >L\u2019Espace Rencontre Jeunesse de Dafra est un centre d&#8217;animation socioculturel situ\u00e9 au secteur 15 de la ville de Bobo-Dioulasso. Il a ouvert officiellement ses portes le 15 avril 2000. Cette infrastructure est le fruit d\u2019un travail de r\u00e9flexion men\u00e9 en 1996 par des associations de [&hellip;]<\/p>\n","protected":false},"author":3,"featured_media":0,"parent":0,"menu_order":0,"comment_status":"closed","ping_status":"closed","template":"","meta":[],"_links":{"self":[{"href":"https:\/\/cultures.hautsbassins.bf\/index.php\/wp-json\/wp\/v2\/pages\/3466"}],"collection":[{"href":"https:\/\/cultures.hautsbassins.bf\/index.php\/wp-json\/wp\/v2\/pages"}],"about":[{"href":"https:\/\/cultures.hautsbassins.bf\/index.php\/wp-json\/wp\/v2\/types\/page"}],"author":[{"embeddable":true,"href":"https:\/\/cultures.hautsbassins.bf\/index.php\/wp-json\/wp\/v2\/users\/3"}],"replies":[{"embeddable":true,"href":"https:\/\/cultures.hautsbassins.bf\/index.php\/wp-json\/wp\/v2\/comments?post=3466"}],"version-history":[{"count":2,"href":"https:\/\/cultures.hautsbassins.bf\/index.php\/wp-json\/wp\/v2\/pages\/3466\/revisions"}],"predecessor-version":[{"id":4560,"href":"https:\/\/cultures.hautsbassins.bf\/index.php\/wp-json\/wp\/v2\/pages\/3466\/revisions\/4560"}],"wp:attachment":[{"href":"https:\/\/cultures.hautsbassins.bf\/index.php\/wp-json\/wp\/v2\/media?parent=3466"}],"curies":[{"name":"wp","href":"https:\/\/api.w.org\/{rel}","templated":true}]}}