{"id":3515,"date":"2022-07-14T11:01:20","date_gmt":"2022-07-14T11:01:20","guid":{"rendered":"http:\/\/cultures.hautsbassins.bf\/?page_id=3515"},"modified":"2023-02-15T17:28:43","modified_gmt":"2023-02-15T17:28:43","slug":"3515-2","status":"publish","type":"page","link":"https:\/\/cultures.hautsbassins.bf\/index.php\/3515-2\/","title":{"rendered":"Centre DJELIYA"},"content":{"rendered":"\n<div class=\"wp-block-media-text alignwide is-stacked-on-mobile is-vertically-aligned-top\"><figure class=\"wp-block-media-text__media\"><img decoding=\"async\" loading=\"lazy\" width=\"838\" height=\"607\" src=\"http:\/\/cultures.hautsbassins.bf\/wp-content\/uploads\/2022\/07\/Capture-5.png\" alt=\"\" class=\"wp-image-3516 size-full\" srcset=\"https:\/\/cultures.hautsbassins.bf\/wp-content\/uploads\/2022\/07\/Capture-5.png 838w, https:\/\/cultures.hautsbassins.bf\/wp-content\/uploads\/2022\/07\/Capture-5-300x217.png 300w, https:\/\/cultures.hautsbassins.bf\/wp-content\/uploads\/2022\/07\/Capture-5-768x556.png 768w\" sizes=\"(max-width: 838px) 100vw, 838px\" \/><\/figure><div class=\"wp-block-media-text__content\">\n<p class=\"has-medium-font-size\">&nbsp;Le centre Dj\u00e9liya est issu d\u2019une histoire longue et riche.<\/p>\n\n\n\n<p class=\"has-medium-font-size\">En 1995, le com\u00e9dien Sotigui Kouyat\u00e9 l\u00e8gue une cour familiale situ\u00e9e \u00e0 Hamdalaye, et appartenant \u00e0 la famille Kouyat\u00e9 depuis des g\u00e9n\u00e9rations, \u00e0 ses trois fils : Dani (r\u00e9alisateur et metteur en sc\u00e8ne), Hassane (com\u00e9dien et conteur) et Mahamoudou Papa (sc\u00e9nographe et architecte). Ensemble, ils d\u00e9cident de faire de cette cour un Centre Social et Culturel ; la cour appartiendra d\u00e9sormais non pas \u00e0 une famille, mais \u00e0 tous sans distinction. Ce sera le tout premier centre de ce genre dans la ville de Bobo-Dioulasso. L\u2019association Dj\u00e9liya, de droit burkinab\u00e9, est fond\u00e9e pour g\u00e9rer ce centre ; elle re\u00e7oit un bail d\u2019occupation de la cour.<\/p>\n<\/div><\/div>\n\n\n\n<figure class=\"wp-block-image size-full\"><img decoding=\"async\" loading=\"lazy\" width=\"835\" height=\"629\" src=\"http:\/\/cultures.hautsbassins.bf\/wp-content\/uploads\/2022\/07\/Capture2.png\" alt=\"\" class=\"wp-image-3517\" srcset=\"https:\/\/cultures.hautsbassins.bf\/wp-content\/uploads\/2022\/07\/Capture2.png 835w, https:\/\/cultures.hautsbassins.bf\/wp-content\/uploads\/2022\/07\/Capture2-300x226.png 300w, https:\/\/cultures.hautsbassins.bf\/wp-content\/uploads\/2022\/07\/Capture2-768x579.png 768w\" sizes=\"(max-width: 835px) 100vw, 835px\" \/><figcaption class=\"wp-element-caption\">R\u00e9sidence<\/figcaption><\/figure>\n\n\n\n<p class=\"has-medium-font-size\">&nbsp;De 1995 \u00e0 2000, les locaux sont construits par des jeunes b\u00e9n\u00e9voles du quartier sous la direction de Papa Kouyat\u00e9 en tant qu\u2019architecte. Entre 1997 et 2002, la seule activit\u00e9 du Centre est d\u2019accueillir chaque ann\u00e9e le Festival International de Contes \u00ab Yeleen \u00bb, fond\u00e9 par Hassane kassi Kouyat\u00e9. Le premier objectif de ce travail \u00e9tait ainsi de financer la construction de Djeliya.<\/p>\n\n\n\n<p class=\"has-medium-font-size\">En 2002 enfin, une \u00e9quipe de permanents est mise en place afin de d\u00e9velopper l\u2019action tout au long de l\u2019ann\u00e9e. Trois salari\u00e9s s\u2019occupent de la direction, de l\u2019administration et de la logistique de centre. Des intervenants animent les ateliers. Cette \u00e9quipe de permanents met en place une politique d\u00e9terminant l\u2019action du centre. Celle-ci pr\u00e9sente un projet culturel p\u00e9renne li\u00e9 \u00e0 une action sociale dans le quartier d\u2019Hamdalaye.<\/p>\n\n\n\n<p class=\"has-medium-font-size\">Cinq associations d\u2019artistes et de com\u00e9diens europ\u00e9ens s\u2019associent pour soutenir le projet. Elles fusionnent pour cr\u00e9er Djeliya International, le premier partenaire du centre. Cette association fran\u00e7aise tente de rassembler des fonds afin d\u2019assurer les salaires des permanents. Mais elle rencontre aujourd\u2019hui d\u2019\u00e9normes difficult\u00e9s qui obligent le centre \u00e0 rechercher d\u2019autres appuis.<\/p>\n\n\n\n<p class=\"has-medium-font-size\">Dj\u00e9liya a ainsi fonctionn\u00e9 en autofinancement pendant quatre ans, sans subvention pour assurer son budget de fonctionnement. C\u2019est en 2006 qu\u2019une premi\u00e8re subvention est accord\u00e9e par la Mairie de Bobo, repr\u00e9sentant 10% du budget annuel, 90% du budget restent donc \u00e0 la charge du centre, qui recherche activement de nouveaux partenaires pour appuyer son action.<\/p>\n","protected":false},"excerpt":{"rendered":"<p class=\"text-justify mb-2\" >&nbsp;Le centre Dj\u00e9liya est issu d\u2019une histoire longue et riche. En 1995, le com\u00e9dien Sotigui Kouyat\u00e9 l\u00e8gue une cour familiale situ\u00e9e \u00e0 Hamdalaye, et appartenant \u00e0 la famille Kouyat\u00e9 depuis des g\u00e9n\u00e9rations, \u00e0 ses trois fils : Dani (r\u00e9alisateur et metteur en sc\u00e8ne), Hassane (com\u00e9dien [&hellip;]<\/p>\n","protected":false},"author":3,"featured_media":0,"parent":0,"menu_order":0,"comment_status":"closed","ping_status":"closed","template":"","meta":[],"_links":{"self":[{"href":"https:\/\/cultures.hautsbassins.bf\/index.php\/wp-json\/wp\/v2\/pages\/3515"}],"collection":[{"href":"https:\/\/cultures.hautsbassins.bf\/index.php\/wp-json\/wp\/v2\/pages"}],"about":[{"href":"https:\/\/cultures.hautsbassins.bf\/index.php\/wp-json\/wp\/v2\/types\/page"}],"author":[{"embeddable":true,"href":"https:\/\/cultures.hautsbassins.bf\/index.php\/wp-json\/wp\/v2\/users\/3"}],"replies":[{"embeddable":true,"href":"https:\/\/cultures.hautsbassins.bf\/index.php\/wp-json\/wp\/v2\/comments?post=3515"}],"version-history":[{"count":3,"href":"https:\/\/cultures.hautsbassins.bf\/index.php\/wp-json\/wp\/v2\/pages\/3515\/revisions"}],"predecessor-version":[{"id":4463,"href":"https:\/\/cultures.hautsbassins.bf\/index.php\/wp-json\/wp\/v2\/pages\/3515\/revisions\/4463"}],"wp:attachment":[{"href":"https:\/\/cultures.hautsbassins.bf\/index.php\/wp-json\/wp\/v2\/media?parent=3515"}],"curies":[{"name":"wp","href":"https:\/\/api.w.org\/{rel}","templated":true}]}}