{"id":3546,"date":"2022-07-14T14:32:03","date_gmt":"2022-07-14T14:32:03","guid":{"rendered":"http:\/\/cultures.hautsbassins.bf\/?page_id=3546"},"modified":"2023-02-16T12:44:23","modified_gmt":"2023-02-16T12:44:23","slug":"espace-culturel-mandare","status":"publish","type":"page","link":"https:\/\/cultures.hautsbassins.bf\/index.php\/espace-culturel-mandare\/","title":{"rendered":"Espace Culturel MANDARE"},"content":{"rendered":"\n<div class=\"wp-block-media-text alignwide is-stacked-on-mobile is-vertically-aligned-top\"><figure class=\"wp-block-media-text__media\"><img decoding=\"async\" loading=\"lazy\" width=\"757\" height=\"577\" src=\"http:\/\/cultures.hautsbassins.bf\/wp-content\/uploads\/2022\/07\/TRACE-THEATRE-1-1.png\" alt=\"\" class=\"wp-image-3547 size-full\" srcset=\"https:\/\/cultures.hautsbassins.bf\/wp-content\/uploads\/2022\/07\/TRACE-THEATRE-1-1.png 757w, https:\/\/cultures.hautsbassins.bf\/wp-content\/uploads\/2022\/07\/TRACE-THEATRE-1-1-300x229.png 300w\" sizes=\"(max-width: 757px) 100vw, 757px\" \/><\/figure><div class=\"wp-block-media-text__content\">\n<p class=\"has-medium-font-size\">Il est de notori\u00e9t\u00e9 qu\u2019\u00e0 Bobo-Dioulasso, les artistes du th\u00e9\u00e2tre sont des travailleurs confront\u00e9s \u00e0 la pr\u00e9carit\u00e9 de leurs conditions de vie et de travail.&nbsp; Gravement affect\u00e9 par la situation et dans le but de cr\u00e9er les conditions pour les artistes du th\u00e9\u00e2tre d\u2019un plein exercice de leur art, la Compagnie Traces Th\u00e9\u00e2tre sous l\u2019\u00e9gide de son pr\u00e9sident, l\u2019artiste Moussa SANOU, \u0153uvre depuis pr\u00e8s d\u2019une d\u00e9cennie pour la mise en place d\u2019un espace d\u00e9di\u00e9 \u00e0 la cr\u00e9ation th\u00e9\u00e2trale et \u00e0 sa diffusion.<\/p>\n\n\n\n<p class=\"has-medium-font-size\">A travers cet Espace Culturel, Traces Th\u00e9\u00e2tre cherche \u00e0 r\u00e9soudre la question du manque de salle professionnelle pour la diffusion th\u00e9\u00e2trale dans la ville de Bobo-Dioulasso. La solution \u00e0 cette question va cr\u00e9er des effets d\u2019entrainement sur les autres fonctions de la cha\u00eene de valeur notamment en agissant sur&nbsp;:<\/p>\n\n\n\n<ul>\n<li>La production, la coproduction, la cr\u00e9ation et la diffusion de spectacles&nbsp;;<\/li>\n\n\n\n<li>L\u2019accueil de spectacles professionnels.<\/li>\n<\/ul>\n<\/div><\/div>\n\n\n\n<figure class=\"wp-block-image size-full\"><img decoding=\"async\" loading=\"lazy\" width=\"757\" height=\"577\" src=\"http:\/\/cultures.hautsbassins.bf\/wp-content\/uploads\/2022\/07\/Capture.-1png.png\" alt=\"\" class=\"wp-image-3548\" srcset=\"https:\/\/cultures.hautsbassins.bf\/wp-content\/uploads\/2022\/07\/Capture.-1png.png 757w, https:\/\/cultures.hautsbassins.bf\/wp-content\/uploads\/2022\/07\/Capture.-1png-300x229.png 300w\" sizes=\"(max-width: 757px) 100vw, 757px\" \/><figcaption class=\"wp-element-caption\">Sc\u00e8ne Espace Culturel MANDARE<\/figcaption><\/figure>\n\n\n\n<p class=\"has-medium-font-size\">\u00ab&nbsp;L\u2019Espace Culturel Mandar\u00e8&nbsp;\u00bb offre \u00e0 Traces Th\u00e9\u00e2tre et \u00e0 toute la communaut\u00e9 artistique, un lieu de travail professionnel favorisant leur employabilit\u00e9.<\/p>\n\n\n\n<p class=\"has-medium-font-size\">Au-del\u00e0 du th\u00e9\u00e2tre, c\u2019est un espace professionnel polyvalent qui accueille tout type de spectacle. Avec des \u00e9quipements modulables, \u00ab&nbsp;L\u2019Espace Culturel Mandar\u00e8&nbsp;\u00bb s\u2019adapte \u00e0 la diffusion de toutes autres formes de spectacles vivants : concerts musicaux, danse chor\u00e9graphique, contes, humour, cirque, projections de films, etc\u2026<\/p>\n\n\n\n<p class=\"has-medium-font-size\">\u00ab&nbsp;L\u2019Espace Mandar\u00e8&nbsp;\u00bb, si\u00e8ge de Traces Th\u00e9\u00e2tre, vise la professionnalisation des activit\u00e9s th\u00e9\u00e2trales, le d\u00e9veloppement d\u2019emplois artistiques et d\u2019une activit\u00e9 \u00e9conomique p\u00e9renne dans le secteur afin d\u2019accroitre sa contribution au d\u00e9veloppement \u00e9conomique et social de la r\u00e9gion des Hauts Bassins. Plus qu\u2019un espace de travail, c\u2019est un lieu qui se veut aussi d\u2019\u00eatre un endroit de promotion des valeurs culturelles locales, de rencontres publiques des communaut\u00e9s culturelles, associations socioculturelles qui \u0153uvrent dans le dialogue social, l\u2019\u00e9ducation, l\u2019information, la formation citoyenne.<\/p>\n","protected":false},"excerpt":{"rendered":"<p class=\"text-justify mb-2\" >\u00ab&nbsp;L\u2019Espace Culturel Mandar\u00e8&nbsp;\u00bb offre \u00e0 Traces Th\u00e9\u00e2tre et \u00e0 toute la communaut\u00e9 artistique, un lieu de travail professionnel favorisant leur employabilit\u00e9. Au-del\u00e0 du th\u00e9\u00e2tre, c\u2019est un espace professionnel polyvalent qui accueille tout type de spectacle. Avec des \u00e9quipements modulables, \u00ab&nbsp;L\u2019Espace Culturel Mandar\u00e8&nbsp;\u00bb s\u2019adapte \u00e0 la [&hellip;]<\/p>\n","protected":false},"author":3,"featured_media":0,"parent":0,"menu_order":0,"comment_status":"closed","ping_status":"closed","template":"","meta":[],"_links":{"self":[{"href":"https:\/\/cultures.hautsbassins.bf\/index.php\/wp-json\/wp\/v2\/pages\/3546"}],"collection":[{"href":"https:\/\/cultures.hautsbassins.bf\/index.php\/wp-json\/wp\/v2\/pages"}],"about":[{"href":"https:\/\/cultures.hautsbassins.bf\/index.php\/wp-json\/wp\/v2\/types\/page"}],"author":[{"embeddable":true,"href":"https:\/\/cultures.hautsbassins.bf\/index.php\/wp-json\/wp\/v2\/users\/3"}],"replies":[{"embeddable":true,"href":"https:\/\/cultures.hautsbassins.bf\/index.php\/wp-json\/wp\/v2\/comments?post=3546"}],"version-history":[{"count":2,"href":"https:\/\/cultures.hautsbassins.bf\/index.php\/wp-json\/wp\/v2\/pages\/3546\/revisions"}],"predecessor-version":[{"id":4568,"href":"https:\/\/cultures.hautsbassins.bf\/index.php\/wp-json\/wp\/v2\/pages\/3546\/revisions\/4568"}],"wp:attachment":[{"href":"https:\/\/cultures.hautsbassins.bf\/index.php\/wp-json\/wp\/v2\/media?parent=3546"}],"curies":[{"name":"wp","href":"https:\/\/api.w.org\/{rel}","templated":true}]}}