{"id":3570,"date":"2022-07-16T10:14:20","date_gmt":"2022-07-16T10:14:20","guid":{"rendered":"http:\/\/cultures.hautsbassins.bf\/?page_id=3570"},"modified":"2023-02-16T15:05:23","modified_gmt":"2023-02-16T15:05:23","slug":"adama-konate","status":"publish","type":"page","link":"https:\/\/cultures.hautsbassins.bf\/index.php\/adama-konate\/","title":{"rendered":"Adama KONATE"},"content":{"rendered":"\n<p><em>Artiste com\u00e9dien, humoriste <\/em><\/p>\n\n\n\n<div class=\"wp-block-media-text alignwide is-stacked-on-mobile\"><figure class=\"wp-block-media-text__media\"><img decoding=\"async\" loading=\"lazy\" width=\"96\" height=\"96\" src=\"http:\/\/cultures.hautsbassins.bf\/wp-content\/uploads\/2022\/07\/unnamed.webp\" alt=\"\" class=\"wp-image-3571 size-full\"\/><\/figure><div class=\"wp-block-media-text__content\">\n<p class=\"has-medium-font-size\">N\u00e9 vers 1978 \u00e0 Bobo-Dioulasso, Adama KONATE s\u2019est au fil des ann\u00e9es int\u00e9ress\u00e9 \u00e0 la culture. Il a suivi de nombreux stages et formations dont ceux de 2001 avec la Compagnie FIL de Belgique sous la direction de Vinciane Geerinckx, dans le cadre du programme de formation pour un changement de comportement en mati\u00e8re de pr\u00e9vention contre les IST\/SIDA. En juin 2007, il obtint&nbsp; son attestation de com\u00e9dien professionnel.<\/p>\n<\/div><\/div>\n\n\n\n<p>Il a suivi plusieurs autres formations dans le domaine de la culture sur les th\u00e9matiques suivantes:<\/p>\n\n\n\n<p>&#8211; le r\u00f4le de la femme dans la promotion de la culture<\/p>\n\n\n\n<p>-l\u2019entrepreneuriat culturel<\/p>\n\n\n\n<p>&#8211; les droits d\u2019auteurs et les droits voisins<\/p>\n\n\n\n<p>&#8211; La technique d&#8217;\u00e9criture de sc\u00e9nario en cinema et audiovisuel<\/p>\n\n\n\n<p>-la mise en sc\u00e8ne en dramaturgie<\/p>\n\n\n\n<p>Contacts:75246855\/70944234<\/p>\n\n\n\n<p>Courriel: <a href=\"mailto:padrokonate@gmail.com\">padrokonate@gmail.com<\/a><\/p>\n","protected":false},"excerpt":{"rendered":"<p class=\"text-justify mb-2\" >Artiste com\u00e9dien, humoriste N\u00e9 vers 1978 \u00e0 Bobo-Dioulasso, Adama KONATE s\u2019est au fil des ann\u00e9es int\u00e9ress\u00e9 \u00e0 la culture. Il a suivi de nombreux stages et formations dont ceux de 2001 avec la Compagnie FIL de Belgique sous la direction de Vinciane Geerinckx, dans le [&hellip;]<\/p>\n","protected":false},"author":5,"featured_media":0,"parent":0,"menu_order":0,"comment_status":"closed","ping_status":"closed","template":"","meta":[],"_links":{"self":[{"href":"https:\/\/cultures.hautsbassins.bf\/index.php\/wp-json\/wp\/v2\/pages\/3570"}],"collection":[{"href":"https:\/\/cultures.hautsbassins.bf\/index.php\/wp-json\/wp\/v2\/pages"}],"about":[{"href":"https:\/\/cultures.hautsbassins.bf\/index.php\/wp-json\/wp\/v2\/types\/page"}],"author":[{"embeddable":true,"href":"https:\/\/cultures.hautsbassins.bf\/index.php\/wp-json\/wp\/v2\/users\/5"}],"replies":[{"embeddable":true,"href":"https:\/\/cultures.hautsbassins.bf\/index.php\/wp-json\/wp\/v2\/comments?post=3570"}],"version-history":[{"count":2,"href":"https:\/\/cultures.hautsbassins.bf\/index.php\/wp-json\/wp\/v2\/pages\/3570\/revisions"}],"predecessor-version":[{"id":4646,"href":"https:\/\/cultures.hautsbassins.bf\/index.php\/wp-json\/wp\/v2\/pages\/3570\/revisions\/4646"}],"wp:attachment":[{"href":"https:\/\/cultures.hautsbassins.bf\/index.php\/wp-json\/wp\/v2\/media?parent=3570"}],"curies":[{"name":"wp","href":"https:\/\/api.w.org\/{rel}","templated":true}]}}