{"id":3584,"date":"2022-07-16T10:53:23","date_gmt":"2022-07-16T10:53:23","guid":{"rendered":"http:\/\/cultures.hautsbassins.bf\/?page_id=3584"},"modified":"2023-02-17T17:18:31","modified_gmt":"2023-02-17T17:18:31","slug":"3584-2","status":"publish","type":"page","link":"https:\/\/cultures.hautsbassins.bf\/index.php\/3584-2\/","title":{"rendered":"KAM Armel"},"content":{"rendered":"\n<p><strong>Manager d&#8217;Artistes<\/strong><\/p>\n\n\n\n<p>N\u00e9 le 04 Avril 1985 \u00e0 Bobo-Dioulasso , Armel \u00a0grandi dans une famille qui \u00e0 chaque vacance l\u2019envoyait au village pour qu\u2019il soit \u00a0en contact avec ses valeurs traditionnelles.\u00a0 Du conte \u00e0 la musique de la danse \u00a0aux travaux champ\u00eatres\u00a0 , Armel va vite d\u00e9velopper un grand int\u00e9r\u00eat pour\u00a0 sa culture<strong>. <\/strong>D\u2019un grand p\u00e8re ancien combattant et gu\u00e9risseur il apprend qu\u2019il rien ne vaut la\u00a0 culture , c\u2019est le seul moyen qui t\u2019am\u00e8ne \u00e0 mieux te construire.<\/p>\n\n\n\n<p>Aujourd\u2019hui , il se cultive et se \u00a0d\u00e9veloppe , et apprend \u00e0 administrer les artistes , et suivre leurs carri\u00e8res musicales, il consulte des associations et les accompagne dans l\u2019\u00e9laboration des projets culturels , leurs\u00a0 \u00a0mise en \u0153uvre , et les suivis et \u00e9valuation.<\/p>\n\n\n\n<p>Il est\u00a0 manager d\u2019artiste Barack la Voix d\u2019Or , autrefois celui de Zank\u00e9 et de Daoudy R.Maxi . Tr\u00e8s \u00a0tarde pas \u00e0 \u00a0\u00a0accompagner de nombreux artistes sur des appels \u00e0 candidatures \u00a0\u00a0des festivals \u00a0et administrativement\u00a0 les accompagne leurs plans des \u00a0carri\u00e8res . Il est aussi organisateur et tr\u00e8s\u00a0 co-organisateur de plusieurs concerts \u00e0 Bobo-Dioulasso\u00a0: Abdoulaye DIABY et Abdoulaye TRAORE Dembadeba , Wedhyack, Koko Demb\u00e9l\u00e9, Amety Meria , Smarty , K\u00e9rozene, Mariam Ba Lagar\u00e9, Abdoulaye Diabat\u00e9 et Modibo Diabat\u00e9, Barack la Voix d\u2019Or, Dja Verity et Zank\u00e9<\/p>\n","protected":false},"excerpt":{"rendered":"<p class=\"text-justify mb-2\" >Manager d&#8217;Artistes N\u00e9 le 04 Avril 1985 \u00e0 Bobo-Dioulasso , Armel \u00a0grandi dans une famille qui \u00e0 chaque vacance l\u2019envoyait au village pour qu\u2019il soit \u00a0en contact avec ses valeurs traditionnelles.\u00a0 Du conte \u00e0 la musique de la danse \u00a0aux travaux champ\u00eatres\u00a0 , Armel va [&hellip;]<\/p>\n","protected":false},"author":5,"featured_media":3585,"parent":0,"menu_order":0,"comment_status":"closed","ping_status":"closed","template":"","meta":[],"_links":{"self":[{"href":"https:\/\/cultures.hautsbassins.bf\/index.php\/wp-json\/wp\/v2\/pages\/3584"}],"collection":[{"href":"https:\/\/cultures.hautsbassins.bf\/index.php\/wp-json\/wp\/v2\/pages"}],"about":[{"href":"https:\/\/cultures.hautsbassins.bf\/index.php\/wp-json\/wp\/v2\/types\/page"}],"author":[{"embeddable":true,"href":"https:\/\/cultures.hautsbassins.bf\/index.php\/wp-json\/wp\/v2\/users\/5"}],"replies":[{"embeddable":true,"href":"https:\/\/cultures.hautsbassins.bf\/index.php\/wp-json\/wp\/v2\/comments?post=3584"}],"version-history":[{"count":3,"href":"https:\/\/cultures.hautsbassins.bf\/index.php\/wp-json\/wp\/v2\/pages\/3584\/revisions"}],"predecessor-version":[{"id":4712,"href":"https:\/\/cultures.hautsbassins.bf\/index.php\/wp-json\/wp\/v2\/pages\/3584\/revisions\/4712"}],"wp:featuredmedia":[{"embeddable":true,"href":"https:\/\/cultures.hautsbassins.bf\/index.php\/wp-json\/wp\/v2\/media\/3585"}],"wp:attachment":[{"href":"https:\/\/cultures.hautsbassins.bf\/index.php\/wp-json\/wp\/v2\/media?parent=3584"}],"curies":[{"name":"wp","href":"https:\/\/api.w.org\/{rel}","templated":true}]}}