{"id":3616,"date":"2022-07-18T15:54:42","date_gmt":"2022-07-18T15:54:42","guid":{"rendered":"http:\/\/cultures.hautsbassins.bf\/?page_id=3616"},"modified":"2022-07-20T09:31:35","modified_gmt":"2022-07-20T09:31:35","slug":"compagnie-theatrale-espoir-du-kenedougou","status":"publish","type":"page","link":"https:\/\/cultures.hautsbassins.bf\/index.php\/compagnie-theatrale-espoir-du-kenedougou\/","title":{"rendered":"COMPAGNIE THEATRALE ESPOIR DU KENEDOUGOU"},"content":{"rendered":"\n<div class=\"wp-block-media-text alignwide is-stacked-on-mobile\"><figure class=\"wp-block-media-text__media\"><\/figure><div class=\"wp-block-media-text__content\">\n<p class=\"has-medium-font-size\">Cr\u00e9\u00e9e en 2006, la Compagnie Th\u00e9\u00e2trale Espoir du K\u00e9n\u00e9dougou \u00a0s&#8217;est donn\u00e9e pour ambition de faire du th\u00e9\u00e2tre un outil de d\u00e9veloppement \u00e9conomique, culturel et social.  elle a ainsi \u0153uvr\u00e9 depuis cette date au d\u00e9veloppement de la province par la sensibilisation des populations dans tous les domaines n\u00e9cessitant une innovation.<\/p>\n<\/div><\/div>\n\n\n\n<p class=\"has-medium-font-size\">Elle a travaill\u00e9 aux cot\u00e9s des structures \u00e9tatiques d\u00e9concentr\u00e9s et d\u00e9centralis\u00e9es en vue d&#8217;accompagner la r\u00e9alisation de leurs missions sur le terrain. A travers des activit\u00e9s de formation et de sensibilisation par des th\u00e9\u00e2tres forums, elle s&#8217;est investie dans la lutte pour l&#8217;\u00e9radication de certains mots qui minent notre soci\u00e9t\u00e9.<\/p>\n\n\n\n<ul class=\"has-medium-font-size\"><li>1<sup>\u00e8re<\/sup> repr\u00e9sentation de th\u00e9\u00e2tre forum \u00e0 Djigou\u00e9ra sur le trafic et l\u2019exploitation des enfants dans les fili\u00e8res cotonni\u00e8res et rizicole;<\/li><li>2<sup>\u00e8me<\/sup>repr\u00e9sentation \u00e0 la salle de cin\u00e9 Faso Kady \u00e0 Orodara sur le trafic et l\u2019exploitation des enfants,<\/li><li>L\u2019animation de la journ\u00e9e mondiale de l\u2019Environnement par la troupe qui consiste \u00e0 l\u2019assainissement de l\u2019H\u00f4pital de Orodara&nbsp;;<\/li><li>Participation au lancement de la journ\u00e9e nationale de lutte contre la d\u00e9sertification \u00e0 Di\u00e9ri <\/li><\/ul>\n\n\n\n<p><strong>TEL&nbsp;: 70 12 50 61\/77 22 55 70\/20 99 45 53<\/strong><\/p>\n\n\n\n<p>E-mail&nbsp;: <a href=\"mailto:compagnietheatralee@gmail.com\">compagnietheatralee@gmail.com<\/a>.<\/p>\n","protected":false},"excerpt":{"rendered":"<p class=\"text-justify mb-2\" >Cr\u00e9\u00e9e en 2006, la Compagnie Th\u00e9\u00e2trale Espoir du K\u00e9n\u00e9dougou \u00a0s&#8217;est donn\u00e9e pour ambition de faire du th\u00e9\u00e2tre un outil de d\u00e9veloppement \u00e9conomique, culturel et social. elle a ainsi \u0153uvr\u00e9 depuis cette date au d\u00e9veloppement de la province par la sensibilisation des populations dans tous les [&hellip;]<\/p>\n","protected":false},"author":5,"featured_media":0,"parent":0,"menu_order":0,"comment_status":"closed","ping_status":"closed","template":"","meta":[],"_links":{"self":[{"href":"https:\/\/cultures.hautsbassins.bf\/index.php\/wp-json\/wp\/v2\/pages\/3616"}],"collection":[{"href":"https:\/\/cultures.hautsbassins.bf\/index.php\/wp-json\/wp\/v2\/pages"}],"about":[{"href":"https:\/\/cultures.hautsbassins.bf\/index.php\/wp-json\/wp\/v2\/types\/page"}],"author":[{"embeddable":true,"href":"https:\/\/cultures.hautsbassins.bf\/index.php\/wp-json\/wp\/v2\/users\/5"}],"replies":[{"embeddable":true,"href":"https:\/\/cultures.hautsbassins.bf\/index.php\/wp-json\/wp\/v2\/comments?post=3616"}],"version-history":[{"count":3,"href":"https:\/\/cultures.hautsbassins.bf\/index.php\/wp-json\/wp\/v2\/pages\/3616\/revisions"}],"predecessor-version":[{"id":3625,"href":"https:\/\/cultures.hautsbassins.bf\/index.php\/wp-json\/wp\/v2\/pages\/3616\/revisions\/3625"}],"wp:attachment":[{"href":"https:\/\/cultures.hautsbassins.bf\/index.php\/wp-json\/wp\/v2\/media?parent=3616"}],"curies":[{"name":"wp","href":"https:\/\/api.w.org\/{rel}","templated":true}]}}