{"id":3758,"date":"2022-07-26T13:17:46","date_gmt":"2022-07-26T13:17:46","guid":{"rendered":"http:\/\/cultures.hautsbassins.bf\/?page_id=3758"},"modified":"2022-07-26T16:14:32","modified_gmt":"2022-07-26T16:14:32","slug":"ouedraogo-yaya-alias-saint-yayus","status":"publish","type":"page","link":"https:\/\/cultures.hautsbassins.bf\/index.php\/ouedraogo-yaya-alias-saint-yayus\/","title":{"rendered":"OUEDRAOGO YAYA alias Saint Yayus"},"content":{"rendered":"\n<p>Artiste Peintre<\/p>\n\n\n\n<div class=\"wp-block-media-text alignwide is-stacked-on-mobile\"><figure class=\"wp-block-media-text__media\"><img decoding=\"async\" loading=\"lazy\" width=\"563\" height=\"708\" src=\"http:\/\/cultures.hautsbassins.bf\/wp-content\/uploads\/2022\/07\/Capture-fdct-1.png\" alt=\"\" class=\"wp-image-3762 size-full\" srcset=\"https:\/\/cultures.hautsbassins.bf\/wp-content\/uploads\/2022\/07\/Capture-fdct-1.png 563w, https:\/\/cultures.hautsbassins.bf\/wp-content\/uploads\/2022\/07\/Capture-fdct-1-239x300.png 239w\" sizes=\"(max-width: 563px) 100vw, 563px\" \/><\/figure><div class=\"wp-block-media-text__content\">\n<p>OUEDRAOGO YAYA alias Saint Yayus est un artiste peintre n\u00e9 \u00e0 Yamoussoukro en C\u00f4te d\u2019Ivoire et r\u00e9side actuellement \u00e0 Bobo-Dioulasso. Autodidacte, il arrive \u00e0 cr\u00e9er dans un champ mouvement\u00e9 et symbolique o\u00f9 la rencontre conditionne le geste cr\u00e9atif.<\/p>\n\n\n\n<p>Passionn\u00e9 du dessin d\u2019illustration et de la peinture depuis le bas \u00e2ge, il int\u00e8gre l\u2019\u00e9cole d&#8217;Art plastique \u00e0 Yamoussoukro de de 1998 \u00e0 l&#8217;an 2005. &nbsp;&nbsp;<\/p>\n\n\n\n<p>En 2013, il organisa sa premi\u00e8re exposition qui a connu un grand succ\u00e8s \u00e0 l\u2019Institut Fran\u00e7ais de Bobo-Dioulasso. Cette exposition fut un d\u00e9clic pour la carri\u00e8re artistique de Yaya OUEDRAOGO.<\/p>\n\n\n\n<p>Au fil des ann\u00e9es il fait davantage connaitre ses \u0153uvres \u00e0 travers diverses expositions individuelles qu\u2019il organise et prit part avec d\u2019autres artistes \u00e0 des expositions collectives \u00e0 la Maison de la Culture de Bobo-Dioulasso, au Mus\u00e9e Communal Sogossira SANOU,et \u00e0 la galerie Yirissuma.<\/p>\n\n\n\n<p>Il participe aux comp\u00e9titions nationales et est sacr\u00e9 laur\u00e9at du grand prix National de la peinture en 2016.<\/p>\n<\/div><\/div>\n\n\n\n<p><a href=\"mailto:wyayus@gmail.com\">wyayus@gmail.com<\/a><\/p>\n\n\n\n<p>Adresse et contacts<\/p>\n\n\n\n<p>(00226) 75682305\/77450006<\/p>\n\n\n\n<p>E.mail : wyayus@gmail.com<\/p>\n\n\n\n<p>Bobo-Dioulasso \/Burkina Faso<\/p>\n","protected":false},"excerpt":{"rendered":"<p class=\"text-justify mb-2\" >Artiste Peintre OUEDRAOGO YAYA alias Saint Yayus est un artiste peintre n\u00e9 \u00e0 Yamoussoukro en C\u00f4te d\u2019Ivoire et r\u00e9side actuellement \u00e0 Bobo-Dioulasso. Autodidacte, il arrive \u00e0 cr\u00e9er dans un champ mouvement\u00e9 et symbolique o\u00f9 la rencontre conditionne le geste cr\u00e9atif. Passionn\u00e9 du dessin d\u2019illustration et [&hellip;]<\/p>\n","protected":false},"author":5,"featured_media":0,"parent":0,"menu_order":0,"comment_status":"closed","ping_status":"closed","template":"","meta":[],"_links":{"self":[{"href":"https:\/\/cultures.hautsbassins.bf\/index.php\/wp-json\/wp\/v2\/pages\/3758"}],"collection":[{"href":"https:\/\/cultures.hautsbassins.bf\/index.php\/wp-json\/wp\/v2\/pages"}],"about":[{"href":"https:\/\/cultures.hautsbassins.bf\/index.php\/wp-json\/wp\/v2\/types\/page"}],"author":[{"embeddable":true,"href":"https:\/\/cultures.hautsbassins.bf\/index.php\/wp-json\/wp\/v2\/users\/5"}],"replies":[{"embeddable":true,"href":"https:\/\/cultures.hautsbassins.bf\/index.php\/wp-json\/wp\/v2\/comments?post=3758"}],"version-history":[{"count":2,"href":"https:\/\/cultures.hautsbassins.bf\/index.php\/wp-json\/wp\/v2\/pages\/3758\/revisions"}],"predecessor-version":[{"id":3763,"href":"https:\/\/cultures.hautsbassins.bf\/index.php\/wp-json\/wp\/v2\/pages\/3758\/revisions\/3763"}],"wp:attachment":[{"href":"https:\/\/cultures.hautsbassins.bf\/index.php\/wp-json\/wp\/v2\/media?parent=3758"}],"curies":[{"name":"wp","href":"https:\/\/api.w.org\/{rel}","templated":true}]}}