{"id":4302,"date":"2023-02-11T13:56:19","date_gmt":"2023-02-11T13:56:19","guid":{"rendered":"http:\/\/cultures.hautsbassins.bf\/?page_id=4302"},"modified":"2023-02-13T15:39:10","modified_gmt":"2023-02-13T15:39:10","slug":"adama-ouedraogo","status":"publish","type":"page","link":"https:\/\/cultures.hautsbassins.bf\/index.php\/adama-ouedraogo\/","title":{"rendered":"Adama OUEDRAOGO"},"content":{"rendered":"<span lang=\"FR\" style=\"mso-ansi-language: FR;\">Acrobate , Circassien, Formateur\n<\/span>\n\n<!-- \/wp:paragraph --><!-- wp:paragraph -->\n\n<strong><span lang=\"FR\" style=\"mso-ansi-language: FR;\">Compagnie Dafra Cirque de Bobo-Dioulasso<\/span><\/strong>\n\n<!-- \/wp:paragraph --><!-- wp:paragraph -->\n\nContacts : (+226) 76080421\/73120804\n\nE-mail : dafracirque@gmail.com\n<p class=\"MsoNormal\"><span lang=\"FR\" style=\"mso-ansi-language: FR;\">N\u00e9 au Burkina-Faso d\u2019un p\u00e8re couturier dont il a emboit\u00e9 les pas, Adama OUEDRAOGO est un acrobate circassien, formateur au sein de la compagnie de recherche et de cr\u00e9ation dans le domaine du cirque et de la chor\u00e9graphique Dafra Cirque du Burkina et aussi couturier de style artistique.\nD\u00e8s son jeune \u00e2ge, Adams porte de l\u2019int\u00e9r\u00eat au acrobaties et aux port\u00e9s acrobatiques dont il partait suivre les entrainements avec son fr\u00e8re cadet, sans pour autant s\u2019y inscrire sachant son p\u00e8re retissant \u00e0 l\u2019int\u00e9r\u00eat que porte ses enfants \u00e0 l\u2019art et contre toute attente, ils d\u00e9cident un jour de s\u2019inscrire pour suivre une formation de base en cirque aupr\u00e8s de monsieur DIOMA Prosper, il eut \u00e9galement la chance de participer \u00e0 des stages et des formations en acrobatie et en danse aupr\u00e8s d\u2019acrobates et de chor\u00e9graphes\nprofessionnels tels que Issa SANOU, Edouard DOUMBIA, Issouf ZEMANI, Issouf SANOU, Bienvenue BAZIE, Yaya SANOU et aupr\u00e8s de structures telles que Faso Cirque, ANKATA et l\u2019Institut Fran\u00e7ais de Bobo-Dioulasso.<br data-rich-text-line-break=\"true\" \/>Gr\u00e2ce \u00e0 ces exp\u00e9riences acquises et par l\u2019amour du partage, il dispense des\ncours de gymnastique acrobatique \u00e0 l\u2019espace rencontre jeunesse de Dafra de 2014\n\u00e0 2019 au profit des adolescents et des enfants amoureux de la gymnastique et\ndu cirque. Il est en outre l\u2019assistant costumier de son fr\u00e8re David au nom de\nla compagnie Dafra cirque.<\/span><\/p>","protected":false},"excerpt":{"rendered":"<p class=\"text-justify mb-2\" >Acrobate , Circassien, Formateur Compagnie Dafra Cirque de Bobo-Dioulasso Contacts : (+226) 76080421\/73120804 E-mail : dafracirque@gmail.com N\u00e9 au Burkina-Faso d\u2019un p\u00e8re couturier dont il a emboit\u00e9 les pas, Adama OUEDRAOGO est un acrobate circassien, formateur au sein de la compagnie de recherche et de cr\u00e9ation [&hellip;]<\/p>\n","protected":false},"author":3,"featured_media":4397,"parent":0,"menu_order":0,"comment_status":"closed","ping_status":"closed","template":"","meta":[],"_links":{"self":[{"href":"https:\/\/cultures.hautsbassins.bf\/index.php\/wp-json\/wp\/v2\/pages\/4302"}],"collection":[{"href":"https:\/\/cultures.hautsbassins.bf\/index.php\/wp-json\/wp\/v2\/pages"}],"about":[{"href":"https:\/\/cultures.hautsbassins.bf\/index.php\/wp-json\/wp\/v2\/types\/page"}],"author":[{"embeddable":true,"href":"https:\/\/cultures.hautsbassins.bf\/index.php\/wp-json\/wp\/v2\/users\/3"}],"replies":[{"embeddable":true,"href":"https:\/\/cultures.hautsbassins.bf\/index.php\/wp-json\/wp\/v2\/comments?post=4302"}],"version-history":[{"count":6,"href":"https:\/\/cultures.hautsbassins.bf\/index.php\/wp-json\/wp\/v2\/pages\/4302\/revisions"}],"predecessor-version":[{"id":4405,"href":"https:\/\/cultures.hautsbassins.bf\/index.php\/wp-json\/wp\/v2\/pages\/4302\/revisions\/4405"}],"wp:featuredmedia":[{"embeddable":true,"href":"https:\/\/cultures.hautsbassins.bf\/index.php\/wp-json\/wp\/v2\/media\/4397"}],"wp:attachment":[{"href":"https:\/\/cultures.hautsbassins.bf\/index.php\/wp-json\/wp\/v2\/media?parent=4302"}],"curies":[{"name":"wp","href":"https:\/\/api.w.org\/{rel}","templated":true}]}}