{"id":4309,"date":"2023-02-11T14:11:07","date_gmt":"2023-02-11T14:11:07","guid":{"rendered":"http:\/\/cultures.hautsbassins.bf\/?page_id=4309"},"modified":"2023-02-13T16:01:09","modified_gmt":"2023-02-13T16:01:09","slug":"jean-adolphe-sanou","status":"publish","type":"page","link":"https:\/\/cultures.hautsbassins.bf\/index.php\/jean-adolphe-sanou\/","title":{"rendered":"Jean Adolphe SANOU"},"content":{"rendered":"<span lang=\"FR\" style=\"mso-ansi-language: FR;\">Danseur, Musicien et Chor\u00e9graphe<\/span>\n\n<!-- \/wp:paragraph --><!-- wp:paragraph -->\n\n<strong><span lang=\"FR\" style=\"mso-ansi-language: FR;\">Compagnie Dafra Cirque de Bobo-Dioulasso<\/span><\/strong>\n\n<!-- \/wp:paragraph --><!-- wp:paragraph -->\n\nContacts : +2275321666 \/ 61400233\nE-Mail : adolphesanou13@gmail.com\n<p class=\"has-medium-font-size\"><span lang=\"FR\" style=\"mso-ansi-language: FR;\">Issu de la belle cit\u00e9 de Sya o\u00f9 il a pass\u00e9 toute son<\/span> <span lang=\"FR\" style=\"mso-ansi-language: FR;\">enfance, SANOU J. Adolphe, commun\u00e9ment\nappel\u00e9 Dodo est artiste danseur, musicien et<\/span> <span lang=\"FR\" style=\"mso-ansi-language: FR;\">chor\u00e9graphe au sein de la Fresh-Gang dance Creew. En effet, Adolphe est issu d\u2019une famille de 6 enfants, au sein de laquelle tous ces ain\u00e9s trempaient d\u00e9j\u00e0<\/span> <span lang=\"FR\" style=\"mso-ansi-language: FR;\">dans le milieu artistique. C<\/span><span lang=\"fr-BF\" style=\"mso-ansi-language: #2000;\">\u2019est <\/span><span lang=\"FR\" style=\"mso-ansi-language: FR;\"><span style=\"mso-spacerun: yes;\">\u00a0<\/span>ainsi qu\u2019un\njour en accompagnant son fr\u00e8re<\/span> <span lang=\"FR\" style=\"mso-ansi-language: FR;\">cadet a sa r\u00e9p\u00e9tition de danse avec les silures de Dioulassoba qu\u2019il tomba amoureux de la dite discipline. D\u00e8s lors la danse et Adolphe ne font plus qu\u2019un bien que ses parents ne fut pas totalement d\u2019avis avec sa passsion pour l\u2019art.\nAinsi, pas apr\u00e8s pas, il fut finaliste malheureux de la couleur vacance successivement de 2015 \u00e0 2018 avant de la remport\u00e9 en 2019 face \u00e0<\/span> <span lang=\"FR\" style=\"mso-ansi-language: FR;\">l\u2019international avec Fresh-Gang dance creew qu\u2019il a lui-m\u00eame cr\u00e9er et o\u00f9 il \u00e9volue dans le domaine de la danse urbaine depuis 2015. En outre, Adolphe a<\/span> <span lang=\"FR\" style=\"mso-ansi-language: FR;\">particip\u00e9 \u00e0 la chor\u00e9graphie du spectacle d\u2019ouverture de la SNC en\n2012,chor\u00e9graphi\u00e9 par Omar DEME, et en 2014, par Salia SANOU. Adolphe a<\/span> <span lang=\"FR\" style=\"mso-ansi-language: FR;\">particip\u00e9 en tant qu\u2019interpr\u00e8te en septembre 2021 aux spectacles\nd\u2019ouverture et de cl\u00f4ture du FESPACO \u00e0 Ouagadougou, sous la direction du\nlaboratoire<\/span> <span lang=\"FR\" style=\"mso-ansi-language: FR;\">ANKATA et a anim\u00e9 des ateliers de danse \u00e0 l\u2019attention d\u2019enfants handicap\u00e9s auditif, lors de la 4\u00e8me \u00e9dition du festival NOUSSONDIA de la structure ADH (Art au-del\u00e0 du Handicap) du Chor\u00e9graphe Yaya SANOU.\nLa personnalit\u00e9 qui inspire Adolphe c\u2019est le feu Capitaine Noel Isidore Thomas\nSANKARA ;\nLa citation qui l\u2019inspire le plus est : \u00ab le succ\u00e8s n\u2019est pas finale, l\u2019\u00e9chec\nn\u2019est pas fatal : c\u2019est le courage de continuer qui compte. \u00bb <\/span>W Churchill.<\/p>\n<span lang=\"FR\" style=\"mso-ansi-language: FR;\">\u00a0<\/span>","protected":false},"excerpt":{"rendered":"<p class=\"text-justify mb-2\" >Danseur, Musicien et Chor\u00e9graphe Compagnie Dafra Cirque de Bobo-Dioulasso Contacts : +2275321666 \/ 61400233 E-Mail : adolphesanou13@gmail.com Issu de la belle cit\u00e9 de Sya o\u00f9 il a pass\u00e9 toute son enfance, SANOU J. Adolphe, commun\u00e9ment appel\u00e9 Dodo est artiste danseur, musicien et chor\u00e9graphe au sein [&hellip;]<\/p>\n","protected":false},"author":3,"featured_media":4412,"parent":0,"menu_order":0,"comment_status":"closed","ping_status":"closed","template":"","meta":[],"_links":{"self":[{"href":"https:\/\/cultures.hautsbassins.bf\/index.php\/wp-json\/wp\/v2\/pages\/4309"}],"collection":[{"href":"https:\/\/cultures.hautsbassins.bf\/index.php\/wp-json\/wp\/v2\/pages"}],"about":[{"href":"https:\/\/cultures.hautsbassins.bf\/index.php\/wp-json\/wp\/v2\/types\/page"}],"author":[{"embeddable":true,"href":"https:\/\/cultures.hautsbassins.bf\/index.php\/wp-json\/wp\/v2\/users\/3"}],"replies":[{"embeddable":true,"href":"https:\/\/cultures.hautsbassins.bf\/index.php\/wp-json\/wp\/v2\/comments?post=4309"}],"version-history":[{"count":2,"href":"https:\/\/cultures.hautsbassins.bf\/index.php\/wp-json\/wp\/v2\/pages\/4309\/revisions"}],"predecessor-version":[{"id":4413,"href":"https:\/\/cultures.hautsbassins.bf\/index.php\/wp-json\/wp\/v2\/pages\/4309\/revisions\/4413"}],"wp:featuredmedia":[{"embeddable":true,"href":"https:\/\/cultures.hautsbassins.bf\/index.php\/wp-json\/wp\/v2\/media\/4412"}],"wp:attachment":[{"href":"https:\/\/cultures.hautsbassins.bf\/index.php\/wp-json\/wp\/v2\/media?parent=4309"}],"curies":[{"name":"wp","href":"https:\/\/api.w.org\/{rel}","templated":true}]}}