{"id":4325,"date":"2023-02-11T14:36:28","date_gmt":"2023-02-11T14:36:28","guid":{"rendered":"http:\/\/cultures.hautsbassins.bf\/?page_id=4325"},"modified":"2023-02-13T16:12:45","modified_gmt":"2023-02-13T16:12:45","slug":"delwende-brice-ismael-kabore","status":"publish","type":"page","link":"https:\/\/cultures.hautsbassins.bf\/index.php\/delwende-brice-ismael-kabore\/","title":{"rendered":"Delwende Brice Isma\u00ebl KABORE"},"content":{"rendered":"<span lang=\"FR\" style=\"mso-ansi-language: FR;\">\u00a0<\/span>\n<p class=\"has-medium-font-size\"><span lang=\"FR\" style=\"mso-ansi-language: FR;\">Danseur, Circassien, Voltigeur <\/span><\/p>\n<p class=\"has-medium-font-size\"><strong><span lang=\"FR\" style=\"mso-ansi-language: FR;\">Compagnie Dafra Cirque de Bobo-Dioulasso<\/span><\/strong><\/p>\n<!-- \/wp:paragraph --><!-- wp:paragraph -->\n\n<!-- \/wp:paragraph --><!-- wp:paragraph -->\n\nContacts: +226 66468778 \/ 72637672\n\nE-mail : Kaborebrice1994@gmail.com\n\n<span lang=\"FR\" style=\"mso-ansi-language: FR;\">N\u00e9 \u00e0 Bobo-Dioulasso Delwend\u00e9 Brice Isma\u00ebl<\/span> <span lang=\"FR\" style=\"mso-ansi-language: FR;\">KABORE, est un danseur acrobate circassien\net voltigeur burkinab\u00e8, membre de la compagnie de cr\u00e9ation et de promotion du cirque Dafra cirque.\nDepuis sa plus tendre enfance, Brice adorait se joindre<\/span> <span lang=\"FR\" style=\"mso-ansi-language: FR;\">\u00e0 la masse lors des grandes fun\u00e9railles des bobo ethnie<\/span> <span lang=\"FR\" style=\"mso-ansi-language: FR;\">majoritaire de la ville de Bobo-Dioulasso pour voir les<\/span> <span lang=\"FR\" style=\"mso-ansi-language: FR;\">masques traditionnels<\/span> <span lang=\"FR\" style=\"mso-ansi-language: FR;\">ex\u00e9cut\u00e9 des pas de danse<\/span> <span lang=\"FR\" style=\"mso-ansi-language: FR;\">traditionnelle et faire des acrobaties, s\u2019inspirant de ses<\/span> <span lang=\"FR\" style=\"mso-ansi-language: FR;\">ph\u00e9nom\u00e8nes<\/span> <span lang=\"FR\" style=\"mso-ansi-language: FR;\">culturelles, Brice Linda fit ses premiers<\/span> <span lang=\"FR\" style=\"mso-ansi-language: FR;\">pas dans le cirque en 2006 au lyc\u00e9e Ouezzin<\/span> <span lang=\"FR\" style=\"mso-ansi-language: FR;\">COULIBALY sous la formation de monsieur Dioma Prosp\u00e8re. Avec les connaissances re\u00e7ues, sa d\u00e9termination et sa grande maitrise de son corps, il\nfut plusieurs fois laur\u00e9at au championnat national de gymnastique de son pays.\nEn 2017, gr\u00e2ce \u00e0 ses talents d\u2019excellent acrobate, il est sollicit\u00e9 par le groupe de danse urbain les Pirates du 226 au sein duquel il participe et remporte la malta street dance 2017 et fut finaliste de la couleur\nvacance de la m\u00eame ann\u00e9e, tous deux des comp\u00e9titions de haut niveau. Par la\nsuite elle int\u00e8gre la compagnie Sya don d\u2019Issouf Sanou avec pour objectif d\u2019apprendre\nun nouveau style de danse qui n\u2019est autre que la danse contemporaine. Tout au long de son parcours, Brice \u00e0 re\u00e7u la formation de<\/span> <span lang=\"FR\" style=\"mso-ansi-language: FR;\">formateurs en cirque exp\u00e9riment\u00e9 tel que Fabien La Sala, Otto Camara, Issouf Zemani, et bien d\u2019autres. En danse contemporaine, il eut la chance d\u2019apprendre du chor\u00e9graphe Seydou Boro durant un stage de danse organis\u00e9 par le Centre de D\u00e9veloppement Chor\u00e9graphique CDC la termiti\u00e8re \u00e0 Ouagadougou, de Serge Aim\u00e9 Coulibaly lors d\u2019Ankata coaching.\nInspir\u00e9e par la personne du danseur et chor\u00e9graphe burkinab\u00e8 Salia Sanou, Brice\nsoutien la philosophie selon laquelle \u00ab Tout vient \u00e0 point nomm\u00e9 pour celui\/\ncelle qui cultive la patience\u00bb.<\/span>\n<p class=\"MsoNormal\"><span lang=\"FR\" style=\"mso-ansi-language: FR;\">\u00a0<\/span><\/p>","protected":false},"excerpt":{"rendered":"<p class=\"text-justify mb-2\" >\u00a0 Danseur, Circassien, Voltigeur Compagnie Dafra Cirque de Bobo-Dioulasso Contacts: +226 66468778 \/ 72637672 E-mail : Kaborebrice1994@gmail.com N\u00e9 \u00e0 Bobo-Dioulasso Delwend\u00e9 Brice Isma\u00ebl KABORE, est un danseur acrobate circassien et voltigeur burkinab\u00e8, membre de la compagnie de cr\u00e9ation et de promotion du cirque Dafra cirque. [&hellip;]<\/p>\n","protected":false},"author":3,"featured_media":4417,"parent":0,"menu_order":0,"comment_status":"closed","ping_status":"closed","template":"","meta":[],"_links":{"self":[{"href":"https:\/\/cultures.hautsbassins.bf\/index.php\/wp-json\/wp\/v2\/pages\/4325"}],"collection":[{"href":"https:\/\/cultures.hautsbassins.bf\/index.php\/wp-json\/wp\/v2\/pages"}],"about":[{"href":"https:\/\/cultures.hautsbassins.bf\/index.php\/wp-json\/wp\/v2\/types\/page"}],"author":[{"embeddable":true,"href":"https:\/\/cultures.hautsbassins.bf\/index.php\/wp-json\/wp\/v2\/users\/3"}],"replies":[{"embeddable":true,"href":"https:\/\/cultures.hautsbassins.bf\/index.php\/wp-json\/wp\/v2\/comments?post=4325"}],"version-history":[{"count":2,"href":"https:\/\/cultures.hautsbassins.bf\/index.php\/wp-json\/wp\/v2\/pages\/4325\/revisions"}],"predecessor-version":[{"id":4418,"href":"https:\/\/cultures.hautsbassins.bf\/index.php\/wp-json\/wp\/v2\/pages\/4325\/revisions\/4418"}],"wp:featuredmedia":[{"embeddable":true,"href":"https:\/\/cultures.hautsbassins.bf\/index.php\/wp-json\/wp\/v2\/media\/4417"}],"wp:attachment":[{"href":"https:\/\/cultures.hautsbassins.bf\/index.php\/wp-json\/wp\/v2\/media?parent=4325"}],"curies":[{"name":"wp","href":"https:\/\/api.w.org\/{rel}","templated":true}]}}