{"id":4332,"date":"2023-02-11T14:48:21","date_gmt":"2023-02-11T14:48:21","guid":{"rendered":"http:\/\/cultures.hautsbassins.bf\/?page_id=4332"},"modified":"2023-02-13T16:34:09","modified_gmt":"2023-02-13T16:34:09","slug":"david-ouedraogo","status":"publish","type":"page","link":"https:\/\/cultures.hautsbassins.bf\/index.php\/david-ouedraogo\/","title":{"rendered":"David OUEDRAOGO"},"content":{"rendered":"<span style=\"mso-ansi-language: FR;\" lang=\"FR\">Acrobate, Voltigeur, Circassien et Formateur<\/span>\n\n<!-- \/wp:paragraph --><!-- wp:paragraph -->\n\n<strong><span style=\"mso-ansi-language: FR;\" lang=\"FR\">Compagnie Dafra Cirque de Bobo-Dioulasso<\/span><\/strong>\n\n<!-- \/wp:paragraph --><!-- wp:paragraph -->\n\n<span style=\"mso-ansi-language: FR;\" lang=\"FR\">Contacts : (+226) 75 26 04 08 \/72177252\nE-mail : Acrocirque51@gmail.com<\/span>\n\n<!-- \/wp:paragraph -->\n<p class=\"MsoNormal\"><span style=\"mso-ansi-language: FR;\" lang=\"FR\">&nbsp;<\/span><\/p>\n<p class=\"MsoNormal\"><span style=\"mso-ansi-language: FR;\" lang=\"FR\">David OUEDRAOGO est un acrobate, voltigeur, circassien et formateur, au sein de la compagnie de\nrecherche et de cr\u00e9ation dans le domaine du<\/span> <span style=\"mso-ansi-language: FR;\" lang=\"FR\">cirque et de la chor\u00e9graphique Dafra Cirque du Burkina. il a suivi une formation de base<\/span> <span style=\"mso-ansi-language: FR;\" lang=\"FR\">en gymnastique acrobatique aupr\u00e8s de monsieur DIOMA Prosper, des stages et des formations en acrobatie et en danse\naupr\u00e8s d\u2019acrobates et de chor\u00e9graphes professionnels tels que Issa SANOU,\nEdouard DOUMBIA, Issouf ZEMANI, Issouf SANOU, Bienvenue BAZIE, Yaya SANOU et aupr\u00e8s de structures telles que Faso Cirque, ANKATA et l\u2019Institut Fran\u00e7ais de Bobo-Dioulasso,\nDavid a acquis assez d\u2019exp\u00e9riences pour dispenser des cours de gymnastique\nacrobatique \u00e0l\u2019institut fran\u00e7ais de Bobo-Dioulasso de 2019 \u00e0 2020 et \u00e0 l\u2019\u00e9cole Andr\u00e9 MALRAUX\nau profit des adolescents et des enfants amoureux de la gymnastique. En outre\nDavid est le pr\u00e9sident de la compagnie Dafra Cirque depuis 2015, d\u2019o\u00f9 il est \u00e9galement le costumier gr\u00e2ce\u00e0 ses talents de couturiers<\/span><span style=\"mso-ansi-language: #2000;\" lang=\"fr-BF\">.<\/span><\/p>","protected":false},"excerpt":{"rendered":"<p class=\"text-justify mb-2\" >Acrobate, Voltigeur, Circassien et Formateur Compagnie Dafra Cirque de Bobo-Dioulasso Contacts : (+226) 75 26 04 08 \/72177252 E-mail : Acrocirque51@gmail.com &nbsp; David OUEDRAOGO est un acrobate, voltigeur, circassien et formateur, au sein de la compagnie de recherche et de cr\u00e9ation dans le domaine du [&hellip;]<\/p>\n","protected":false},"author":3,"featured_media":4424,"parent":0,"menu_order":0,"comment_status":"closed","ping_status":"closed","template":"","meta":[],"_links":{"self":[{"href":"https:\/\/cultures.hautsbassins.bf\/index.php\/wp-json\/wp\/v2\/pages\/4332"}],"collection":[{"href":"https:\/\/cultures.hautsbassins.bf\/index.php\/wp-json\/wp\/v2\/pages"}],"about":[{"href":"https:\/\/cultures.hautsbassins.bf\/index.php\/wp-json\/wp\/v2\/types\/page"}],"author":[{"embeddable":true,"href":"https:\/\/cultures.hautsbassins.bf\/index.php\/wp-json\/wp\/v2\/users\/3"}],"replies":[{"embeddable":true,"href":"https:\/\/cultures.hautsbassins.bf\/index.php\/wp-json\/wp\/v2\/comments?post=4332"}],"version-history":[{"count":3,"href":"https:\/\/cultures.hautsbassins.bf\/index.php\/wp-json\/wp\/v2\/pages\/4332\/revisions"}],"predecessor-version":[{"id":4432,"href":"https:\/\/cultures.hautsbassins.bf\/index.php\/wp-json\/wp\/v2\/pages\/4332\/revisions\/4432"}],"wp:featuredmedia":[{"embeddable":true,"href":"https:\/\/cultures.hautsbassins.bf\/index.php\/wp-json\/wp\/v2\/media\/4424"}],"wp:attachment":[{"href":"https:\/\/cultures.hautsbassins.bf\/index.php\/wp-json\/wp\/v2\/media?parent=4332"}],"curies":[{"name":"wp","href":"https:\/\/api.w.org\/{rel}","templated":true}]}}