{"id":4381,"date":"2023-02-13T14:42:34","date_gmt":"2023-02-13T14:42:34","guid":{"rendered":"http:\/\/cultures.hautsbassins.bf\/?page_id=4381"},"modified":"2023-02-13T16:23:19","modified_gmt":"2023-02-13T16:23:19","slug":"moustapha-konate","status":"publish","type":"page","link":"https:\/\/cultures.hautsbassins.bf\/index.php\/moustapha-konate\/","title":{"rendered":"Moustapha KONATE"},"content":{"rendered":"\n<p>Danseur, Acrobate, Circassien<\/p>\n\n\n\n<p>Compagnie Dafra Cirque de Bobo-Dioulasso<\/p>\n\n\n\n<p>Contacts : 00 226 77-79-21-39 \/ 62-47-92-56<br>E-mail : dafracirque@gmail.com<\/p>\n\n\n\n<p class=\"has-medium-font-size\">Danseur acrobate circassien, directeur artistique et chor\u00e9graphe de la compagnie Dafra<br>Cirque, Moustapha KONATE est n\u00e9 en 1996 \u00e0 Bobo-Dioulasso au Burkina Faso. Il a suivi<br>une formation en gymnastique acrobatique au sein du groupe de circassien de monsieur<br>Prosp\u00e8re Dioma au lyc\u00e9e Ouezzin Coulibaly de Bobo-Dioulasso, il int\u00e8gre par la suite en<br>2015 la compagnie Dafra cirque o\u00f9 il poursuit sa formation et commence \u00e0 faire des<br>repr\u00e9sentations. Il suit des stages et des formations en acrobatie aupr\u00e8s d\u2019Issa SANOU,<br>Edouard DOUMBIA, Issouf ZEMANI, la compagnie 126 kilos fabien Lasala et en danse<br>aupr\u00e8s de chor\u00e9graphes professionnels tels Ir\u00e8ne TASSEMBEDO, Bienvenue BAZIE, Yaya<br>SANOU, Hardo KA, Moise TOURE Lassina KONE, Kodro Ange Aoussou Deuttman\u2026 Il a<br>dispens\u00e9 des cours de gymnastique acrobatique \u00e0 l\u2019institut fran\u00e7ais de Bobo-Dioulasso de 2016<br>\u00e0 2019 au profit des adolescents et des enfants. Il a particip\u00e9 en tant qu\u2019interpr\u00e8te sur la<br>cr\u00e9ation Yenenga legacy du chor\u00e9graphe Serge Aim\u00e9 Coulibaly, lors de la 27e\u00e9dition du<br>Fespaco en 2021 et la cr\u00e9ation Moussow anw danb\u00e9 du chor\u00e9graphe Issa SANOU VAPAJ 2022,<br>et au spectacle de restitution du projet L\u00f6nni de la structure Art au-del\u00e0 du Handicap de Yaya<br>Sanou. Moustapha a r\u00e9cemment chor\u00e9graphi\u00e9 la derni\u00e8re cr\u00e9ation chor\u00e9graphique de la<br>compagnie Dafra cirque intitul\u00e9 TAAMA dont la r\u00e9sidence de cr\u00e9ation s\u2019est tenue au studio<br>ANKATA du 03 au 09 Avril 2021.<\/p>\n","protected":false},"excerpt":{"rendered":"<p class=\"text-justify mb-2\" >Danseur, Acrobate, Circassien Compagnie Dafra Cirque de Bobo-Dioulasso Contacts : 00 226 77-79-21-39 \/ 62-47-92-56E-mail : dafracirque@gmail.com Danseur acrobate circassien, directeur artistique et chor\u00e9graphe de la compagnie DafraCirque, Moustapha KONATE est n\u00e9 en 1996 \u00e0 Bobo-Dioulasso au Burkina Faso. Il a suiviune formation en gymnastique [&hellip;]<\/p>\n","protected":false},"author":3,"featured_media":4427,"parent":0,"menu_order":0,"comment_status":"closed","ping_status":"closed","template":"","meta":[],"_links":{"self":[{"href":"https:\/\/cultures.hautsbassins.bf\/index.php\/wp-json\/wp\/v2\/pages\/4381"}],"collection":[{"href":"https:\/\/cultures.hautsbassins.bf\/index.php\/wp-json\/wp\/v2\/pages"}],"about":[{"href":"https:\/\/cultures.hautsbassins.bf\/index.php\/wp-json\/wp\/v2\/types\/page"}],"author":[{"embeddable":true,"href":"https:\/\/cultures.hautsbassins.bf\/index.php\/wp-json\/wp\/v2\/users\/3"}],"replies":[{"embeddable":true,"href":"https:\/\/cultures.hautsbassins.bf\/index.php\/wp-json\/wp\/v2\/comments?post=4381"}],"version-history":[{"count":1,"href":"https:\/\/cultures.hautsbassins.bf\/index.php\/wp-json\/wp\/v2\/pages\/4381\/revisions"}],"predecessor-version":[{"id":4383,"href":"https:\/\/cultures.hautsbassins.bf\/index.php\/wp-json\/wp\/v2\/pages\/4381\/revisions\/4383"}],"wp:featuredmedia":[{"embeddable":true,"href":"https:\/\/cultures.hautsbassins.bf\/index.php\/wp-json\/wp\/v2\/media\/4427"}],"wp:attachment":[{"href":"https:\/\/cultures.hautsbassins.bf\/index.php\/wp-json\/wp\/v2\/media?parent=4381"}],"curies":[{"name":"wp","href":"https:\/\/api.w.org\/{rel}","templated":true}]}}