{"id":4387,"date":"2023-02-13T15:02:45","date_gmt":"2023-02-13T15:02:45","guid":{"rendered":"http:\/\/cultures.hautsbassins.bf\/?page_id=4387"},"modified":"2023-02-16T12:42:37","modified_gmt":"2023-02-16T12:42:37","slug":"yves-achille-magloire-sanou","status":"publish","type":"page","link":"https:\/\/cultures.hautsbassins.bf\/index.php\/yves-achille-magloire-sanou\/","title":{"rendered":"Yves Achille Magloire SANOU"},"content":{"rendered":"\n<p class=\"has-medium-font-size\">Acrobate , Danseur, Slameur<br>Compagnie Dafra Cirque de Bobo-Dioulasso<br>contacts : +226 76679964 \/ 63178870 \/ 66001993<\/p>\n\n\n\n<p class=\"has-medium-font-size\">N\u00e9 \u00e0 Bobo-Dioulasso, au Burkina Faso, Yves Achille Magloire SANOU est danseur traditionnel bobo et acrobate au sein de la compagnie Dafra cirque du Burkina Faso \u00e2g\u00e9 de 22 ans, Achille a fait ses d\u00e9but en acrobatie d\u2019abord aupr\u00e8s de monsieur Dioma, puis au sein de la compagnie Dafra cirque qu\u2019il int\u00e8grera en 2018. Il a aussi suivi des stages en port\u00e9s acrobatique aupr\u00e8s de Fabien Lasala venu du CNAC de Chalon en Champagne, des stages en acrobaties aupr\u00e8s d\u2019Issouf Zemani, dipl\u00f4m\u00e9 du CNAC \u00e9galement, et aupr\u00e8s d\u2019Issa SANOU danseur et acrobate aupr\u00e8s de la compagnie Herv\u00e9 Koubi en France.<br>Il a suivi des stages de danse contemporaine aupr\u00e8s d\u2019Oumar DEME et d\u2019Aly COULIBALY et un stage en th\u00e9\u00e2tre et chant aupr\u00e8s de Moussa SANOU. Fort des exp\u00e9riences acquises durant sa formation au sein de sa compagnie et aupr\u00e8s de Faso Cirque, il dispense des cours gymnastiques acrobatique au sein de l\u2019\u00e9tablissement \u00e9vang\u00e9lique Abc School international \u00e0 l\u2019endroit des amateurs de la discipline.<br><\/p>\n\n\n\n<p><\/p>\n","protected":false},"excerpt":{"rendered":"<p class=\"text-justify mb-2\" >Acrobate , Danseur, SlameurCompagnie Dafra Cirque de Bobo-Dioulassocontacts : +226 76679964 \/ 63178870 \/ 66001993 N\u00e9 \u00e0 Bobo-Dioulasso, au Burkina Faso, Yves Achille Magloire SANOU est danseur traditionnel bobo et acrobate au sein de la compagnie Dafra cirque du Burkina Faso \u00e2g\u00e9 de 22 ans, [&hellip;]<\/p>\n","protected":false},"author":3,"featured_media":4406,"parent":0,"menu_order":0,"comment_status":"closed","ping_status":"closed","template":"","meta":[],"_links":{"self":[{"href":"https:\/\/cultures.hautsbassins.bf\/index.php\/wp-json\/wp\/v2\/pages\/4387"}],"collection":[{"href":"https:\/\/cultures.hautsbassins.bf\/index.php\/wp-json\/wp\/v2\/pages"}],"about":[{"href":"https:\/\/cultures.hautsbassins.bf\/index.php\/wp-json\/wp\/v2\/types\/page"}],"author":[{"embeddable":true,"href":"https:\/\/cultures.hautsbassins.bf\/index.php\/wp-json\/wp\/v2\/users\/3"}],"replies":[{"embeddable":true,"href":"https:\/\/cultures.hautsbassins.bf\/index.php\/wp-json\/wp\/v2\/comments?post=4387"}],"version-history":[{"count":2,"href":"https:\/\/cultures.hautsbassins.bf\/index.php\/wp-json\/wp\/v2\/pages\/4387\/revisions"}],"predecessor-version":[{"id":4410,"href":"https:\/\/cultures.hautsbassins.bf\/index.php\/wp-json\/wp\/v2\/pages\/4387\/revisions\/4410"}],"wp:featuredmedia":[{"embeddable":true,"href":"https:\/\/cultures.hautsbassins.bf\/index.php\/wp-json\/wp\/v2\/media\/4406"}],"wp:attachment":[{"href":"https:\/\/cultures.hautsbassins.bf\/index.php\/wp-json\/wp\/v2\/media?parent=4387"}],"curies":[{"name":"wp","href":"https:\/\/api.w.org\/{rel}","templated":true}]}}