{"id":4435,"date":"2023-02-13T16:41:01","date_gmt":"2023-02-13T16:41:01","guid":{"rendered":"http:\/\/cultures.hautsbassins.bf\/?page_id=4435"},"modified":"2023-02-13T16:41:01","modified_gmt":"2023-02-13T16:41:01","slug":"sa-fawzi-traore","status":"publish","type":"page","link":"https:\/\/cultures.hautsbassins.bf\/index.php\/sa-fawzi-traore\/","title":{"rendered":"Sa Fawzi TRAORE"},"content":{"rendered":"\n<p>Acrobate, Danseur<\/p>\n\n\n\n<p>Compagnie Dafra Cirque de Bobo-Dioulasso<\/p>\n\n\n\n<p>Contact : +226 07 46 75 17<\/p>\n\n\n\n<p>E-mail : dafracirque@gmail.com<\/p>\n\n\n\n<p class=\"has-medium-font-size\">Issu de la belle cit\u00e9 de Sya (Bobo-Dioulasso) au Burkina Faso, Sa Fawzi Traor\u00e9 est un acrobate, danseur urbain et contemporain, titulaire d\u2019une attestation de formation du projet l\u00f6nni sur 18 mois de formation en danse contemporaine et en outillage chor\u00e9graphique de la structure Art au-del\u00e0 du Handicap de Yaya Sanou. Il \u00e0 commencer la danse au sein du groupe les tous petits de Sarfalao en classe de CE2 avec la comp\u00e9tition interscolaire fitini show 2014, qui se concr\u00e9tisa avec leur victoire. Ils poursuivirent la comp\u00e9tition en 2015 et 2016 o\u00f9 ils occup\u00e8rent successivement la deuxi\u00e8me et la quatri\u00e8me place. Une fois au lyc\u00e9e Municipal Vinama Thi\u00e9mounou Djibril de Bobo-Dioulasso, il participa successivement en 2017 et en 2018 aux jumelages des lyc\u00e9es et coll\u00e8ges de Burkina et du Mali, dont trois Etablissements Burkinab\u00e8 et sept du Mali se retrouvaient sur des activit\u00e9s \u00e9ducatives, sportives et culturelle. En dehors du cadre scolaire, Fawzi \u00e9voluait au sein du groupe de danse Urbain Ninja king\u2019s, qui a \u00e9t\u00e9 demi-finaliste malheureux en 2020 et en 2021. Cependant, il remporte ladite comp\u00e9tition en 2022 au sein du groupe new school danceur d\u2019Ousmane Diallo qui lui a fait appel pour ses talents d\u2019acrobate et de bon danseur.<\/p>\n","protected":false},"excerpt":{"rendered":"<p class=\"text-justify mb-2\" >Acrobate, Danseur Compagnie Dafra Cirque de Bobo-Dioulasso Contact : +226 07 46 75 17 E-mail : dafracirque@gmail.com Issu de la belle cit\u00e9 de Sya (Bobo-Dioulasso) au Burkina Faso, Sa Fawzi Traor\u00e9 est un acrobate, danseur urbain et contemporain, titulaire d\u2019une attestation de formation du projet [&hellip;]<\/p>\n","protected":false},"author":3,"featured_media":4437,"parent":0,"menu_order":0,"comment_status":"closed","ping_status":"closed","template":"","meta":[],"_links":{"self":[{"href":"https:\/\/cultures.hautsbassins.bf\/index.php\/wp-json\/wp\/v2\/pages\/4435"}],"collection":[{"href":"https:\/\/cultures.hautsbassins.bf\/index.php\/wp-json\/wp\/v2\/pages"}],"about":[{"href":"https:\/\/cultures.hautsbassins.bf\/index.php\/wp-json\/wp\/v2\/types\/page"}],"author":[{"embeddable":true,"href":"https:\/\/cultures.hautsbassins.bf\/index.php\/wp-json\/wp\/v2\/users\/3"}],"replies":[{"embeddable":true,"href":"https:\/\/cultures.hautsbassins.bf\/index.php\/wp-json\/wp\/v2\/comments?post=4435"}],"version-history":[{"count":1,"href":"https:\/\/cultures.hautsbassins.bf\/index.php\/wp-json\/wp\/v2\/pages\/4435\/revisions"}],"predecessor-version":[{"id":4439,"href":"https:\/\/cultures.hautsbassins.bf\/index.php\/wp-json\/wp\/v2\/pages\/4435\/revisions\/4439"}],"wp:featuredmedia":[{"embeddable":true,"href":"https:\/\/cultures.hautsbassins.bf\/index.php\/wp-json\/wp\/v2\/media\/4437"}],"wp:attachment":[{"href":"https:\/\/cultures.hautsbassins.bf\/index.php\/wp-json\/wp\/v2\/media?parent=4435"}],"curies":[{"name":"wp","href":"https:\/\/api.w.org\/{rel}","templated":true}]}}