{"id":4444,"date":"2023-02-13T16:49:45","date_gmt":"2023-02-13T16:49:45","guid":{"rendered":"http:\/\/cultures.hautsbassins.bf\/?page_id=4444"},"modified":"2023-02-14T09:16:42","modified_gmt":"2023-02-14T09:16:42","slug":"therese-soma","status":"publish","type":"page","link":"https:\/\/cultures.hautsbassins.bf\/index.php\/therese-soma\/","title":{"rendered":"Th\u00e9r\u00e8se SOMA"},"content":{"rendered":"\n<p>Artiste, Acrobate, Danseuse<\/p>\n\n\n\n<p>Compagnie Dafra Cirque de Bobo-Dioulasso<\/p>\n\n\n\n<p>Contact: 00 226 57 98 91 61<\/p>\n\n\n\n<p class=\"has-medium-font-size\">Danseuse et acrobate professionnelle, SOMA Th\u00e9r\u00e8se est N\u00e9 le 31 Octobre 2002 \u00e0 Bobo-Dioulasso. Elle int\u00e8gre la compagnie de cr\u00e9ation chor\u00e9graphique Sya Don du Burkina en 2O2O, apr\u00e8s 33ans de formation au sein de la m\u00eame compagnie. Par ailleurs, elle a \u00e9t\u00e9 membre du groupe de danse urbain la fresh-gang 226 pendant une ann\u00e9e avant de s\u2019inscrire pour une formation professionnelle en gymnastique acrobatique au sein de la compagnie Dafra cirque aupr\u00e8s de professionnels tels qu\u2019Issa SANOU et Issouf ZEMANI. Elle a \u00e9galement fait des stages et formations en danse contemporaine aupr\u00e8s de chor\u00e9graphes professionnels tels que Pascal KABORE, Bienvenue BAZIE, Yaya SANOU et bien d\u2019autres. Elle est \u00e9galement membre du groupe de danse urbain la FRESH-GANG de Bobo-Dioulasso depuis 2019. Th\u00e9r\u00e8se a r\u00e9cemment jou\u00e9 dans la derni\u00e8re cr\u00e9ation chor\u00e9graphique de la compagnie Dafra cirque intitul\u00e9 DOUSSOU KASSI dont la r\u00e9sidence de cr\u00e9ation s\u2019est tenue au grand studio d\u2019ANKATA du 03 au 09 Avril 2021.<\/p>\n","protected":false},"excerpt":{"rendered":"<p class=\"text-justify mb-2\" >Artiste, Acrobate, Danseuse Compagnie Dafra Cirque de Bobo-Dioulasso Contact: 00 226 57 98 91 61 Danseuse et acrobate professionnelle, SOMA Th\u00e9r\u00e8se est N\u00e9 le 31 Octobre 2002 \u00e0 Bobo-Dioulasso. Elle int\u00e8gre la compagnie de cr\u00e9ation chor\u00e9graphique Sya Don du Burkina en 2O2O, apr\u00e8s 33ans de [&hellip;]<\/p>\n","protected":false},"author":3,"featured_media":4445,"parent":0,"menu_order":0,"comment_status":"closed","ping_status":"closed","template":"","meta":[],"_links":{"self":[{"href":"https:\/\/cultures.hautsbassins.bf\/index.php\/wp-json\/wp\/v2\/pages\/4444"}],"collection":[{"href":"https:\/\/cultures.hautsbassins.bf\/index.php\/wp-json\/wp\/v2\/pages"}],"about":[{"href":"https:\/\/cultures.hautsbassins.bf\/index.php\/wp-json\/wp\/v2\/types\/page"}],"author":[{"embeddable":true,"href":"https:\/\/cultures.hautsbassins.bf\/index.php\/wp-json\/wp\/v2\/users\/3"}],"replies":[{"embeddable":true,"href":"https:\/\/cultures.hautsbassins.bf\/index.php\/wp-json\/wp\/v2\/comments?post=4444"}],"version-history":[{"count":1,"href":"https:\/\/cultures.hautsbassins.bf\/index.php\/wp-json\/wp\/v2\/pages\/4444\/revisions"}],"predecessor-version":[{"id":4446,"href":"https:\/\/cultures.hautsbassins.bf\/index.php\/wp-json\/wp\/v2\/pages\/4444\/revisions\/4446"}],"wp:featuredmedia":[{"embeddable":true,"href":"https:\/\/cultures.hautsbassins.bf\/index.php\/wp-json\/wp\/v2\/media\/4445"}],"wp:attachment":[{"href":"https:\/\/cultures.hautsbassins.bf\/index.php\/wp-json\/wp\/v2\/media?parent=4444"}],"curies":[{"name":"wp","href":"https:\/\/api.w.org\/{rel}","templated":true}]}}