{"id":4884,"date":"2023-04-17T17:47:59","date_gmt":"2023-04-17T17:47:59","guid":{"rendered":"http:\/\/cultures.hautsbassins.bf\/?page_id=4884"},"modified":"2023-04-17T17:51:29","modified_gmt":"2023-04-17T17:51:29","slug":"ce-site-web-denomme-portail-culturel-de-la-region-des-hauts-bassins-met-en-lumiere-les-importants-savoirs-et-savoir-faire-des-acteurs-de-la-culture-et-du-tourisme-il-presente-egalement","status":"publish","type":"page","link":"https:\/\/cultures.hautsbassins.bf\/index.php\/ce-site-web-denomme-portail-culturel-de-la-region-des-hauts-bassins-met-en-lumiere-les-importants-savoirs-et-savoir-faire-des-acteurs-de-la-culture-et-du-tourisme-il-presente-egalement\/","title":{"rendered":"A propos"},"content":{"rendered":"\n<p><strong>Ce site web d\u00e9nomm\u00e9 \u00ab Portail culturel de la R\u00e9gion des Hauts-Bassins \u00bb met en lumi\u00e8re les importants savoirs et savoir-faire des acteurs de la culture et du tourisme. Il pr\u00e9sente \u00e9galement les diff\u00e9rentes fili\u00e8res du secteur de la culture, les acteurs qui les animent ainsi que les grands \u00e9v\u00e9nements culturels de la r\u00e9gion des Hauts-Bassins. Ce portail cofinanc\u00e9 par l\u2019Union europ\u00e9enne dans le cadre du Programme d\u2019Appui aux Industries Cr\u00e9atives et \u00e0 la Gouvernance de la Culture (PAIC GC) s\u2019inscrit dans la mise en \u0153uvre de la Strat\u00e9gie R\u00e9gionale de la Culture et de son Economie (SRCE).<\/strong><\/p>\n","protected":false},"excerpt":{"rendered":"<p class=\"text-justify mb-2\" >Ce site web d\u00e9nomm\u00e9 \u00ab Portail culturel de la R\u00e9gion des Hauts-Bassins \u00bb met en lumi\u00e8re les importants savoirs et savoir-faire des acteurs de la culture et du tourisme. Il pr\u00e9sente \u00e9galement les diff\u00e9rentes fili\u00e8res du secteur de la culture, les acteurs qui les animent [&hellip;]<\/p>\n","protected":false},"author":5,"featured_media":0,"parent":0,"menu_order":0,"comment_status":"closed","ping_status":"closed","template":"","meta":[],"_links":{"self":[{"href":"https:\/\/cultures.hautsbassins.bf\/index.php\/wp-json\/wp\/v2\/pages\/4884"}],"collection":[{"href":"https:\/\/cultures.hautsbassins.bf\/index.php\/wp-json\/wp\/v2\/pages"}],"about":[{"href":"https:\/\/cultures.hautsbassins.bf\/index.php\/wp-json\/wp\/v2\/types\/page"}],"author":[{"embeddable":true,"href":"https:\/\/cultures.hautsbassins.bf\/index.php\/wp-json\/wp\/v2\/users\/5"}],"replies":[{"embeddable":true,"href":"https:\/\/cultures.hautsbassins.bf\/index.php\/wp-json\/wp\/v2\/comments?post=4884"}],"version-history":[{"count":3,"href":"https:\/\/cultures.hautsbassins.bf\/index.php\/wp-json\/wp\/v2\/pages\/4884\/revisions"}],"predecessor-version":[{"id":4889,"href":"https:\/\/cultures.hautsbassins.bf\/index.php\/wp-json\/wp\/v2\/pages\/4884\/revisions\/4889"}],"wp:attachment":[{"href":"https:\/\/cultures.hautsbassins.bf\/index.php\/wp-json\/wp\/v2\/media?parent=4884"}],"curies":[{"name":"wp","href":"https:\/\/api.w.org\/{rel}","templated":true}]}}