{"id":4926,"date":"2023-04-22T13:04:15","date_gmt":"2023-04-22T13:04:15","guid":{"rendered":"http:\/\/cultures.hautsbassins.bf\/?page_id=4926"},"modified":"2023-04-22T13:04:16","modified_gmt":"2023-04-22T13:04:16","slug":"yaya-ouattara","status":"publish","type":"page","link":"https:\/\/cultures.hautsbassins.bf\/index.php\/yaya-ouattara\/","title":{"rendered":"Yaya OUATTARA,"},"content":{"rendered":"\n<p><strong>Percussionniste <\/strong><\/p>\n\n\n\n<p><\/p>\n\n\n\n<p>Balafoniste et Percussionniste Yaya OUATARA est initi\u00e9 tr\u00e8s jeune \u00e0 cette musique traditionnelle issue de la r\u00e9gion des Dioulas. En 1990, alors \u00e2g\u00e9 de 19 ans, Yaya Ouattara se voit propuls\u00e9 sur la sc\u00e8ne internationale, lorsqu\u2019il int\u00e9gra le \u00a0c\u00e9l\u00e8bre groupe burkinab\u00e8 Farafina,\u00a0qui offre pendant des d\u00e9cennies des prestations sur les plus grandes sc\u00e8nes europ\u00e9ennes et mondiales avec Mahama KONATE, Paco YE, Mani etc. \u00a0Concerts et exp\u00e9riences musicales diverses se succ\u00e8dent et les collaborations sont nombreuses et vari\u00e9es : une tourn\u00e9e Womad, un album produit par RealWorld dans les studios de Peter Gabriel, une cr\u00e9ation avec l&#8217;instrumentarium monumental de Robert H\u00e9brard, pr\u00e9sent\u00e9e \u00e0 Grenoble en 1994 lors du festival 38\u00e8 Rugissants. Une autre cr\u00e9ation lors du Montreux Jazz Festival, se compose autour d&#8217;un quintet de jazz emmen\u00e9 par le pianiste Malcolm Braff et form\u00e9, entre autres, de Paolo Fresu \u00e0 la trompette et Djamel Ben Yelles, le violoniste virtuose de la musique ra\u00ef. Il collabore \u00e9galement avec des noms tels que Moctar Samba, Karim Ziad, Simon Gouber, \u00c9ric truffaz, B\u00e4nz oester, Art ensemble of Chicago et Octuor violoncelle de Paris. Apr\u00e8s quelques ann\u00e9es de pause, bas\u00e9 dans sa ville, il se consacre ainsi \u00e0 la formation de jeunes musiciens talentueux et d\u00e9veloppe le projet de l\u2019Ensemble Artistique de Bolomakot\u00e9, en tant que compositeur et directeur de la troupe. Il participe au FESPAD (festival Panafricain de danse), \u00e0 Kigali, Rwanda en compagnie de\u00a0la d\u00e9l\u00e9gation du Ministre de la Culture des Arts et du Tourisme du Burkina Faso.<\/p>\n\n\n\n<p><a href=\"https:\/\/www.facebook.com\/ensemblebolomakote\/\">Facebook<\/a><\/p>\n","protected":false},"excerpt":{"rendered":"<p class=\"text-justify mb-2\" >Percussionniste Balafoniste et Percussionniste Yaya OUATARA est initi\u00e9 tr\u00e8s jeune \u00e0 cette musique traditionnelle issue de la r\u00e9gion des Dioulas. En 1990, alors \u00e2g\u00e9 de 19 ans, Yaya Ouattara se voit propuls\u00e9 sur la sc\u00e8ne internationale, lorsqu\u2019il int\u00e9gra le \u00a0c\u00e9l\u00e8bre groupe burkinab\u00e8 Farafina,\u00a0qui offre pendant [&hellip;]<\/p>\n","protected":false},"author":5,"featured_media":4927,"parent":0,"menu_order":0,"comment_status":"closed","ping_status":"closed","template":"","meta":[],"_links":{"self":[{"href":"https:\/\/cultures.hautsbassins.bf\/index.php\/wp-json\/wp\/v2\/pages\/4926"}],"collection":[{"href":"https:\/\/cultures.hautsbassins.bf\/index.php\/wp-json\/wp\/v2\/pages"}],"about":[{"href":"https:\/\/cultures.hautsbassins.bf\/index.php\/wp-json\/wp\/v2\/types\/page"}],"author":[{"embeddable":true,"href":"https:\/\/cultures.hautsbassins.bf\/index.php\/wp-json\/wp\/v2\/users\/5"}],"replies":[{"embeddable":true,"href":"https:\/\/cultures.hautsbassins.bf\/index.php\/wp-json\/wp\/v2\/comments?post=4926"}],"version-history":[{"count":1,"href":"https:\/\/cultures.hautsbassins.bf\/index.php\/wp-json\/wp\/v2\/pages\/4926\/revisions"}],"predecessor-version":[{"id":4928,"href":"https:\/\/cultures.hautsbassins.bf\/index.php\/wp-json\/wp\/v2\/pages\/4926\/revisions\/4928"}],"wp:featuredmedia":[{"embeddable":true,"href":"https:\/\/cultures.hautsbassins.bf\/index.php\/wp-json\/wp\/v2\/media\/4927"}],"wp:attachment":[{"href":"https:\/\/cultures.hautsbassins.bf\/index.php\/wp-json\/wp\/v2\/media?parent=4926"}],"curies":[{"name":"wp","href":"https:\/\/api.w.org\/{rel}","templated":true}]}}