{"id":5341,"date":"2024-06-04T16:44:36","date_gmt":"2024-06-04T16:44:36","guid":{"rendered":"https:\/\/cultures.hautsbassins.bf\/?page_id=5341"},"modified":"2024-06-04T16:47:19","modified_gmt":"2024-06-04T16:47:19","slug":"capitalisation-de-lexperience-pilote-de-de-la-decentralisation-culturelle-dans-la-region-des-hauts-bassins-07-juin-2024","status":"publish","type":"page","link":"https:\/\/cultures.hautsbassins.bf\/index.php\/capitalisation-de-lexperience-pilote-de-de-la-decentralisation-culturelle-dans-la-region-des-hauts-bassins-07-juin-2024\/","title":{"rendered":"Capitalisation de l&#8217;exp\u00e9rience pilote de de la d\u00e9centralisation culturelle dans la R\u00e9gion des Hauts-Bassins 07 juin 2024"},"content":{"rendered":"\n<p>Sous la pr\u00e9sidence du Ministre d\u2019\u00c9tat, Ministre de la Communication, de la Culture, des Arts et du Tourisme, le Conseil r\u00e9gional des Hauts-Bassins organise un atelier de capitalisation&nbsp;de la phase pilote de la d\u00e9centralisation culturelle au Burkina Faso. Cette exp\u00e9rience&nbsp;pilote qui s&#8217;est d\u00e9roul\u00e9e dans la R\u00e9gion des Hauts-Bassins a \u00e9t\u00e9&nbsp;conduite dans le cadre de la mise en \u0153uvre&nbsp;du Programme d&#8217;Appui aux Industries Cr\u00e9atives et \u00e0 la Gouvernance de la Culture, avec l&#8217;accompagnement financier de l&#8217;Union europ\u00e9enne. Cet atelier qui se tiendra \u00e0 Bobo-Dioulasso permettra au Conseil r\u00e9gional&nbsp;de Hauts-Bassins de pr\u00e9senter&nbsp;les r\u00e9sultats des quatre&nbsp;(04) ann\u00e9es de mise en \u0153uvre&nbsp;de cette politique aux participants venus des douze (12) autres r\u00e9gions&nbsp;du Burkina Faso.<\/p>\n","protected":false},"excerpt":{"rendered":"<p class=\"text-justify mb-2\" >Sous la pr\u00e9sidence du Ministre d\u2019\u00c9tat, Ministre de la Communication, de la Culture, des Arts et du Tourisme, le Conseil r\u00e9gional des Hauts-Bassins organise un atelier de capitalisation&nbsp;de la phase pilote de la d\u00e9centralisation culturelle au Burkina Faso. Cette exp\u00e9rience&nbsp;pilote qui s&#8217;est d\u00e9roul\u00e9e dans la [&hellip;]<\/p>\n","protected":false},"author":5,"featured_media":5339,"parent":0,"menu_order":0,"comment_status":"closed","ping_status":"closed","template":"","meta":[],"_links":{"self":[{"href":"https:\/\/cultures.hautsbassins.bf\/index.php\/wp-json\/wp\/v2\/pages\/5341"}],"collection":[{"href":"https:\/\/cultures.hautsbassins.bf\/index.php\/wp-json\/wp\/v2\/pages"}],"about":[{"href":"https:\/\/cultures.hautsbassins.bf\/index.php\/wp-json\/wp\/v2\/types\/page"}],"author":[{"embeddable":true,"href":"https:\/\/cultures.hautsbassins.bf\/index.php\/wp-json\/wp\/v2\/users\/5"}],"replies":[{"embeddable":true,"href":"https:\/\/cultures.hautsbassins.bf\/index.php\/wp-json\/wp\/v2\/comments?post=5341"}],"version-history":[{"count":2,"href":"https:\/\/cultures.hautsbassins.bf\/index.php\/wp-json\/wp\/v2\/pages\/5341\/revisions"}],"predecessor-version":[{"id":5343,"href":"https:\/\/cultures.hautsbassins.bf\/index.php\/wp-json\/wp\/v2\/pages\/5341\/revisions\/5343"}],"wp:featuredmedia":[{"embeddable":true,"href":"https:\/\/cultures.hautsbassins.bf\/index.php\/wp-json\/wp\/v2\/media\/5339"}],"wp:attachment":[{"href":"https:\/\/cultures.hautsbassins.bf\/index.php\/wp-json\/wp\/v2\/media?parent=5341"}],"curies":[{"name":"wp","href":"https:\/\/api.w.org\/{rel}","templated":true}]}}